{"id":3918,"date":"2019-10-27T13:14:22","date_gmt":"2019-10-27T12:14:22","guid":{"rendered":"https:\/\/breville-nordic.com\/home\/"},"modified":"2022-10-04T14:21:48","modified_gmt":"2022-10-04T12:21:48","slug":"home","status":"publish","type":"page","link":"https:\/\/breville-nordic.com\/da\/","title":{"rendered":"Home"},"content":{"rendered":"\n<div class=\"slider-wrapper relative\" id=\"slider-1306225080\" >\n    <div class=\"slider slider-nav-circle slider-nav-large slider-nav-light slider-style-normal\"\n        data-flickity-options='{\n            \"cellAlign\": \"center\",\n            \"imagesLoaded\": true,\n            \"lazyLoad\": 1,\n            \"freeScroll\": false,\n            \"wrapAround\": true,\n            \"autoPlay\": 6000,\n            \"pauseAutoPlayOnHover\" : true,\n            \"prevNextButtons\": true,\n            \"contain\" : true,\n            \"adaptiveHeight\" : true,\n            \"dragThreshold\" : 10,\n            \"percentPosition\": true,\n            \"pageDots\": true,\n            \"rightToLeft\": false,\n            \"draggable\": true,\n            \"selectedAttraction\": 0.1,\n            \"parallax\" : 0,\n            \"friction\": 0.6        }'\n        >\n        \n\n\n  <div class=\"banner has-hover\" id=\"banner-1291676929\">\n          <div class=\"banner-inner fill\">\n        <div class=\"banner-bg fill\" >\n            <img loading=\"lazy\" decoding=\"async\" width=\"4044\" height=\"2330\" src=\"https:\/\/breville-nordic.com\/wp-content\/uploads\/2022\/10\/peter3.png\" class=\"bg attachment-original size-original\" alt=\"\" \/>                                    \n                    <\/div>\n\t\t\n        <div class=\"banner-layers container\">\n            <a class=\"fill\" href=\"https:\/\/breville-nordic.com\/da\/baristaschool\/\"><div class=\"fill banner-link\"><\/div><\/a>            \n\n   <div id=\"text-box-1630725491\" class=\"text-box banner-layer show-for-small x10 md-x10 lg-x10 y50 md-y50 lg-y50 res-text\">\n                                <div class=\"text-box-content text dark text-shadow-2\">\n              \n              <div class=\"text-inner text-left\">\n                  \n\n\n              <\/div>\n           <\/div>\n                            \n<style>\n#text-box-1630725491 {\n  width: 80%;\n}\n#text-box-1630725491 .text-box-content {\n  font-size: 100%;\n}\n@media (min-width:550px) {\n  #text-box-1630725491 {\n    width: 50%;\n  }\n}\n<\/style>\n    <\/div>\n \n\n        <\/div>\n      <\/div>\n\n            \n<style>\n#banner-1291676929 {\n  padding-top: 56.25%;\n}\n#banner-1291676929 .banner-bg img {\n  object-position: 70% 2%;\n}\n@media (min-width:550px) {\n  #banner-1291676929 {\n    padding-top: 600px;\n  }\n}\n<\/style>\n  <\/div>\n\n\n\n  <div class=\"banner has-hover\" id=\"banner-1211760860\">\n          <div class=\"banner-inner fill\">\n        <div class=\"banner-bg fill\" >\n            <img loading=\"lazy\" decoding=\"async\" width=\"1020\" height=\"416\" src=\"https:\/\/breville-nordic.com\/wp-content\/uploads\/2019\/11\/BR203025_Mostra_kettle_toaster_milj\u00f6_1-1024x418.jpg\" class=\"bg attachment-large size-large\" alt=\"Gr\u00e5 vattenkokare och br\u00f6drost p\u00e5 ett modernt k\u00f6ksbord.\" \/>                                    \n                    <\/div>\n\t\t\n        <div class=\"banner-layers container\">\n            <div class=\"fill banner-link\"><\/div>            \n\n   <div id=\"text-box-1373910350\" class=\"text-box banner-layer x10 md-x10 lg-x10 y50 md-y50 lg-y50 res-text\">\n                     <div data-animate=\"fadeInUp\">           <div class=\"text-box-content text dark text-shadow-2\">\n              \n              <div class=\"text-inner text-left\">\n                  \n\n\t<div id=\"text-2769284891\" class=\"text\">\n\t\t\n\n<h2 class=\"uppercase\">OPLEV VORES SERIER<\/h2>\n\t\t\n<style>\n#text-2769284891 {\n  font-size: 0.75rem;\n}\n@media (min-width:550px) {\n  #text-2769284891 {\n    font-size: 1rem;\n  }\n}\n<\/style>\n\t<\/div>\n\t\n\t<div id=\"text-1184989865\" class=\"text\">\n\t\t\n\n<p>Mostra, New York, Style och High Gloss<\/p>\n\t\t\n<style>\n#text-1184989865 {\n  font-size: 1rem;\n}\n<\/style>\n\t<\/div>\n\t\n<a href=\"https:\/\/breville-nordic.com\/da\/produktserie-exempel\/\" class=\"button white is-outline\" >\n\t\t<span>L\u00e6s mere<\/span>\n\t<\/a>\n\n\n\n              <\/div>\n           <\/div>\n       <\/div>                     \n<style>\n#text-box-1373910350 {\n  width: 80%;\n}\n#text-box-1373910350 .text-box-content {\n  font-size: 100%;\n}\n@media (min-width:550px) {\n  #text-box-1373910350 {\n    width: 50%;\n  }\n}\n<\/style>\n    <\/div>\n \n\n        <\/div>\n      <\/div>\n\n            \n<style>\n#banner-1211760860 {\n  padding-top: 99.99%;\n}\n#banner-1211760860 .overlay {\n  background-color: rgba(0,0,0,.5);\n}\n#banner-1211760860 .banner-bg img {\n  object-position: 45% 0%;\n}\n@media (min-width:550px) {\n  #banner-1211760860 {\n    padding-top: 600px;\n  }\n}\n<\/style>\n  <\/div>\n\n\n\n  <div class=\"banner has-hover\" id=\"banner-522744732\">\n          <div class=\"banner-inner fill\">\n        <div class=\"banner-bg fill\" >\n            <img loading=\"lazy\" decoding=\"async\" width=\"1020\" height=\"574\" src=\"https:\/\/breville-nordic.com\/wp-content\/uploads\/2019\/12\/bonding-cozy-dog-1024x576.jpg\" class=\"bg attachment-large size-large\" alt=\"Par njuter av kaffe med mops utomhus en kylig dag.\" \/>                        <div class=\"overlay\"><\/div>            \n                    <\/div>\n\t\t\n        <div class=\"banner-layers container\">\n            <div class=\"fill banner-link\"><\/div>            \n\n   <div id=\"text-box-1010792552\" class=\"text-box banner-layer x10 md-x10 lg-x10 y50 md-y50 lg-y50 res-text\">\n                     <div data-animate=\"fadeInUp\">           <div class=\"text-box-content text dark text-shadow-2\">\n              \n              <div class=\"text-inner text-left\">\n                  \n\n\t<div id=\"text-345174576\" class=\"text\">\n\t\t\n\n<h2 class=\"uppercase\">kaffepause<\/h2>\n\t\t\n<style>\n#text-345174576 {\n  font-size: 0.75rem;\n}\n@media (min-width:550px) {\n  #text-345174576 {\n    font-size: 1rem;\n  }\n}\n<\/style>\n\t<\/div>\n\t\n\t<div id=\"text-1386485487\" class=\"text\">\n\t\t\n\n<p>Nyd en god kop kaffe sammen med gode venner.<\/p>\n\t\t\n<style>\n#text-1386485487 {\n  font-size: 1rem;\n}\n<\/style>\n\t<\/div>\n\t\n<a href=\"https:\/\/breville-nordic.com\/da\/produktkategori-da\/kaffemaskiner\/\" class=\"button white is-outline\" >\n\t\t<span>L\u00e6s mere<\/span>\n\t<\/a>\n\n\n\n              <\/div>\n           <\/div>\n       <\/div>                     \n<style>\n#text-box-1010792552 {\n  width: 80%;\n}\n#text-box-1010792552 .text-box-content {\n  font-size: 100%;\n}\n@media (min-width:550px) {\n  #text-box-1010792552 {\n    width: 50%;\n  }\n}\n<\/style>\n    <\/div>\n \n\n        <\/div>\n      <\/div>\n\n            \n<style>\n#banner-522744732 {\n  padding-top: 99.99%;\n}\n#banner-522744732 .overlay {\n  background-color: rgba(0,0,0,.5);\n}\n@media (min-width:550px) {\n  #banner-522744732 {\n    padding-top: 600px;\n  }\n}\n<\/style>\n  <\/div>\n\n\n\n  <div class=\"banner has-hover\" id=\"banner-1389176373\">\n          <div class=\"banner-inner fill\">\n        <div class=\"banner-bg fill\" >\n            <img loading=\"lazy\" decoding=\"async\" width=\"1020\" height=\"574\" src=\"https:\/\/breville-nordic.com\/wp-content\/uploads\/2020\/09\/snyggbild_ny-1024x576.png\" class=\"bg attachment-large size-large\" alt=\"\" \/>                                    \n                    <\/div>\n\t\t\n        <div class=\"banner-layers container\">\n            <div class=\"fill banner-link\"><\/div>            \n\n   <div id=\"text-box-306810336\" class=\"text-box banner-layer x10 md-x10 lg-x10 y50 md-y50 lg-y50 res-text\">\n                     <div data-animate=\"fadeInUp\">           <div class=\"text-box-content text dark\">\n              \n              <div class=\"text-inner text-left\">\n                  \n\n\t<div id=\"text-48176077\" class=\"text\">\n\t\t\n\n<h2 class=\"uppercase\" style=\"text-align: left;\">oplev den NYe BARISTA MAX<\/h2>\n\t\t\n<style>\n#text-48176077 {\n  font-size: 0.75rem;\n}\n@media (min-width:550px) {\n  #text-48176077 {\n    font-size: 1rem;\n  }\n}\n<\/style>\n\t<\/div>\n\t\n\t<div id=\"text-827650701\" class=\"text\">\n\t\t\n\n<p style=\"text-align: left;\">Velsmagende kaffe hver gang med Brevilles nye kaffemaskiner.<\/p>\n\t\t\n<style>\n#text-827650701 {\n  font-size: 1rem;\n}\n<\/style>\n\t<\/div>\n\t\n<a href=\"https:\/\/breville-nordic.com\/da\/produkt\/barista-espresso-max-kaffemaskin\/\" class=\"button white is-outline\" >\n\t\t<span>L\u00e6s mere<\/span>\n\t<\/a>\n\n\n\n              <\/div>\n           <\/div>\n       <\/div>                     \n<style>\n#text-box-306810336 {\n  width: 80%;\n}\n#text-box-306810336 .text-box-content {\n  font-size: 100%;\n}\n@media (min-width:550px) {\n  #text-box-306810336 {\n    width: 40%;\n  }\n}\n<\/style>\n    <\/div>\n \n\n        <\/div>\n      <\/div>\n\n            \n<style>\n#banner-1389176373 {\n  padding-top: 99.99%;\n}\n@media (min-width:550px) {\n  #banner-1389176373 {\n    padding-top: 600px;\n  }\n}\n<\/style>\n  <\/div>\n\n\n\n     <\/div>\n\n     <div class=\"loading-spin dark large centered\"><\/div>\n\n\t<\/div>\n\n\n<div class=\"row align-middle align-center\"  id=\"row-1802170367\">\n\n\n\t<div id=\"col-1131280444\" class=\"col small-12 large-12\"  >\n\t\t\t\t<div class=\"col-inner text-center\"  >\n\t\t\t\n\t\t\t\n\n<h1 style=\"text-align: center;\">En rolig stund med Breville<\/h1>\n<p>Breville er det lille ekstra i hverdagen. Det er at unde sig en kop kaffe om morgenen, inden b\u00f8rnene v\u00e5gner, mikse en l\u00e6kker smoothie efter tr\u00e6ningen eller spise grillede sandwich en tirsdag aften, bare fordi man har lyst. Breville er smarte produkter, der kombinerer design og funktion p\u00e5 en flot og sofistikeret m\u00e5de. Hos Breville synes man, at din stund er vigtig.<\/p>\n<a href=\"https:\/\/breville-nordic.com\/da\/om-oss\/\" class=\"button secondary\" >\n\t\t<span>L\u00e6s mere om Breville her<\/span>\n\t<\/a>\n\n\n\n\t\t<\/div>\n\t\t\t\t\t<\/div>\n\n\t\n\n<\/div>\n<div class=\"container section-title-container\" ><h3 class=\"section-title section-title-center\"><b aria-hidden=\"true\"><\/b><span class=\"section-title-main\" >Kategorier<\/span><b aria-hidden=\"true\"><\/b><\/h3><\/div>\n\n\n  \n    <div id=\"cats-1602802113\" class=\"row large-columns-4 medium-columns-3 small-columns-2 row-small row-masonry\" data-packery-options='{\"itemSelector\": \".col\", \"gutter\": 0, \"presentageWidth\" : true}'>\n\n  <div class=\"product-category col\" >\n            <div class=\"col-inner\">\n              <a aria-label=\"Bes\u00f8g varekategori Kaffemaskiner\" href=\"https:\/\/breville-nordic.com\/da\/produktkategori-da\/kaffemaskiner\/\">                <div class=\"box box-category has-hover box-overlay dark box-text-middle \">\n                <div class=\"box-image\" >\n                  <div class=\"image-overlay-add-50 image-zoom\" >\n                  <img loading=\"lazy\" decoding=\"async\" src=\"https:\/\/breville-nordic.com\/wp-content\/uploads\/2020\/01\/BR203064-1-1-1-300x300.jpg\" alt=\"Kaffemaskiner\" width=\"300\" height=\"300\" \/>                  <div class=\"overlay\" style=\"background-color: 1\"><\/div>                                    <\/div>\n                <\/div>\n                <div class=\"box-text text-center is-large\" style=\"padding:0px 0px -px 0px;\">\n                  <div class=\"box-text-inner\">\n                      <h5 class=\"uppercase header-title\">\n                              Kaffemaskiner                      <\/h5>\n                                            \n                  <\/div>\n                <\/div>\n                <\/div>\n            <\/a>            <\/div>\n            <\/div><div class=\"product-category col\" >\n            <div class=\"col-inner\">\n              <a aria-label=\"Bes\u00f8g varekategori Sandwichgriller\" href=\"https:\/\/breville-nordic.com\/da\/produktkategori-da\/sandwichgriller\/\">                <div class=\"box box-category has-hover box-overlay dark box-text-middle \">\n                <div class=\"box-image\" >\n                  <div class=\"image-overlay-add-50 image-zoom\" >\n                  <img loading=\"lazy\" decoding=\"async\" src=\"https:\/\/breville-nordic.com\/wp-content\/uploads\/2019\/11\/BR203019_HINGE_THREE_MAIN_w-300x300.jpg\" alt=\"Sandwichgriller\" width=\"300\" height=\"300\" \/>                  <div class=\"overlay\" style=\"background-color: 1\"><\/div>                                    <\/div>\n                <\/div>\n                <div class=\"box-text text-center is-large\" style=\"padding:0px 0px -px 0px;\">\n                  <div class=\"box-text-inner\">\n                      <h5 class=\"uppercase header-title\">\n                              Sandwichgriller                      <\/h5>\n                                            \n                  <\/div>\n                <\/div>\n                <\/div>\n            <\/a>            <\/div>\n            <\/div><div class=\"product-category col\" >\n            <div class=\"col-inner\">\n              <a aria-label=\"Bes\u00f8g varekategori Vaffeljern\" href=\"https:\/\/breville-nordic.com\/da\/produktkategori-da\/vaffeljern-da\/\">                <div class=\"box box-category has-hover box-overlay dark box-text-middle \">\n                <div class=\"box-image\" >\n                  <div class=\"image-overlay-add-50 image-zoom\" >\n                  <img loading=\"lazy\" decoding=\"async\" src=\"https:\/\/breville-nordic.com\/wp-content\/uploads\/2020\/01\/BR203022_open_w-kopia-300x300.jpg\" alt=\"Vaffeljern\" width=\"300\" height=\"300\" \/>                  <div class=\"overlay\" style=\"background-color: 1\"><\/div>                                    <\/div>\n                <\/div>\n                <div class=\"box-text text-center is-large\" style=\"padding:0px 0px -px 0px;\">\n                  <div class=\"box-text-inner\">\n                      <h5 class=\"uppercase header-title\">\n                              Vaffeljern                      <\/h5>\n                                            \n                  <\/div>\n                <\/div>\n                <\/div>\n            <\/a>            <\/div>\n            <\/div><\/div>\n\n<div class=\"container section-title-container\" ><h3 class=\"section-title section-title-center\"><b aria-hidden=\"true\"><\/b><span class=\"section-title-main\" >Serier<\/span><b aria-hidden=\"true\"><\/b><\/h3><\/div>\n\n\n  \n    <div id=\"cats-1221728756\" class=\"row large-columns-4 medium-columns-3 small-columns-2 row-small row-masonry\" data-packery-options='{\"itemSelector\": \".col\", \"gutter\": 0, \"presentageWidth\" : true}'>\n\n  <div class=\"product-category col\" >\n            <div class=\"col-inner\">\n              <a aria-label=\"Bes\u00f8g varekategori High Gloss\" href=\"https:\/\/breville-nordic.com\/da\/produktkategori-da\/high-gloss\/\">                <div class=\"box box-category has-hover box-overlay dark box-text-middle \">\n                <div class=\"box-image\" >\n                  <div class=\"image-overlay-add-50 image-zoom\" >\n                  <img loading=\"lazy\" decoding=\"async\" src=\"https:\/\/breville-nordic.com\/wp-content\/uploads\/2019\/11\/Hogh-gloss-serie-300x300.jpg\" alt=\"High Gloss\" width=\"300\" height=\"300\" \/>                  <div class=\"overlay\" style=\"background-color: 1\"><\/div>                                    <\/div>\n                <\/div>\n                <div class=\"box-text text-center is-large\" >\n                  <div class=\"box-text-inner\">\n                      <h5 class=\"uppercase header-title\">\n                              High Gloss                      <\/h5>\n                                            \n                  <\/div>\n                <\/div>\n                <\/div>\n            <\/a>            <\/div>\n            <\/div><\/div>\n\n<div class=\"container section-title-container\" ><h3 class=\"section-title section-title-center\"><b aria-hidden=\"true\"><\/b><span class=\"section-title-main\" >Find inspiration<\/span><b aria-hidden=\"true\"><\/b><\/h3><\/div>\n\n\n  \n    <div id=\"row-1242640904\" class=\"row large-columns-3 medium-columns- small-columns-1 has-shadow row-box-shadow-1 row-masonry\" data-packery-options='{\"itemSelector\": \".col\", \"gutter\": 0, \"presentageWidth\" : true}'>\n\n  <div class=\"col post-item\" >\n\t\t\t<div class=\"col-inner\">\n\t\t\t\t<div class=\"box box-push box-text-bottom box-blog-post has-hover\">\n            \t\t\t\t\t<div class=\"box-image\" >\n  \t\t\t\t\t\t<div class=\"image-zoom image-cover\" style=\"padding-top:56%;\">\n\t\t\t\t\t\t\t<a href=\"https:\/\/breville-nordic.com\/da\/forskellige-typer-te\/\" class=\"plain\" aria-label=\"Forskellige typer te\">\n\t\t\t\t\t\t\t\t<img loading=\"lazy\" decoding=\"async\" width=\"300\" height=\"169\" src=\"https:\/\/breville-nordic.com\/wp-content\/uploads\/2020\/01\/Te1-300x169.jpg\" class=\"attachment-medium size-medium wp-post-image\" alt=\"\" srcset=\"https:\/\/breville-nordic.com\/wp-content\/uploads\/2020\/01\/Te1-300x169.jpg 300w, https:\/\/breville-nordic.com\/wp-content\/uploads\/2020\/01\/Te1-1024x576.jpg 1024w, https:\/\/breville-nordic.com\/wp-content\/uploads\/2020\/01\/Te1-768x432.jpg 768w, https:\/\/breville-nordic.com\/wp-content\/uploads\/2020\/01\/Te1-1536x864.jpg 1536w, https:\/\/breville-nordic.com\/wp-content\/uploads\/2020\/01\/Te1-2048x1152.jpg 2048w, https:\/\/breville-nordic.com\/wp-content\/uploads\/2020\/01\/Te1-600x338.jpg 600w\" sizes=\"auto, (max-width: 300px) 100vw, 300px\" \/>\t\t\t\t\t\t\t<\/a>\n  \t\t\t\t\t\t\t  \t\t\t\t\t\t\t  \t\t\t\t\t\t<\/div>\n  \t\t\t\t\t\t  \t\t\t\t\t<\/div>\n          \t\t\t\t\t<div class=\"box-text text-center\" >\n\t\t\t\t\t<div class=\"box-text-inner blog-post-inner\">\n\n\t\t\t\t\t\n\t\t\t\t\t\t\t\t\t\t<h5 class=\"post-title is-larger uppercase\">\n\t\t\t\t\t\t<a href=\"https:\/\/breville-nordic.com\/da\/forskellige-typer-te\/\" class=\"plain\">Forskellige typer te<\/a>\n\t\t\t\t\t<\/h5>\n\t\t\t\t\t\t\t\t\t\t<div class=\"is-divider\"><\/div>\n\t\t\t\t\t\t\t\t\t\t<p class=\"from_the_blog_excerpt \">\n\t\t\t\t\t\tVidste du, at al \u201c\u00e6gte te\u201d kommer fra samme plante,...\t\t\t\t\t<\/p>\n\t\t\t\t\t                    \n\t\t\t\t\t\t\t\t\t\t\t<a href=\"https:\/\/breville-nordic.com\/da\/forskellige-typer-te\/\" class=\"button primary is-outline is-small mb-0\">\n\t\t\t\t\t\t\tL\u00e4s mer\t\t\t\t\t\t<\/a>\n\t\t\t\t\t\n\t\t\t\t\t\n\t\t\t\t\t<\/div>\n\t\t\t\t\t<\/div>\n\t\t\t\t\t\t\t\t\t\t\t\t\t\t\t\t<div class=\"badge absolute top post-date badge-square\">\n\t\t\t\t\t\t\t<div class=\"badge-inner\">\n\t\t\t\t\t\t\t\t<span class=\"post-date-day\">07<\/span><br>\n\t\t\t\t\t\t\t\t<span class=\"post-date-month is-xsmall\">feb<\/span>\n\t\t\t\t\t\t\t<\/div>\n\t\t\t\t\t\t<\/div>\n\t\t\t\t\t\t\t\t\t<\/div>\n\t\t\t<\/div>\n\t\t<\/div><div class=\"col post-item\" >\n\t\t\t<div class=\"col-inner\">\n\t\t\t\t<div class=\"box box-push box-text-bottom box-blog-post has-hover\">\n            \t\t\t\t\t<div class=\"box-image\" >\n  \t\t\t\t\t\t<div class=\"image-zoom image-cover\" style=\"padding-top:56%;\">\n\t\t\t\t\t\t\t<a href=\"https:\/\/breville-nordic.com\/da\/heatsoft\/\" class=\"plain\" aria-label=\"HeatSoft\">\n\t\t\t\t\t\t\t\t<img loading=\"lazy\" decoding=\"async\" width=\"300\" height=\"93\" src=\"https:\/\/breville-nordic.com\/wp-content\/uploads\/2019\/12\/24834807-d3e5-44e6-b063-9f758be998a7.__CR001940600_PT0_SX970_V1___-300x93.jpg\" class=\"attachment-medium size-medium wp-post-image\" alt=\"\" srcset=\"https:\/\/breville-nordic.com\/wp-content\/uploads\/2019\/12\/24834807-d3e5-44e6-b063-9f758be998a7.__CR001940600_PT0_SX970_V1___-300x93.jpg 300w, https:\/\/breville-nordic.com\/wp-content\/uploads\/2019\/12\/24834807-d3e5-44e6-b063-9f758be998a7.__CR001940600_PT0_SX970_V1___-768x238.jpg 768w, https:\/\/breville-nordic.com\/wp-content\/uploads\/2019\/12\/24834807-d3e5-44e6-b063-9f758be998a7.__CR001940600_PT0_SX970_V1___-600x186.jpg 600w, https:\/\/breville-nordic.com\/wp-content\/uploads\/2019\/12\/24834807-d3e5-44e6-b063-9f758be998a7.__CR001940600_PT0_SX970_V1___.jpg 970w\" sizes=\"auto, (max-width: 300px) 100vw, 300px\" \/>\t\t\t\t\t\t\t<\/a>\n  \t\t\t\t\t\t\t  \t\t\t\t\t\t\t  \t\t\t\t\t\t<\/div>\n  \t\t\t\t\t\t  \t\t\t\t\t<\/div>\n          \t\t\t\t\t<div class=\"box-text text-center\" >\n\t\t\t\t\t<div class=\"box-text-inner blog-post-inner\">\n\n\t\t\t\t\t\n\t\t\t\t\t\t\t\t\t\t<h5 class=\"post-title is-larger uppercase\">\n\t\t\t\t\t\t<a href=\"https:\/\/breville-nordic.com\/da\/heatsoft\/\" class=\"plain\">HeatSoft<\/a>\n\t\t\t\t\t<\/h5>\n\t\t\t\t\t\t\t\t\t\t<div class=\"is-divider\"><\/div>\n\t\t\t\t\t\t\t\t\t\t<p class=\"from_the_blog_excerpt \">\n\t\t\t\t\t\tChocolate Chip cookies\t\t\t\t\t<\/p>\n\t\t\t\t\t                    \n\t\t\t\t\t\t\t\t\t\t\t<a href=\"https:\/\/breville-nordic.com\/da\/heatsoft\/\" class=\"button primary is-outline is-small mb-0\">\n\t\t\t\t\t\t\tL\u00e4s mer\t\t\t\t\t\t<\/a>\n\t\t\t\t\t\n\t\t\t\t\t\n\t\t\t\t\t<\/div>\n\t\t\t\t\t<\/div>\n\t\t\t\t\t\t\t\t\t\t\t\t\t\t\t\t<div class=\"badge absolute top post-date badge-square\">\n\t\t\t\t\t\t\t<div class=\"badge-inner\">\n\t\t\t\t\t\t\t\t<span class=\"post-date-day\">18<\/span><br>\n\t\t\t\t\t\t\t\t<span class=\"post-date-month is-xsmall\">dec<\/span>\n\t\t\t\t\t\t\t<\/div>\n\t\t\t\t\t\t<\/div>\n\t\t\t\t\t\t\t\t\t<\/div>\n\t\t\t<\/div>\n\t\t<\/div><\/div>\n\n<div class=\"container section-title-container\" ><h3 class=\"section-title section-title-center\"><b aria-hidden=\"true\"><\/b><span class=\"section-title-main\" >Brevilles kaffeskole<\/span><b aria-hidden=\"true\"><\/b><\/h3><\/div>\n\n\t<div id=\"gap-1968026541\" class=\"gap-element clearfix\" style=\"display:block; height:auto;\">\n\t\t\n<style>\n#gap-1968026541 {\n  padding-top: 25px;\n}\n<\/style>\n\t<\/div>\n\t\n\n<div class=\"row align-middle\"  id=\"row-165796029\">\n\n\n\t<div id=\"col-1312604537\" class=\"col medium-6 small-12 large-6\"  >\n\t\t\t\t<div class=\"col-inner\"  >\n\t\t\t\n\t\t\t\n\n\t<div class=\"img has-hover x md-x lg-x y md-y lg-y\" id=\"image_1179847368\">\n\t\t\t\t\t\t\t\t<div class=\"img-inner image-cover dark\" style=\"padding-top:270px;\">\n\t\t\t<img loading=\"lazy\" decoding=\"async\" width=\"1020\" height=\"495\" src=\"https:\/\/breville-nordic.com\/wp-content\/uploads\/2021\/09\/BR_Barisstaschool_banner-1024x497.png\" class=\"attachment-large size-large\" alt=\"\" srcset=\"https:\/\/breville-nordic.com\/wp-content\/uploads\/2021\/09\/BR_Barisstaschool_banner-1024x497.png 1024w, https:\/\/breville-nordic.com\/wp-content\/uploads\/2021\/09\/BR_Barisstaschool_banner-300x146.png 300w, https:\/\/breville-nordic.com\/wp-content\/uploads\/2021\/09\/BR_Barisstaschool_banner-768x373.png 768w, https:\/\/breville-nordic.com\/wp-content\/uploads\/2021\/09\/BR_Barisstaschool_banner-600x291.png 600w, https:\/\/breville-nordic.com\/wp-content\/uploads\/2021\/09\/BR_Barisstaschool_banner.png 1400w\" sizes=\"auto, (max-width: 1020px) 100vw, 1020px\" \/>\t\t\t\t\t\t\n\t\t\t\t\t<\/div>\n\t\t\t\t\t\t\t\t\n<style>\n#image_1179847368 {\n  width: 100%;\n}\n<\/style>\n\t<\/div>\n\t\n\n\n\t\t<\/div>\n\t\t\t\t\t<\/div>\n\n\t\n\n\t<div id=\"col-409099244\" class=\"col medium-6 small-12 large-6\"  >\n\t\t\t\t<div class=\"col-inner\"  >\n\t\t\t\n\t\t\t\n\n<h2>Vil du ogs\u00e5 v\u00e6re kaffeekspert?<\/h2>\n<p>Kaffeeksperten er baristaen, den person p\u00e5 en caf\u00e9 eller i en restaurant, som har ansvaret for espressomaskinen \u2013 en slags kaffebartender, kan man sige.<\/p>\n<a href=\"https:\/\/breville-nordic.com\/da\/baristaschool\/\" class=\"button primary is-link\" >\n\t\t<span>L\u00e6s mere<\/span>\n\t<\/a>\n\n\n\n\t\t<\/div>\n\t\t\t\t\t<\/div>\n\n\t\n\n<\/div>\n\n\n","protected":false},"excerpt":{"rendered":"","protected":false},"author":1,"featured_media":9117,"parent":0,"menu_order":0,"comment_status":"closed","ping_status":"closed","template":"page-blank.php","meta":{"_acf_changed":false,"footnotes":""},"class_list":["post-3918","page","type-page","status-publish","has-post-thumbnail","hentry"],"acf":[],"_links":{"self":[{"href":"https:\/\/breville-nordic.com\/da\/wp-json\/wp\/v2\/pages\/3918","targetHints":{"allow":["GET"]}}],"collection":[{"href":"https:\/\/breville-nordic.com\/da\/wp-json\/wp\/v2\/pages"}],"about":[{"href":"https:\/\/breville-nordic.com\/da\/wp-json\/wp\/v2\/types\/page"}],"author":[{"embeddable":true,"href":"https:\/\/breville-nordic.com\/da\/wp-json\/wp\/v2\/users\/1"}],"replies":[{"embeddable":true,"href":"https:\/\/breville-nordic.com\/da\/wp-json\/wp\/v2\/comments?post=3918"}],"version-history":[{"count":61,"href":"https:\/\/breville-nordic.com\/da\/wp-json\/wp\/v2\/pages\/3918\/revisions"}],"predecessor-version":[{"id":7130,"href":"https:\/\/breville-nordic.com\/da\/wp-json\/wp\/v2\/pages\/3918\/revisions\/7130"}],"wp:featuredmedia":[{"embeddable":true,"href":"https:\/\/breville-nordic.com\/da\/wp-json\/wp\/v2\/media\/9117"}],"wp:attachment":[{"href":"https:\/\/breville-nordic.com\/da\/wp-json\/wp\/v2\/media?parent=3918"}],"curies":[{"name":"wp","href":"https:\/\/api.w.org\/{rel}","templated":true}]}}