{"id":4003,"date":"2019-12-18T15:36:27","date_gmt":"2019-12-18T14:36:27","guid":{"rendered":"https:\/\/breville-nordic.com\/high-gloss\/"},"modified":"2024-04-23T12:44:01","modified_gmt":"2024-04-23T10:44:01","slug":"high-gloss","status":"publish","type":"page","link":"https:\/\/breville-nordic.com\/da\/high-gloss\/","title":{"rendered":"High Gloss"},"content":{"rendered":"\n<div class=\"slider-wrapper relative\" id=\"slider-623070620\" >\n    <div class=\"slider slider-nav-circle slider-nav-large slider-nav-light slider-style-normal\"\n        data-flickity-options='{\n            \"cellAlign\": \"center\",\n            \"imagesLoaded\": true,\n            \"lazyLoad\": 1,\n            \"freeScroll\": false,\n            \"wrapAround\": true,\n            \"autoPlay\": 6000,\n            \"pauseAutoPlayOnHover\" : true,\n            \"prevNextButtons\": true,\n            \"contain\" : true,\n            \"adaptiveHeight\" : true,\n            \"dragThreshold\" : 10,\n            \"percentPosition\": true,\n            \"pageDots\": true,\n            \"rightToLeft\": false,\n            \"draggable\": true,\n            \"selectedAttraction\": 0.1,\n            \"parallax\" : 0,\n            \"friction\": 0.6        }'\n        >\n        \n\n\n  <div class=\"banner has-hover has-slide-effect slide-zoom-in\" id=\"banner-1676544835\">\n          <div class=\"banner-inner fill\">\n        <div class=\"banner-bg fill\" >\n            <img loading=\"lazy\" decoding=\"async\" width=\"2000\" height=\"1125\" src=\"https:\/\/breville-nordic.com\/wp-content\/uploads\/2020\/01\/High_gloss_Group-mw2.jpg\" class=\"bg attachment-original size-original\" alt=\"\" \/>                                    \n                    <\/div>\n\t\t\n        <div class=\"banner-layers container\">\n            <div class=\"fill banner-link\"><\/div>            \n\n   <div id=\"text-box-1852177937\" class=\"text-box banner-layer x10 md-x10 lg-x10 y15 md-y15 lg-y15 res-text\">\n              <div data-parallax=\"2\" data-parallax-fade=\"true\">       <div data-animate=\"fadeInUp\">           <div class=\"text-box-content text dark text-shadow-2\">\n              \n              <div class=\"text-inner text-center\">\n                  \n\n\t<div id=\"text-2244195597\" class=\"text\">\n\t\t\n\n<h1 style=\"text-align: left;\"><strong>HIGH GLOSS<\/strong><\/h1>\n\t\t\n<style>\n#text-2244195597 {\n  color: #424242;\n}\n#text-2244195597 > * {\n  color: #424242;\n}\n<\/style>\n\t<\/div>\n\t\n\n              <\/div>\n           <\/div>\n       <\/div>       <\/div>              \n<style>\n#text-box-1852177937 {\n  width: 100%;\n}\n#text-box-1852177937 .text-box-content {\n  font-size: 100%;\n}\n@media (min-width:550px) {\n  #text-box-1852177937 {\n    width: 58%;\n  }\n}\n<\/style>\n    <\/div>\n \n\n        <\/div>\n      <\/div>\n\n            \n<style>\n#banner-1676544835 {\n  padding-top: 56.25%;\n  background-color: rgb(35, 35, 35);\n}\n#banner-1676544835 .banner-bg img {\n  object-position: 44% 34%;\n}\n<\/style>\n  <\/div>\n\n\n\n     <\/div>\n\n     <div class=\"loading-spin dark large centered\"><\/div>\n\n\t<\/div>\n\n\n<div class=\"row\"  id=\"row-402641849\">\n\n\n\t<div id=\"col-140255389\" class=\"col small-12 large-12\"  >\n\t\t\t\t<div class=\"col-inner text-left dark\"  >\n\t\t\t\n\t\t\t\n\n<h5>Den skandinaviska stilrena minimalismen har med sin enkelhet tagit v\u00e4rlden med storm. Likt v\u00e5r serie High Gloss \u00e4r den enkel, tidl\u00f6s och harmonisk. Med v\u00e5r vattenkokare och br\u00f6drost f\u00e5r du enkelt en touch av Norden i ditt hem \u2013 Less is more!<\/h5>\n\n\t\t<\/div>\n\t\t\t\t\n<style>\n#col-140255389 > .col-inner {\n  border-radius: 11px;\n}\n<\/style>\n\t<\/div>\n\n\t\n\n<\/div>\n\n\t<section class=\"section dark\" id=\"section_388598920\">\n\t\t<div class=\"section-bg fill\" >\n\t\t\t\t\t\t\t\t\t\n\t\t\t\n\n\t\t<\/div>\n\n\t\t\n\n\t\t<div class=\"section-content relative\">\n\t\t\t\n\n<div class=\"container section-title-container\" ><h3 class=\"section-title section-title-center\"><b aria-hidden=\"true\"><\/b><span class=\"section-title-main\" >Produkter fr\u00e5n serien HIGH GLOSS<\/span><b aria-hidden=\"true\"><\/b><\/h3><\/div>\n\n\t\n  \n    <div class=\"row large-columns-4 medium-columns-3 small-columns-2 row-small\" >\n  \n\t     <div class=\"product-small col has-hover product type-product post-3860 status-publish first instock product_cat-high-gloss product_cat-sandwichgriller product_tag-grillade-da product_tag-smorgasgrill-da product_tag-varma-mackor-da has-post-thumbnail taxable shipping-taxable product-type-external\">\n\t<div class=\"col-inner\">\n\t\n<div class=\"badge-container absolute left top z-1\">\n\n<\/div>\n\t<div class=\"product-small box \">\n\t\t<div class=\"box-image\">\n\t\t\t<div class=\"image-zoom\">\n\t\t\t\t<a href=\"https:\/\/breville-nordic.com\/da\/produkt\/smorgasgrill-dc-high-gloss\/\">\n\t\t\t\t\t<img loading=\"lazy\" decoding=\"async\" width=\"300\" height=\"300\" src=\"https:\/\/breville-nordic.com\/wp-content\/uploads\/2019\/11\/BR203020_sida_w-300x300.jpg\" class=\"attachment-woocommerce_thumbnail size-woocommerce_thumbnail\" alt=\"Sm\u00f8rbr\u00f8dgrill DC, High Gloss\" srcset=\"https:\/\/breville-nordic.com\/wp-content\/uploads\/2019\/11\/BR203020_sida_w-300x300.jpg 300w, https:\/\/breville-nordic.com\/wp-content\/uploads\/2019\/11\/BR203020_sida_w-1024x1024.jpg 1024w, https:\/\/breville-nordic.com\/wp-content\/uploads\/2019\/11\/BR203020_sida_w-150x150.jpg 150w, https:\/\/breville-nordic.com\/wp-content\/uploads\/2019\/11\/BR203020_sida_w-768x768.jpg 768w, https:\/\/breville-nordic.com\/wp-content\/uploads\/2019\/11\/BR203020_sida_w-600x600.jpg 600w, https:\/\/breville-nordic.com\/wp-content\/uploads\/2019\/11\/BR203020_sida_w-100x100.jpg 100w, https:\/\/breville-nordic.com\/wp-content\/uploads\/2019\/11\/BR203020_sida_w.jpg 1200w\" sizes=\"auto, (max-width: 300px) 100vw, 300px\" \/>\t\t\t\t<\/a>\n\t\t\t<\/div>\n\t\t\t<div class=\"image-tools is-small top right show-on-hover\">\n\t\t\t\t\t\t\t<\/div>\n\t\t\t<div class=\"image-tools is-small hide-for-small bottom left show-on-hover\">\n\t\t\t\t\t\t\t<\/div>\n\t\t\t<div class=\"image-tools grid-tools text-center hide-for-small bottom hover-slide-in show-on-hover\">\n\t\t\t\t\t\t\t<\/div>\n\t\t\t\t\t<\/div>\n\n\t\t<div class=\"box-text box-text-products\">\n\t\t\t<div class=\"title-wrapper\"><p class=\"name product-title woocommerce-loop-product__title\"><a href=\"https:\/\/breville-nordic.com\/da\/produkt\/smorgasgrill-dc-high-gloss\/\" class=\"woocommerce-LoopProduct-link woocommerce-loop-product__link\">Sm\u00f8rbr\u00f8dgrill DC, High Gloss<\/a><\/p><\/div><div class=\"price-wrapper\"><stock-price-element-widget product-id=\"\" align=\"left\"><\/stock-price-element-widget><\/div><a href=\"https:\/\/breville-nordic.com\/da\/produkt\/smorgasgrill-dc-high-gloss\/\" class=\"btn-wh-product\">K\u00f6p<\/a>\t\t<\/div>\n\t<\/div>\n\t\t<\/div>\n<\/div><\/div>\n\n<div class=\"container section-title-container\" ><h3 class=\"section-title section-title-center\"><b aria-hidden=\"true\"><\/b><span class=\"section-title-main\" >ANDRA SERIER<\/span><b aria-hidden=\"true\"><\/b><\/h3><\/div>\n\n\n  \n    <div class=\"row large-columns-4 medium-columns-3 small-columns-2 row-small slider row-slider slider-nav-reveal\"  data-flickity-options='{&quot;imagesLoaded&quot;: true, &quot;groupCells&quot;: &quot;100%&quot;, &quot;dragThreshold&quot; : 5, &quot;cellAlign&quot;: &quot;left&quot;,&quot;wrapAround&quot;: true,&quot;prevNextButtons&quot;: true,&quot;percentPosition&quot;: true,&quot;pageDots&quot;: false, &quot;rightToLeft&quot;: false, &quot;autoPlay&quot; : false}' >\n\n  <\/div>\n\n<div class=\"container section-title-container\" ><h3 class=\"section-title section-title-center\"><b aria-hidden=\"true\"><\/b><span class=\"section-title-main\" >L\u00e5t dig inspireras<\/span><b aria-hidden=\"true\"><\/b><\/h3><\/div>\n\n\n\t\t<\/div>\n\n\t\t\n<style>\n#section_388598920 {\n  padding-top: 60px;\n  padding-bottom: 60px;\n  background-color: rgb(27, 27, 27);\n}\n<\/style>\n\t<\/section>\n\t\n\n\n<stock-price-service-widget><\/stock-price-service-widget>\n\n<style>\n.product-small .box-text{\ntext-align:left!important;\n}\n<\/style>\n\n\n  \n    <div class=\"row large-columns-3 medium-columns- small-columns-1 slider row-slider slider-nav-reveal\"  data-flickity-options='{&quot;imagesLoaded&quot;: true, &quot;groupCells&quot;: &quot;100%&quot;, &quot;dragThreshold&quot; : 5, &quot;cellAlign&quot;: &quot;left&quot;,&quot;wrapAround&quot;: true,&quot;prevNextButtons&quot;: true,&quot;percentPosition&quot;: true,&quot;pageDots&quot;: false, &quot;rightToLeft&quot;: false, &quot;autoPlay&quot; : false}' >\n\n  <div class=\"col post-item\" >\n\t\t\t<div class=\"col-inner\">\n\t\t\t\t<div class=\"box box-push box-text-bottom box-blog-post has-hover\">\n            \t\t\t\t\t<div class=\"box-image\" >\n  \t\t\t\t\t\t<div class=\"image-cover\" style=\"padding-top:100%;\">\n\t\t\t\t\t\t\t<a href=\"https:\/\/breville-nordic.com\/da\/forskellige-typer-te\/\" class=\"plain\" aria-label=\"Forskellige typer te\">\n\t\t\t\t\t\t\t\t<img loading=\"lazy\" decoding=\"async\" width=\"300\" height=\"169\" src=\"https:\/\/breville-nordic.com\/wp-content\/uploads\/2020\/01\/Te1-300x169.jpg\" class=\"attachment-medium size-medium wp-post-image\" alt=\"\" srcset=\"https:\/\/breville-nordic.com\/wp-content\/uploads\/2020\/01\/Te1-300x169.jpg 300w, https:\/\/breville-nordic.com\/wp-content\/uploads\/2020\/01\/Te1-1024x576.jpg 1024w, https:\/\/breville-nordic.com\/wp-content\/uploads\/2020\/01\/Te1-768x432.jpg 768w, https:\/\/breville-nordic.com\/wp-content\/uploads\/2020\/01\/Te1-1536x864.jpg 1536w, https:\/\/breville-nordic.com\/wp-content\/uploads\/2020\/01\/Te1-2048x1152.jpg 2048w, https:\/\/breville-nordic.com\/wp-content\/uploads\/2020\/01\/Te1-600x338.jpg 600w\" sizes=\"auto, (max-width: 300px) 100vw, 300px\" \/>\t\t\t\t\t\t\t<\/a>\n  \t\t\t\t\t\t\t  \t\t\t\t\t\t\t  \t\t\t\t\t\t<\/div>\n  \t\t\t\t\t\t  \t\t\t\t\t<\/div>\n          \t\t\t\t\t<div class=\"box-text text-center\" >\n\t\t\t\t\t<div class=\"box-text-inner blog-post-inner\">\n\n\t\t\t\t\t\n\t\t\t\t\t\t\t\t\t\t<h5 class=\"post-title is-large uppercase\">\n\t\t\t\t\t\t<a href=\"https:\/\/breville-nordic.com\/da\/forskellige-typer-te\/\" class=\"plain\">Forskellige typer te<\/a>\n\t\t\t\t\t<\/h5>\n\t\t\t\t\t\t\t\t\t\t<div class=\"is-divider\"><\/div>\n\t\t\t\t\t\t\t\t\t\t<p class=\"from_the_blog_excerpt \">\n\t\t\t\t\t\tVidste du, at al \u201c\u00e6gte te\u201d kommer fra samme plante, Camellia sinensis? Forskellene og klassificeringen...\t\t\t\t\t<\/p>\n\t\t\t\t\t                    \n\t\t\t\t\t\n\t\t\t\t\t\n\t\t\t\t\t<\/div>\n\t\t\t\t\t<\/div>\n\t\t\t\t\t\t\t\t\t<\/div>\n\t\t\t<\/div>\n\t\t<\/div><\/div>\n\n\n","protected":false},"excerpt":{"rendered":"","protected":false},"author":1,"featured_media":3021,"parent":0,"menu_order":0,"comment_status":"closed","ping_status":"closed","template":"page-blank.php","meta":{"_acf_changed":false,"footnotes":""},"class_list":["post-4003","page","type-page","status-publish","has-post-thumbnail","hentry"],"acf":[],"_links":{"self":[{"href":"https:\/\/breville-nordic.com\/da\/wp-json\/wp\/v2\/pages\/4003","targetHints":{"allow":["GET"]}}],"collection":[{"href":"https:\/\/breville-nordic.com\/da\/wp-json\/wp\/v2\/pages"}],"about":[{"href":"https:\/\/breville-nordic.com\/da\/wp-json\/wp\/v2\/types\/page"}],"author":[{"embeddable":true,"href":"https:\/\/breville-nordic.com\/da\/wp-json\/wp\/v2\/users\/1"}],"replies":[{"embeddable":true,"href":"https:\/\/breville-nordic.com\/da\/wp-json\/wp\/v2\/comments?post=4003"}],"version-history":[{"count":25,"href":"https:\/\/breville-nordic.com\/da\/wp-json\/wp\/v2\/pages\/4003\/revisions"}],"predecessor-version":[{"id":10107,"href":"https:\/\/breville-nordic.com\/da\/wp-json\/wp\/v2\/pages\/4003\/revisions\/10107"}],"wp:featuredmedia":[{"embeddable":true,"href":"https:\/\/breville-nordic.com\/da\/wp-json\/wp\/v2\/media\/3021"}],"wp:attachment":[{"href":"https:\/\/breville-nordic.com\/da\/wp-json\/wp\/v2\/media?parent=4003"}],"curies":[{"name":"wp","href":"https:\/\/api.w.org\/{rel}","templated":true}]}}