{"id":4171,"date":"2019-12-16T15:21:41","date_gmt":"2019-12-16T14:21:41","guid":{"rendered":"https:\/\/breville-nordic.com\/produktserie-exempel\/"},"modified":"2022-05-10T17:49:36","modified_gmt":"2022-05-10T15:49:36","slug":"produktserie-exempel","status":"publish","type":"page","link":"https:\/\/breville-nordic.com\/da\/produktserie-exempel\/","title":{"rendered":"Mostra"},"content":{"rendered":"\n<div class=\"slider-wrapper relative\" id=\"slider-570601815\" style=\"background-color:rgb(0, 0, 0);\">\n    <div class=\"slider slider-nav-circle slider-nav-large slider-nav-light slider-style-normal\"\n        data-flickity-options='{\n            \"cellAlign\": \"center\",\n            \"imagesLoaded\": true,\n            \"lazyLoad\": 1,\n            \"freeScroll\": false,\n            \"wrapAround\": true,\n            \"autoPlay\": 6000,\n            \"pauseAutoPlayOnHover\" : true,\n            \"prevNextButtons\": true,\n            \"contain\" : true,\n            \"adaptiveHeight\" : true,\n            \"dragThreshold\" : 10,\n            \"percentPosition\": true,\n            \"pageDots\": true,\n            \"rightToLeft\": false,\n            \"draggable\": true,\n            \"selectedAttraction\": 0.1,\n            \"parallax\" : 0,\n            \"friction\": 0.6        }'\n        >\n        \n\n\n  <div class=\"banner has-hover has-slide-effect slide-zoom-in\" id=\"banner-1102847080\">\n          <div class=\"banner-inner fill\">\n        <div class=\"banner-bg fill\" >\n            <img loading=\"lazy\" decoding=\"async\" width=\"2560\" height=\"1440\" src=\"https:\/\/breville-nordic.com\/wp-content\/uploads\/2020\/01\/MOSTRA-scaled.jpg\" class=\"bg attachment-original size-original\" alt=\"\" \/>                        <div class=\"overlay\"><\/div>            \n                    <\/div>\n\t\t\n        <div class=\"banner-layers container\">\n            <div class=\"fill banner-link\"><\/div>            \n\n   <div id=\"text-box-1165683744\" class=\"text-box banner-layer x10 md-x10 lg-x10 y40 md-y40 lg-y40 res-text\">\n              <div data-parallax=\"2\" data-parallax-fade=\"true\">       <div data-animate=\"fadeInUp\">           <div class=\"text-box-content text dark\">\n              \n              <div class=\"text-inner text-center\">\n                  \n\n<h1 style=\"text-align: left;\"><strong>MOSTRA<\/strong><\/h1>\n\n              <\/div>\n           <\/div>\n       <\/div>       <\/div>              \n<style>\n#text-box-1165683744 {\n  width: 100%;\n}\n#text-box-1165683744 .text-box-content {\n  font-size: 100%;\n}\n@media (min-width:550px) {\n  #text-box-1165683744 {\n    width: 58%;\n  }\n}\n<\/style>\n    <\/div>\n \n\n        <\/div>\n      <\/div>\n\n            \n<style>\n#banner-1102847080 {\n  padding-top: 56.25%;\n  background-color: rgb(35, 35, 35);\n}\n#banner-1102847080 .overlay {\n  background-color: rgba(0, 0, 0, 0.17);\n}\n#banner-1102847080 .banner-bg img {\n  object-position: 46% 35%;\n}\n<\/style>\n  <\/div>\n\n\n\n     <\/div>\n\n     <div class=\"loading-spin dark large centered\"><\/div>\n\n\t<\/div>\n\n\n\n\n<stock-price-service-widget><\/stock-price-service-widget>\n\n<style>\n.product-small .box-text{\ntext-align:left!important;\n}\n<\/style>\n\n<div class=\"row\"  id=\"row-1750191624\">\n\n\n\t<div id=\"col-169702579\" class=\"col small-12 large-12\"  >\n\t\t\t\t<div class=\"col-inner dark\"  >\n\t\t\t\n\t\t\t\n\n<h5>Likt en italiensk sportbil s\u00e5 har Mostra snabbt blivit en popul\u00e4r serie. Med sin sobra design och matta yta f\u00e5r den ditt k\u00f6k att bli lite mer \u2013 Magnifico!<\/h5>\n\n\t\t<\/div>\n\t\t\t\t\t<\/div>\n\n\t\n\n<\/div>\n\n\t<section class=\"section dark\" id=\"section_287610498\">\n\t\t<div class=\"section-bg fill\" >\n\t\t\t\t\t\t\t\t\t\n\t\t\t\n\n\t\t<\/div>\n\n\t\t\n\n\t\t<div class=\"section-content relative\">\n\t\t\t\n\n<div class=\"container section-title-container\" ><h3 class=\"section-title section-title-center\"><b aria-hidden=\"true\"><\/b><span class=\"section-title-main\" >Produkter fr\u00e5n serien mostra<\/span><b aria-hidden=\"true\"><\/b><\/h3><\/div>\n\n\t\n  \n    <div class=\"row large-columns-4 medium-columns-3 small-columns-2 row-small\" >\n  <\/div>\n\n<div class=\"container section-title-container\" ><h3 class=\"section-title section-title-center\"><b aria-hidden=\"true\"><\/b><span class=\"section-title-main\" >ANDRA SERIER<\/span><b aria-hidden=\"true\"><\/b><\/h3><\/div>\n\n\n  \n    <div class=\"row large-columns-4 medium-columns-3 small-columns-2 row-small slider row-slider slider-nav-reveal\"  data-flickity-options='{&quot;imagesLoaded&quot;: true, &quot;groupCells&quot;: &quot;100%&quot;, &quot;dragThreshold&quot; : 5, &quot;cellAlign&quot;: &quot;left&quot;,&quot;wrapAround&quot;: true,&quot;prevNextButtons&quot;: true,&quot;percentPosition&quot;: true,&quot;pageDots&quot;: false, &quot;rightToLeft&quot;: false, &quot;autoPlay&quot; : false}' >\n\n  <div class=\"product-category col\" >\n            <div class=\"col-inner\">\n              <a aria-label=\"Bes\u00f8g varekategori High Gloss\" href=\"https:\/\/breville-nordic.com\/da\/produktkategori-da\/high-gloss\/\">                <div class=\"box box-category has-hover box-overlay dark box-text-middle \">\n                <div class=\"box-image\" >\n                  <div class=\"image-cover\" style=\"padding-top:100%;\">\n                  <img loading=\"lazy\" decoding=\"async\" src=\"https:\/\/breville-nordic.com\/wp-content\/uploads\/2019\/11\/Hogh-gloss-serie-300x300.jpg\" alt=\"High Gloss\" width=\"300\" height=\"300\" \/>                  <div class=\"overlay\" style=\"background-color: rgba(0, 0, 0, 0.16)\"><\/div>                                    <\/div>\n                <\/div>\n                <div class=\"box-text text-center is-large\" >\n                  <div class=\"box-text-inner\">\n                      <h5 class=\"uppercase header-title\">\n                              High Gloss                      <\/h5>\n                                            <p class=\"is-xsmall uppercase count show-on-hover hover-reveal reveal-small\">\n\t                      1 Vare                      <\/p>\n                                            \n                  <\/div>\n                <\/div>\n                <\/div>\n            <\/a>            <\/div>\n            <\/div><\/div>\n\n<div class=\"container section-title-container\" ><h3 class=\"section-title section-title-center\"><b aria-hidden=\"true\"><\/b><span class=\"section-title-main\" >L\u00e5t dig inspireras<\/span><b aria-hidden=\"true\"><\/b><\/h3><\/div>\n\n\n\t\t<\/div>\n\n\t\t\n<style>\n#section_287610498 {\n  padding-top: 26px;\n  padding-bottom: 26px;\n  background-color: rgb(27, 27, 27);\n}\n<\/style>\n\t<\/section>\n\t\n\n  \n    <div class=\"row large-columns-3 medium-columns- small-columns-1 slider row-slider slider-nav-reveal\"  data-flickity-options='{&quot;imagesLoaded&quot;: true, &quot;groupCells&quot;: &quot;100%&quot;, &quot;dragThreshold&quot; : 5, &quot;cellAlign&quot;: &quot;left&quot;,&quot;wrapAround&quot;: true,&quot;prevNextButtons&quot;: true,&quot;percentPosition&quot;: true,&quot;pageDots&quot;: false, &quot;rightToLeft&quot;: false, &quot;autoPlay&quot; : false}' >\n\n  <div class=\"col post-item\" >\n\t\t\t<div class=\"col-inner\">\n\t\t\t\t<div class=\"box box-push box-text-bottom box-blog-post has-hover\">\n            \t\t\t\t\t<div class=\"box-image\" >\n  \t\t\t\t\t\t<div class=\"image-cover\" style=\"padding-top:100%;\">\n\t\t\t\t\t\t\t<a href=\"https:\/\/breville-nordic.com\/da\/forskellige-typer-te\/\" class=\"plain\" aria-label=\"Forskellige typer te\">\n\t\t\t\t\t\t\t\t<img loading=\"lazy\" decoding=\"async\" width=\"300\" height=\"169\" src=\"https:\/\/breville-nordic.com\/wp-content\/uploads\/2020\/01\/Te1-300x169.jpg\" class=\"attachment-medium size-medium wp-post-image\" alt=\"\" srcset=\"https:\/\/breville-nordic.com\/wp-content\/uploads\/2020\/01\/Te1-300x169.jpg 300w, https:\/\/breville-nordic.com\/wp-content\/uploads\/2020\/01\/Te1-1024x576.jpg 1024w, https:\/\/breville-nordic.com\/wp-content\/uploads\/2020\/01\/Te1-768x432.jpg 768w, https:\/\/breville-nordic.com\/wp-content\/uploads\/2020\/01\/Te1-1536x864.jpg 1536w, https:\/\/breville-nordic.com\/wp-content\/uploads\/2020\/01\/Te1-2048x1152.jpg 2048w, https:\/\/breville-nordic.com\/wp-content\/uploads\/2020\/01\/Te1-600x338.jpg 600w\" sizes=\"auto, (max-width: 300px) 100vw, 300px\" \/>\t\t\t\t\t\t\t<\/a>\n  \t\t\t\t\t\t\t  \t\t\t\t\t\t\t  \t\t\t\t\t\t<\/div>\n  \t\t\t\t\t\t  \t\t\t\t\t<\/div>\n          \t\t\t\t\t<div class=\"box-text text-center\" >\n\t\t\t\t\t<div class=\"box-text-inner blog-post-inner\">\n\n\t\t\t\t\t\n\t\t\t\t\t\t\t\t\t\t<h5 class=\"post-title is-large uppercase\">\n\t\t\t\t\t\t<a href=\"https:\/\/breville-nordic.com\/da\/forskellige-typer-te\/\" class=\"plain\">Forskellige typer te<\/a>\n\t\t\t\t\t<\/h5>\n\t\t\t\t\t\t\t\t\t\t<div class=\"is-divider\"><\/div>\n\t\t\t\t\t\t\t\t\t\t<p class=\"from_the_blog_excerpt \">\n\t\t\t\t\t\tVidste du, at al \u201c\u00e6gte te\u201d kommer fra samme plante, Camellia sinensis? Forskellene og klassificeringen...\t\t\t\t\t<\/p>\n\t\t\t\t\t                    \n\t\t\t\t\t\n\t\t\t\t\t\n\t\t\t\t\t<\/div>\n\t\t\t\t\t<\/div>\n\t\t\t\t\t\t\t\t\t<\/div>\n\t\t\t<\/div>\n\t\t<\/div><\/div>\n\n\n","protected":false},"excerpt":{"rendered":"","protected":false},"author":1,"featured_media":3405,"parent":0,"menu_order":0,"comment_status":"closed","ping_status":"closed","template":"page-blank.php","meta":{"_acf_changed":false,"footnotes":""},"class_list":["post-4171","page","type-page","status-publish","has-post-thumbnail","hentry"],"acf":[],"_links":{"self":[{"href":"https:\/\/breville-nordic.com\/da\/wp-json\/wp\/v2\/pages\/4171","targetHints":{"allow":["GET"]}}],"collection":[{"href":"https:\/\/breville-nordic.com\/da\/wp-json\/wp\/v2\/pages"}],"about":[{"href":"https:\/\/breville-nordic.com\/da\/wp-json\/wp\/v2\/types\/page"}],"author":[{"embeddable":true,"href":"https:\/\/breville-nordic.com\/da\/wp-json\/wp\/v2\/users\/1"}],"replies":[{"embeddable":true,"href":"https:\/\/breville-nordic.com\/da\/wp-json\/wp\/v2\/comments?post=4171"}],"version-history":[{"count":10,"href":"https:\/\/breville-nordic.com\/da\/wp-json\/wp\/v2\/pages\/4171\/revisions"}],"predecessor-version":[{"id":6867,"href":"https:\/\/breville-nordic.com\/da\/wp-json\/wp\/v2\/pages\/4171\/revisions\/6867"}],"wp:featuredmedia":[{"embeddable":true,"href":"https:\/\/breville-nordic.com\/da\/wp-json\/wp\/v2\/media\/3405"}],"wp:attachment":[{"href":"https:\/\/breville-nordic.com\/da\/wp-json\/wp\/v2\/media?parent=4171"}],"curies":[{"name":"wp","href":"https:\/\/api.w.org\/{rel}","templated":true}]}}