{"id":3732,"date":"2020-01-21T11:12:31","date_gmt":"2020-01-21T10:12:31","guid":{"rendered":"https:\/\/breville-nordic.com\/produkt\/prima-latte-kaffemaskin-rod\/"},"modified":"2021-06-01T14:51:09","modified_gmt":"2021-06-01T12:51:09","slug":"prima-latte-kaffemaskin-rod","status":"publish","type":"product","link":"https:\/\/breville-nordic.com\/da\/produkt\/prima-latte-kaffemaskin-rod\/","title":{"rendered":"Prima Latte Kaffemaskine, r\u00f8d"},"content":{"rendered":"<div class=\"row align-middle\"  id=\"row-1958532734\">\n\n\t<div id=\"col-92352706\" class=\"col medium-6 small-12 large-6\"  >\n\t\t\t\t<div class=\"col-inner\"  >\n\t\t\t\n\t\t\t\n\t<div class=\"img has-hover x md-x lg-x y md-y lg-y\" id=\"image_269256731\">\n\t\t\t\t\t\t\t\t<div class=\"img-inner image-cover dark\" style=\"padding-top:300px;margin:0px 0px -25px 0px;\">\n\t\t\t<img loading=\"lazy\" decoding=\"async\" width=\"1020\" height=\"629\" src=\"https:\/\/breville-nordic.com\/wp-content\/uploads\/2019\/12\/BR203042_Inserting-Tank-1024x631.jpg\" class=\"attachment-large size-large\" alt=\"\" srcset=\"https:\/\/breville-nordic.com\/wp-content\/uploads\/2019\/12\/BR203042_Inserting-Tank-1024x631.jpg 1024w, https:\/\/breville-nordic.com\/wp-content\/uploads\/2019\/12\/BR203042_Inserting-Tank-300x185.jpg 300w, https:\/\/breville-nordic.com\/wp-content\/uploads\/2019\/12\/BR203042_Inserting-Tank-768x473.jpg 768w, https:\/\/breville-nordic.com\/wp-content\/uploads\/2019\/12\/BR203042_Inserting-Tank-1536x946.jpg 1536w, https:\/\/breville-nordic.com\/wp-content\/uploads\/2019\/12\/BR203042_Inserting-Tank-600x370.jpg 600w, https:\/\/breville-nordic.com\/wp-content\/uploads\/2019\/12\/BR203042_Inserting-Tank.jpg 1623w\" sizes=\"auto, (max-width: 1020px) 100vw, 1020px\" \/>\t\t\t\t\t\t\n\t\t\t\t\t<\/div>\n\t\t\t\t\t\t\t\t\n<style>\n#image_269256731 {\n  width: 100%;\n}\n<\/style>\n\t<\/div>\n\t\n\t\t<\/div>\n\t\t\t\t\t<\/div>\n\n\t\n\n\t<div id=\"col-1434453544\" class=\"col medium-6 small-12 large-6\"  >\n\t\t\t\t<div class=\"col-inner\"  >\n\t\t\t\n\t\t\t\n<h2>Altid fyldigt og kraftigt skum til din cappuccino<\/h2>\n<p>Uanset hvilken m\u00e6lk du v\u00e6lger, vil Breville Prima Latte med et tryk p\u00e5 15 bar levere et fyldigt og kraftigt skum hver gang. M\u00e6lken f\u00e5r plads i den 300 ml integrerede og aftagelige beholder, der nemt kan opbevares i k\u00f8leskabet, n\u00e5r den ikke er i brug.<\/p>\n\t\t<\/div>\n\t\t\t\t\t<\/div>\n\n\t\n<\/div>\n<div class=\"is-divider divider clearfix\" style=\"max-width:100%;height:1px;\"><\/div>\n<div class=\"row align-middle\"  id=\"row-1844298385\">\n\n\t<div id=\"col-1487834174\" class=\"col medium-6 small-12 large-6\"  >\n\t\t\t\t<div class=\"col-inner\"  >\n\t\t\t\n\t\t\t\n<h2>Malet kaffe eller PODs?<\/h2>\n<p>Med Brevilles Prima Latte kan du bruge malet kaffe eller E.S.E PODs.<\/p>\n\t\t<\/div>\n\t\t\t\t\t<\/div>\n\n\t\n\n\t<div id=\"col-826070626\" class=\"col medium-6 small-12 large-6\"  >\n\t\t\t\t<div class=\"col-inner\"  >\n\t\t\t\n\t\t\t\n\t<div class=\"img has-hover x md-x lg-x y md-y lg-y\" id=\"image_285448342\">\n\t\t\t\t\t\t\t\t<div class=\"img-inner image-cover dark\" style=\"padding-top:300px;\">\n\t\t\t<img loading=\"lazy\" decoding=\"async\" width=\"1020\" height=\"1020\" src=\"https:\/\/breville-nordic.com\/wp-content\/uploads\/2020\/01\/BR203042_Latte-Filters-1024x1024.jpg\" class=\"attachment-large size-large\" alt=\"\" srcset=\"https:\/\/breville-nordic.com\/wp-content\/uploads\/2020\/01\/BR203042_Latte-Filters-1024x1024.jpg 1024w, https:\/\/breville-nordic.com\/wp-content\/uploads\/2020\/01\/BR203042_Latte-Filters-300x300.jpg 300w, https:\/\/breville-nordic.com\/wp-content\/uploads\/2020\/01\/BR203042_Latte-Filters-150x150.jpg 150w, https:\/\/breville-nordic.com\/wp-content\/uploads\/2020\/01\/BR203042_Latte-Filters-768x768.jpg 768w, https:\/\/breville-nordic.com\/wp-content\/uploads\/2020\/01\/BR203042_Latte-Filters-1536x1536.jpg 1536w, https:\/\/breville-nordic.com\/wp-content\/uploads\/2020\/01\/BR203042_Latte-Filters-2048x2048.jpg 2048w, https:\/\/breville-nordic.com\/wp-content\/uploads\/2020\/01\/BR203042_Latte-Filters-600x600.jpg 600w, https:\/\/breville-nordic.com\/wp-content\/uploads\/2020\/01\/BR203042_Latte-Filters-100x100.jpg 100w\" sizes=\"auto, (max-width: 1020px) 100vw, 1020px\" \/>\t\t\t\t\t\t\n\t\t\t\t\t<\/div>\n\t\t\t\t\t\t\t\t\n<style>\n#image_285448342 {\n  width: 100%;\n}\n<\/style>\n\t<\/div>\n\t\n\t\t<\/div>\n\t\t\t\t\t<\/div>\n\n\t\n<\/div>\n<div class=\"container section-title-container\" ><h3 class=\"section-title section-title-center\"><b aria-hidden=\"true\"><\/b><span class=\"section-title-main\" >Se disse produkter<\/span><b aria-hidden=\"true\"><\/b><\/h3><\/div>\n\t\n  \n    <div class=\"row  equalize-box large-columns-4 medium-columns-3 small-columns-2 row-small slider row-slider slider-nav-reveal slider-nav-push\"  data-flickity-options='{&quot;imagesLoaded&quot;: true, &quot;groupCells&quot;: &quot;100%&quot;, &quot;dragThreshold&quot; : 5, &quot;cellAlign&quot;: &quot;left&quot;,&quot;wrapAround&quot;: true,&quot;prevNextButtons&quot;: true,&quot;percentPosition&quot;: true,&quot;pageDots&quot;: false, &quot;rightToLeft&quot;: false, &quot;autoPlay&quot; : false}' >\n\n  \n\t     <div class=\"product-small col has-hover product type-product post-4996 status-publish first instock product_cat-kaffemaskiner has-post-thumbnail taxable shipping-taxable product-type-external\">\n\t<div class=\"col-inner\">\n\t\n<div class=\"badge-container absolute left top z-1\">\n\n<\/div>\n\t<div class=\"product-small box \">\n\t\t<div class=\"box-image\">\n\t\t\t<div class=\"image-zoom\">\n\t\t\t\t<a href=\"https:\/\/breville-nordic.com\/da\/produkt\/bijou-barista\/\">\n\t\t\t\t\t<img loading=\"lazy\" decoding=\"async\" width=\"300\" height=\"300\" src=\"https:\/\/breville-nordic.com\/wp-content\/uploads\/2021\/09\/VCF149_Breville_Bijou-Espresso_Coffee_Bijou_Front-View-with-2--300x300.jpeg\" class=\"attachment-woocommerce_thumbnail size-woocommerce_thumbnail\" alt=\"Bijou Barista\" srcset=\"https:\/\/breville-nordic.com\/wp-content\/uploads\/2021\/09\/VCF149_Breville_Bijou-Espresso_Coffee_Bijou_Front-View-with-2--300x300.jpeg 300w, https:\/\/breville-nordic.com\/wp-content\/uploads\/2021\/09\/VCF149_Breville_Bijou-Espresso_Coffee_Bijou_Front-View-with-2--1024x1024.jpeg 1024w, https:\/\/breville-nordic.com\/wp-content\/uploads\/2021\/09\/VCF149_Breville_Bijou-Espresso_Coffee_Bijou_Front-View-with-2--150x150.jpeg 150w, https:\/\/breville-nordic.com\/wp-content\/uploads\/2021\/09\/VCF149_Breville_Bijou-Espresso_Coffee_Bijou_Front-View-with-2--768x768.jpeg 768w, https:\/\/breville-nordic.com\/wp-content\/uploads\/2021\/09\/VCF149_Breville_Bijou-Espresso_Coffee_Bijou_Front-View-with-2--600x600.jpeg 600w, https:\/\/breville-nordic.com\/wp-content\/uploads\/2021\/09\/VCF149_Breville_Bijou-Espresso_Coffee_Bijou_Front-View-with-2--100x100.jpeg 100w, https:\/\/breville-nordic.com\/wp-content\/uploads\/2021\/09\/VCF149_Breville_Bijou-Espresso_Coffee_Bijou_Front-View-with-2-.jpeg 1200w\" sizes=\"auto, (max-width: 300px) 100vw, 300px\" \/>\t\t\t\t<\/a>\n\t\t\t<\/div>\n\t\t\t<div class=\"image-tools is-small top right show-on-hover\">\n\t\t\t\t\t\t\t<\/div>\n\t\t\t<div class=\"image-tools is-small hide-for-small bottom left show-on-hover\">\n\t\t\t\t\t\t\t<\/div>\n\t\t\t<div class=\"image-tools grid-tools text-center hide-for-small bottom hover-slide-in show-on-hover\">\n\t\t\t\t\t\t\t<\/div>\n\t\t\t\t\t<\/div>\n\n\t\t<div class=\"box-text box-text-products\">\n\t\t\t<div class=\"title-wrapper\"><p class=\"name product-title woocommerce-loop-product__title\"><a href=\"https:\/\/breville-nordic.com\/da\/produkt\/bijou-barista\/\" class=\"woocommerce-LoopProduct-link woocommerce-loop-product__link\">Bijou Barista<\/a><\/p><\/div><div class=\"price-wrapper\"><stock-price-element-widget product-id=\"\" align=\"left\"><\/stock-price-element-widget><\/div><a href=\"https:\/\/breville-nordic.com\/da\/produkt\/bijou-barista\/\" class=\"btn-wh-product\">K\u00f6p<\/a>\t\t<\/div>\n\t<\/div>\n\t\t<\/div>\n<\/div><div class=\"product-small col has-hover product type-product post-3715 status-publish instock product_cat-kaffemaskiner product_tag-barista-da product_tag-cappuccino-da product_tag-espresso-da product_tag-kaffe-da product_tag-latte-da has-post-thumbnail taxable shipping-taxable product-type-external\">\n\t<div class=\"col-inner\">\n\t\n<div class=\"badge-container absolute left top z-1\">\n\n<\/div>\n\t<div class=\"product-small box \">\n\t\t<div class=\"box-image\">\n\t\t\t<div class=\"image-zoom\">\n\t\t\t\t<a href=\"https:\/\/breville-nordic.com\/da\/produkt\/barista-espresso-max-kaffemaskin\/\">\n\t\t\t\t\t<img loading=\"lazy\" decoding=\"async\" width=\"300\" height=\"300\" src=\"https:\/\/breville-nordic.com\/wp-content\/uploads\/2021\/09\/BR203064-Barista-max-1-e1579616084408-300x300.jpg\" class=\"attachment-woocommerce_thumbnail size-woocommerce_thumbnail\" alt=\"Barista Espresso Max Kaffemaskine\" srcset=\"https:\/\/breville-nordic.com\/wp-content\/uploads\/2021\/09\/BR203064-Barista-max-1-e1579616084408-300x300.jpg 300w, https:\/\/breville-nordic.com\/wp-content\/uploads\/2021\/09\/BR203064-Barista-max-1-e1579616084408-150x150.jpg 150w, https:\/\/breville-nordic.com\/wp-content\/uploads\/2021\/09\/BR203064-Barista-max-1-e1579616084408-768x768.jpg 768w, https:\/\/breville-nordic.com\/wp-content\/uploads\/2021\/09\/BR203064-Barista-max-1-e1579616084408-600x600.jpg 600w, https:\/\/breville-nordic.com\/wp-content\/uploads\/2021\/09\/BR203064-Barista-max-1-e1579616084408-100x100.jpg 100w, https:\/\/breville-nordic.com\/wp-content\/uploads\/2021\/09\/BR203064-Barista-max-1-e1579616084408.jpg 1009w\" sizes=\"auto, (max-width: 300px) 100vw, 300px\" \/>\t\t\t\t<\/a>\n\t\t\t<\/div>\n\t\t\t<div class=\"image-tools is-small top right show-on-hover\">\n\t\t\t\t\t\t\t<\/div>\n\t\t\t<div class=\"image-tools is-small hide-for-small bottom left show-on-hover\">\n\t\t\t\t\t\t\t<\/div>\n\t\t\t<div class=\"image-tools grid-tools text-center hide-for-small bottom hover-slide-in show-on-hover\">\n\t\t\t\t\t\t\t<\/div>\n\t\t\t\t\t<\/div>\n\n\t\t<div class=\"box-text box-text-products\">\n\t\t\t<div class=\"title-wrapper\"><p class=\"name product-title woocommerce-loop-product__title\"><a href=\"https:\/\/breville-nordic.com\/da\/produkt\/barista-espresso-max-kaffemaskin\/\" class=\"woocommerce-LoopProduct-link woocommerce-loop-product__link\">Barista Espresso Max Kaffemaskine<\/a><\/p><\/div><div class=\"price-wrapper\"><stock-price-element-widget product-id=\"\" align=\"left\"><\/stock-price-element-widget><\/div><a href=\"https:\/\/breville-nordic.com\/da\/produkt\/barista-espresso-max-kaffemaskin\/\" class=\"btn-wh-product\">K\u00f6p<\/a>\t\t<\/div>\n\t<\/div>\n\t\t<\/div>\n<\/div><div class=\"product-small col has-hover product type-product post-4989 status-publish instock product_cat-kaffemaskiner has-post-thumbnail taxable shipping-taxable product-type-external\">\n\t<div class=\"col-inner\">\n\t\n<div class=\"badge-container absolute left top z-1\">\n\n<\/div>\n\t<div class=\"product-small box \">\n\t\t<div class=\"box-image\">\n\t\t\t<div class=\"image-zoom\">\n\t\t\t\t<a href=\"https:\/\/breville-nordic.com\/da\/produkt\/barista-max-plus\/\">\n\t\t\t\t\t<img loading=\"lazy\" decoding=\"async\" width=\"300\" height=\"300\" src=\"https:\/\/breville-nordic.com\/wp-content\/uploads\/2021\/09\/BaristaMaxplus-300x300.jpg\" class=\"attachment-woocommerce_thumbnail size-woocommerce_thumbnail\" alt=\"Barista Max Plus\" srcset=\"https:\/\/breville-nordic.com\/wp-content\/uploads\/2021\/09\/BaristaMaxplus-300x300.jpg 300w, https:\/\/breville-nordic.com\/wp-content\/uploads\/2021\/09\/BaristaMaxplus-150x150.jpg 150w, https:\/\/breville-nordic.com\/wp-content\/uploads\/2021\/09\/BaristaMaxplus-768x768.jpg 768w, https:\/\/breville-nordic.com\/wp-content\/uploads\/2021\/09\/BaristaMaxplus-600x600.jpg 600w, https:\/\/breville-nordic.com\/wp-content\/uploads\/2021\/09\/BaristaMaxplus-100x100.jpg 100w, https:\/\/breville-nordic.com\/wp-content\/uploads\/2021\/09\/BaristaMaxplus.jpg 1009w\" sizes=\"auto, (max-width: 300px) 100vw, 300px\" \/>\t\t\t\t<\/a>\n\t\t\t<\/div>\n\t\t\t<div class=\"image-tools is-small top right show-on-hover\">\n\t\t\t\t\t\t\t<\/div>\n\t\t\t<div class=\"image-tools is-small hide-for-small bottom left show-on-hover\">\n\t\t\t\t\t\t\t<\/div>\n\t\t\t<div class=\"image-tools grid-tools text-center hide-for-small bottom hover-slide-in show-on-hover\">\n\t\t\t\t\t\t\t<\/div>\n\t\t\t\t\t<\/div>\n\n\t\t<div class=\"box-text box-text-products\">\n\t\t\t<div class=\"title-wrapper\"><p class=\"name product-title woocommerce-loop-product__title\"><a href=\"https:\/\/breville-nordic.com\/da\/produkt\/barista-max-plus\/\" class=\"woocommerce-LoopProduct-link woocommerce-loop-product__link\">Barista Max Plus<\/a><\/p><\/div><div class=\"price-wrapper\"><stock-price-element-widget product-id=\"\" align=\"left\"><\/stock-price-element-widget><\/div><a href=\"https:\/\/breville-nordic.com\/da\/produkt\/barista-max-plus\/\" class=\"btn-wh-product\">K\u00f6p<\/a>\t\t<\/div>\n\t<\/div>\n\t\t<\/div>\n<\/div><div class=\"product-small col has-hover product type-product post-4975 status-publish last instock product_cat-kaffemaskiner has-post-thumbnail taxable shipping-taxable product-type-external\">\n\t<div class=\"col-inner\">\n\t\n<div class=\"badge-container absolute left top z-1\">\n\n<\/div>\n\t<div class=\"product-small box \">\n\t\t<div class=\"box-image\">\n\t\t\t<div class=\"image-zoom\">\n\t\t\t\t<a href=\"https:\/\/breville-nordic.com\/da\/produkt\/prima-latte-iii-kaffemaskin-svart\/\">\n\t\t\t\t\t<img loading=\"lazy\" decoding=\"async\" width=\"300\" height=\"300\" src=\"https:\/\/breville-nordic.com\/wp-content\/uploads\/2021\/09\/VCF146X_BrevilleI_Grey_Product-Shot_Front-View-with-drink-300x300.jpg\" class=\"attachment-woocommerce_thumbnail size-woocommerce_thumbnail\" alt=\"Prima Latte III Kaffemaskin, svart\" srcset=\"https:\/\/breville-nordic.com\/wp-content\/uploads\/2021\/09\/VCF146X_BrevilleI_Grey_Product-Shot_Front-View-with-drink-300x300.jpg 300w, https:\/\/breville-nordic.com\/wp-content\/uploads\/2021\/09\/VCF146X_BrevilleI_Grey_Product-Shot_Front-View-with-drink-150x150.jpg 150w, https:\/\/breville-nordic.com\/wp-content\/uploads\/2021\/09\/VCF146X_BrevilleI_Grey_Product-Shot_Front-View-with-drink-100x100.jpg 100w\" sizes=\"auto, (max-width: 300px) 100vw, 300px\" \/>\t\t\t\t<\/a>\n\t\t\t<\/div>\n\t\t\t<div class=\"image-tools is-small top right show-on-hover\">\n\t\t\t\t\t\t\t<\/div>\n\t\t\t<div class=\"image-tools is-small hide-for-small bottom left show-on-hover\">\n\t\t\t\t\t\t\t<\/div>\n\t\t\t<div class=\"image-tools grid-tools text-center hide-for-small bottom hover-slide-in show-on-hover\">\n\t\t\t\t\t\t\t<\/div>\n\t\t\t\t\t<\/div>\n\n\t\t<div class=\"box-text box-text-products\">\n\t\t\t<div class=\"title-wrapper\"><p class=\"name product-title woocommerce-loop-product__title\"><a href=\"https:\/\/breville-nordic.com\/da\/produkt\/prima-latte-iii-kaffemaskin-svart\/\" class=\"woocommerce-LoopProduct-link woocommerce-loop-product__link\">Prima Latte III Kaffemaskin, svart<\/a><\/p><\/div><div class=\"price-wrapper\"><stock-price-element-widget product-id=\"\" align=\"left\"><\/stock-price-element-widget><\/div><a href=\"https:\/\/breville-nordic.com\/da\/produkt\/prima-latte-iii-kaffemaskin-svart\/\" class=\"btn-wh-product\">K\u00f6p<\/a>\t\t<\/div>\n\t<\/div>\n\t\t<\/div>\n<\/div><div class=\"product-small col has-hover product type-product post-3732 status-publish first instock product_cat-kaffemaskiner product_tag-cappuccino-da product_tag-espresso-da product_tag-kaffe-da product_tag-kaffemaskin-da has-post-thumbnail taxable shipping-taxable product-type-external\">\n\t<div class=\"col-inner\">\n\t\n<div class=\"badge-container absolute left top z-1\">\n\n<\/div>\n\t<div class=\"product-small box \">\n\t\t<div class=\"box-image\">\n\t\t\t<div class=\"image-zoom\">\n\t\t\t\t<a href=\"https:\/\/breville-nordic.com\/da\/produkt\/prima-latte-kaffemaskin-rod\/\">\n\t\t\t\t\t<img loading=\"lazy\" decoding=\"async\" width=\"300\" height=\"300\" src=\"https:\/\/breville-nordic.com\/wp-content\/uploads\/2020\/01\/BR203042_w-300x300.jpg\" class=\"attachment-woocommerce_thumbnail size-woocommerce_thumbnail\" alt=\"Prima Latte kaffemaskin i r\u00f6d f\u00e4rg fr\u00e5n Breville\" srcset=\"https:\/\/breville-nordic.com\/wp-content\/uploads\/2020\/01\/BR203042_w-300x300.jpg 300w, https:\/\/breville-nordic.com\/wp-content\/uploads\/2020\/01\/BR203042_w-150x150.jpg 150w, https:\/\/breville-nordic.com\/wp-content\/uploads\/2020\/01\/BR203042_w-768x768.jpg 768w, https:\/\/breville-nordic.com\/wp-content\/uploads\/2020\/01\/BR203042_w-600x600.jpg 600w, https:\/\/breville-nordic.com\/wp-content\/uploads\/2020\/01\/BR203042_w-100x100.jpg 100w, https:\/\/breville-nordic.com\/wp-content\/uploads\/2020\/01\/BR203042_w.jpg 800w\" sizes=\"auto, (max-width: 300px) 100vw, 300px\" \/>\t\t\t\t<\/a>\n\t\t\t<\/div>\n\t\t\t<div class=\"image-tools is-small top right show-on-hover\">\n\t\t\t\t\t\t\t<\/div>\n\t\t\t<div class=\"image-tools is-small hide-for-small bottom left show-on-hover\">\n\t\t\t\t\t\t\t<\/div>\n\t\t\t<div class=\"image-tools grid-tools text-center hide-for-small bottom hover-slide-in show-on-hover\">\n\t\t\t\t\t\t\t<\/div>\n\t\t\t\t\t<\/div>\n\n\t\t<div class=\"box-text box-text-products\">\n\t\t\t<div class=\"title-wrapper\"><p class=\"name product-title woocommerce-loop-product__title\"><a href=\"https:\/\/breville-nordic.com\/da\/produkt\/prima-latte-kaffemaskin-rod\/\" class=\"woocommerce-LoopProduct-link woocommerce-loop-product__link\">Prima Latte Kaffemaskine, r\u00f8d<\/a><\/p><\/div><div class=\"price-wrapper\"><stock-price-element-widget product-id=\"\" align=\"left\"><\/stock-price-element-widget><\/div><a href=\"https:\/\/breville-nordic.com\/da\/produkt\/prima-latte-kaffemaskin-rod\/\" class=\"btn-wh-product\">K\u00f6p<\/a>\t\t<\/div>\n\t<\/div>\n\t\t<\/div>\n<\/div><div class=\"product-small col has-hover product type-product post-4977 status-publish instock product_cat-kaffemaskiner has-post-thumbnail taxable shipping-taxable product-type-external\">\n\t<div class=\"col-inner\">\n\t\n<div class=\"badge-container absolute left top z-1\">\n\n<\/div>\n\t<div class=\"product-small box \">\n\t\t<div class=\"box-image\">\n\t\t\t<div class=\"image-zoom\">\n\t\t\t\t<a href=\"https:\/\/breville-nordic.com\/da\/produkt\/prima-latte-iii-kaffemaskin-rod-2\/\">\n\t\t\t\t\t<img loading=\"lazy\" decoding=\"async\" width=\"300\" height=\"300\" src=\"https:\/\/breville-nordic.com\/wp-content\/uploads\/2021\/09\/VCF146X_Breville_Grey_Product-Shot_Front-View-with-drink-300x300.jpg\" class=\"attachment-woocommerce_thumbnail size-woocommerce_thumbnail\" alt=\"Prima Latte III kaffemaskin i r\u00f6d f\u00e4rg fr\u00e5n Breville\" srcset=\"https:\/\/breville-nordic.com\/wp-content\/uploads\/2021\/09\/VCF146X_Breville_Grey_Product-Shot_Front-View-with-drink-300x300.jpg 300w, https:\/\/breville-nordic.com\/wp-content\/uploads\/2021\/09\/VCF146X_Breville_Grey_Product-Shot_Front-View-with-drink-1024x1024.jpg 1024w, https:\/\/breville-nordic.com\/wp-content\/uploads\/2021\/09\/VCF146X_Breville_Grey_Product-Shot_Front-View-with-drink-150x150.jpg 150w, https:\/\/breville-nordic.com\/wp-content\/uploads\/2021\/09\/VCF146X_Breville_Grey_Product-Shot_Front-View-with-drink-768x768.jpg 768w, https:\/\/breville-nordic.com\/wp-content\/uploads\/2021\/09\/VCF146X_Breville_Grey_Product-Shot_Front-View-with-drink-600x600.jpg 600w, https:\/\/breville-nordic.com\/wp-content\/uploads\/2021\/09\/VCF146X_Breville_Grey_Product-Shot_Front-View-with-drink-100x100.jpg 100w, https:\/\/breville-nordic.com\/wp-content\/uploads\/2021\/09\/VCF146X_Breville_Grey_Product-Shot_Front-View-with-drink.jpg 1200w\" sizes=\"auto, (max-width: 300px) 100vw, 300px\" \/>\t\t\t\t<\/a>\n\t\t\t<\/div>\n\t\t\t<div class=\"image-tools is-small top right show-on-hover\">\n\t\t\t\t\t\t\t<\/div>\n\t\t\t<div class=\"image-tools is-small hide-for-small bottom left show-on-hover\">\n\t\t\t\t\t\t\t<\/div>\n\t\t\t<div class=\"image-tools grid-tools text-center hide-for-small bottom hover-slide-in show-on-hover\">\n\t\t\t\t\t\t\t<\/div>\n\t\t\t\t\t<\/div>\n\n\t\t<div class=\"box-text box-text-products\">\n\t\t\t<div class=\"title-wrapper\"><p class=\"name product-title woocommerce-loop-product__title\"><a href=\"https:\/\/breville-nordic.com\/da\/produkt\/prima-latte-iii-kaffemaskin-rod-2\/\" class=\"woocommerce-LoopProduct-link woocommerce-loop-product__link\">Prima Latte III Kaffemaskin, R\u00f8d<\/a><\/p><\/div><div class=\"price-wrapper\"><stock-price-element-widget product-id=\"\" align=\"left\"><\/stock-price-element-widget><\/div><a href=\"https:\/\/breville-nordic.com\/da\/produkt\/prima-latte-iii-kaffemaskin-rod-2\/\" class=\"btn-wh-product\">K\u00f6p<\/a>\t\t<\/div>\n\t<\/div>\n\t\t<\/div>\n<\/div><\/div>\n<div class=\"container section-title-container\" ><h3 class=\"section-title section-title-center\"><b aria-hidden=\"true\"><\/b><span class=\"section-title-main\" >Find inspiration<\/span><b aria-hidden=\"true\"><\/b><\/h3><\/div>\n\n  \n    <div class=\"row large-columns-3 medium-columns-1 small-columns-1 slider row-slider slider-nav-reveal\"  data-flickity-options='{&quot;imagesLoaded&quot;: true, &quot;groupCells&quot;: &quot;100%&quot;, &quot;dragThreshold&quot; : 5, &quot;cellAlign&quot;: &quot;left&quot;,&quot;wrapAround&quot;: true,&quot;prevNextButtons&quot;: true,&quot;percentPosition&quot;: true,&quot;pageDots&quot;: false, &quot;rightToLeft&quot;: false, &quot;autoPlay&quot; : false}' >\n\n  <\/div>\n","protected":false},"excerpt":{"rendered":"<p><b>Prima Latte er en kaffemaskine med flere sp\u00e6ndende funktioner. Dens automatiske tilstande er perfekte til en enkelt eller dobbelt espresso, cappuccino eller latte.<\/b><\/p>\n<p>Prima Latte er en kaffemaskine med flere sp\u00e6ndende funktioner. De automatiske tilstande er perfekte til en enkelt eller dobbelt espresso, cappuccino eller latte, mens den manuelle tilstand giver dig mulighed for at skr\u00e6ddersy kaffen efter din egen personlige smag. I mods\u00e6tning til mange andre kaffemaskiner kan Prima Latte benytte forskellige typer m\u00e6lk, lige fra sojam\u00e6lk til s\u00f8dm\u00e6lk. Med et \u00e5bent filtersystem kan du brygge din kaffe ved hj\u00e6lp af E.S.E PODs eller almindelig malet kaffe. Uanset hvilken m\u00e6lk du v\u00e6lger, vil Breville Prima Latte med et tryk p\u00e5 15 bar levere et rigt og tykt skum hver gang. M\u00e6lken rummes i en integreret og aftagelig beholder p\u00e5 300 ml, som nemt kan opbevares i k\u00f8leskabet, n\u00e5r den ikke er i brug. Den aftagelige vandtank rummer 1,5 liter og er nem at reng\u00f8re.<br \/>\nV\u00e6lg kaffetype med et tryk p\u00e5 en knap:<\/p>\n<ul>\n<li>Enkelt eller dobbelt cappuccino<\/li>\n<li>Enkelt eller dobbelt espresso<\/li>\n<li>Enkelt eller dobbelt latte<\/li>\n<li>Manuel tilstand for specialtilpasset kaffe<\/li>\n<li>Kun skumtilstand<\/li>\n<li>Kompatibel med E.S.E pods<\/li>\n<li>Smidigt reng\u00f8ringsprogram<\/li>\n<\/ul>\n","protected":false},"featured_media":3243,"template":"","meta":{"_acf_changed":false},"product_brand":[],"product_cat":[95],"product_tag":[97,98,99,113],"class_list":{"0":"post-3732","1":"product","2":"type-product","3":"status-publish","4":"has-post-thumbnail","6":"product_cat-kaffemaskiner","7":"product_tag-cappuccino-da","8":"product_tag-espresso-da","9":"product_tag-kaffe-da","10":"product_tag-kaffemaskin-da","12":"","13":"instock","14":"taxable","15":"shipping-taxable","16":"product-type-external"},"acf":[],"_links":{"self":[{"href":"https:\/\/breville-nordic.com\/da\/wp-json\/wp\/v2\/product\/3732","targetHints":{"allow":["GET"]}}],"collection":[{"href":"https:\/\/breville-nordic.com\/da\/wp-json\/wp\/v2\/product"}],"about":[{"href":"https:\/\/breville-nordic.com\/da\/wp-json\/wp\/v2\/types\/product"}],"wp:featuredmedia":[{"embeddable":true,"href":"https:\/\/breville-nordic.com\/da\/wp-json\/wp\/v2\/media\/3243"}],"wp:attachment":[{"href":"https:\/\/breville-nordic.com\/da\/wp-json\/wp\/v2\/media?parent=3732"}],"wp:term":[{"taxonomy":"product_brand","embeddable":true,"href":"https:\/\/breville-nordic.com\/da\/wp-json\/wp\/v2\/product_brand?post=3732"},{"taxonomy":"product_cat","embeddable":true,"href":"https:\/\/breville-nordic.com\/da\/wp-json\/wp\/v2\/product_cat?post=3732"},{"taxonomy":"product_tag","embeddable":true,"href":"https:\/\/breville-nordic.com\/da\/wp-json\/wp\/v2\/product_tag?post=3732"}],"curies":[{"name":"wp","href":"https:\/\/api.w.org\/{rel}","templated":true}]}}