{"id":3860,"date":"2019-11-06T11:39:34","date_gmt":"2019-11-06T10:39:34","guid":{"rendered":"https:\/\/breville-nordic.com\/produkt\/smorgasgrill-dc-high-gloss\/"},"modified":"2022-10-07T09:21:37","modified_gmt":"2022-10-07T07:21:37","slug":"smorgasgrill-dc-high-gloss","status":"publish","type":"product","link":"https:\/\/breville-nordic.com\/da\/produkt\/smorgasgrill-dc-high-gloss\/","title":{"rendered":"Sm\u00f8rbr\u00f8dgrill DC, High Gloss"},"content":{"rendered":"<div class=\"row align-middle\"  id=\"row-1778895958\">\n\n\t<div id=\"col-1536335573\" class=\"col medium-6 small-12 large-6\"  >\n\t\t\t\t<div class=\"col-inner\"  >\n\t\t\t\n\t\t\t\n<h2>Grillplater med Duraceramic-overflate<\/h2>\n<p>Grillplatene er utstyrt med en DuraCeramic-overflate og n\u00e5r derfor maksimal temperatur p\u00e5 rekordtid. Overflaten er keramisk og har ikke noe belegg som kan l\u00f8sne, den er giftfri, solid og ripebestandig, og den er veldig lett \u00e5 rengj\u00f8re.<\/p>\n\t\t<\/div>\n\t\t\t\t\t<\/div>\n\n\t\n\n\t<div id=\"col-977253350\" class=\"col medium-6 small-12 large-6\"  >\n\t\t\t\t<div class=\"col-inner\"  >\n\t\t\t\n\t\t\t\n\t<div class=\"img has-hover x md-x lg-x y md-y lg-y\" id=\"image_1557140690\">\n\t\t\t\t\t\t\t\t<div class=\"img-inner image-cover dark\" style=\"padding-top:300px;margin:0px 0px -25px 0px;\">\n\t\t\t<img loading=\"lazy\" decoding=\"async\" width=\"1020\" height=\"574\" src=\"https:\/\/breville-nordic.com\/wp-content\/uploads\/2019\/12\/BR203020_INSET_2-1024x576.jpg\" class=\"attachment-large size-large\" alt=\"\" srcset=\"https:\/\/breville-nordic.com\/wp-content\/uploads\/2019\/12\/BR203020_INSET_2-1024x576.jpg 1024w, https:\/\/breville-nordic.com\/wp-content\/uploads\/2019\/12\/BR203020_INSET_2-300x169.jpg 300w, https:\/\/breville-nordic.com\/wp-content\/uploads\/2019\/12\/BR203020_INSET_2-768x432.jpg 768w, https:\/\/breville-nordic.com\/wp-content\/uploads\/2019\/12\/BR203020_INSET_2-1536x864.jpg 1536w, https:\/\/breville-nordic.com\/wp-content\/uploads\/2019\/12\/BR203020_INSET_2-600x338.jpg 600w, https:\/\/breville-nordic.com\/wp-content\/uploads\/2019\/12\/BR203020_INSET_2.jpg 2000w\" sizes=\"auto, (max-width: 1020px) 100vw, 1020px\" \/>\t\t\t\t\t\t\n\t\t\t\t\t<\/div>\n\t\t\t\t\t\t\t\t\n<style>\n#image_1557140690 {\n  width: 100%;\n}\n<\/style>\n\t<\/div>\n\t\n\t\t<\/div>\n\t\t\t\t\t<\/div>\n\n\t\n<\/div>\n<div class=\"is-divider divider clearfix\" style=\"max-width:100%;height:1px;\"><\/div>\n<div class=\"row align-middle\"  id=\"row-1394799828\">\n\n\t<div id=\"col-882227993\" class=\"col medium-6 small-12 large-6\"  >\n\t\t\t\t<div class=\"col-inner\"  >\n\t\t\t\n\t\t\t\n\t<div class=\"img has-hover x md-x lg-x y md-y lg-y\" id=\"image_281466877\">\n\t\t\t\t\t\t\t\t<div class=\"img-inner image-cover dark\" style=\"padding-top:300px;\">\n\t\t\t<img loading=\"lazy\" decoding=\"async\" width=\"1020\" height=\"574\" src=\"https:\/\/breville-nordic.com\/wp-content\/uploads\/2019\/12\/BR203020-Lifestyle-DuraCeramic-Plate-1024x576.jpg\" class=\"attachment-large size-large\" alt=\"\" srcset=\"https:\/\/breville-nordic.com\/wp-content\/uploads\/2019\/12\/BR203020-Lifestyle-DuraCeramic-Plate-1024x576.jpg 1024w, https:\/\/breville-nordic.com\/wp-content\/uploads\/2019\/12\/BR203020-Lifestyle-DuraCeramic-Plate-300x169.jpg 300w, https:\/\/breville-nordic.com\/wp-content\/uploads\/2019\/12\/BR203020-Lifestyle-DuraCeramic-Plate-768x432.jpg 768w, https:\/\/breville-nordic.com\/wp-content\/uploads\/2019\/12\/BR203020-Lifestyle-DuraCeramic-Plate-1536x864.jpg 1536w, https:\/\/breville-nordic.com\/wp-content\/uploads\/2019\/12\/BR203020-Lifestyle-DuraCeramic-Plate-600x338.jpg 600w, https:\/\/breville-nordic.com\/wp-content\/uploads\/2019\/12\/BR203020-Lifestyle-DuraCeramic-Plate.jpg 1920w\" sizes=\"auto, (max-width: 1020px) 100vw, 1020px\" \/>\t\t\t\t\t\t\n\t\t\t\t\t<\/div>\n\t\t\t\t\t\t\t\t\n<style>\n#image_281466877 {\n  width: 100%;\n}\n<\/style>\n\t<\/div>\n\t\n\t\t<\/div>\n\t\t\t\t\t<\/div>\n\n\t\n\n\t<div id=\"col-350648142\" class=\"col medium-6 small-12 large-6\"  >\n\t\t\t\t<div class=\"col-inner\"  >\n\t\t\t\n\t\t\t\n<h2>Avtakbare grillplater<\/h2>\n<p>Den todelte grillplaten er avtakbar for enkel rengj\u00f8ring.<\/p>\n\t\t<\/div>\n\t\t\t\t\t<\/div>\n\n\t\n<\/div>\n<div class=\"container section-title-container\" ><h3 class=\"section-title section-title-center\"><b aria-hidden=\"true\"><\/b><span class=\"section-title-main\" >Tjek disse produkter<\/span><b aria-hidden=\"true\"><\/b><\/h3><\/div>\n\t\n  \n    <div class=\"row large-columns-4 medium-columns-3 small-columns-2 row-small slider row-slider slider-nav-reveal slider-nav-push\"  data-flickity-options='{&quot;imagesLoaded&quot;: true, &quot;groupCells&quot;: &quot;100%&quot;, &quot;dragThreshold&quot; : 5, &quot;cellAlign&quot;: &quot;left&quot;,&quot;wrapAround&quot;: true,&quot;prevNextButtons&quot;: true,&quot;percentPosition&quot;: true,&quot;pageDots&quot;: false, &quot;rightToLeft&quot;: false, &quot;autoPlay&quot; : false}' >\n\n  \n\t     <div class=\"product-small col has-hover product type-product post-3854 status-publish first instock product_cat-sandwichgriller product_tag-grillade-da product_tag-paninigrill-da product_tag-smorgasgrill-da product_tag-varma-mackor-da has-post-thumbnail taxable shipping-taxable product-type-external\">\n\t<div class=\"col-inner\">\n\t\n<div class=\"badge-container absolute left top z-1\">\n\n<\/div>\n\t<div class=\"product-small box \">\n\t\t<div class=\"box-image\">\n\t\t\t<div class=\"image-zoom\">\n\t\t\t\t<a href=\"https:\/\/breville-nordic.com\/da\/produkt\/paninigrill-stor\/\">\n\t\t\t\t\t<img loading=\"lazy\" decoding=\"async\" width=\"300\" height=\"300\" src=\"https:\/\/breville-nordic.com\/wp-content\/uploads\/2019\/11\/203018_plain-1-300x300.jpg\" class=\"attachment-woocommerce_thumbnail size-woocommerce_thumbnail\" alt=\"Paninigrill med plads til 4 skiver\" srcset=\"https:\/\/breville-nordic.com\/wp-content\/uploads\/2019\/11\/203018_plain-1-300x300.jpg 300w, https:\/\/breville-nordic.com\/wp-content\/uploads\/2019\/11\/203018_plain-1-150x150.jpg 150w, https:\/\/breville-nordic.com\/wp-content\/uploads\/2019\/11\/203018_plain-1-768x768.jpg 768w, https:\/\/breville-nordic.com\/wp-content\/uploads\/2019\/11\/203018_plain-1-1024x1024.jpg 1024w, https:\/\/breville-nordic.com\/wp-content\/uploads\/2019\/11\/203018_plain-1-600x600.jpg 600w, https:\/\/breville-nordic.com\/wp-content\/uploads\/2019\/11\/203018_plain-1-100x100.jpg 100w\" sizes=\"auto, (max-width: 300px) 100vw, 300px\" \/>\t\t\t\t<\/a>\n\t\t\t<\/div>\n\t\t\t<div class=\"image-tools is-small top right show-on-hover\">\n\t\t\t\t\t\t\t<\/div>\n\t\t\t<div class=\"image-tools is-small hide-for-small bottom left show-on-hover\">\n\t\t\t\t\t\t\t<\/div>\n\t\t\t<div class=\"image-tools grid-tools text-center hide-for-small bottom hover-slide-in show-on-hover\">\n\t\t\t\t\t\t\t<\/div>\n\t\t\t\t\t<\/div>\n\n\t\t<div class=\"box-text box-text-products\">\n\t\t\t<div class=\"title-wrapper\"><p class=\"name product-title woocommerce-loop-product__title\"><a href=\"https:\/\/breville-nordic.com\/da\/produkt\/paninigrill-stor\/\" class=\"woocommerce-LoopProduct-link woocommerce-loop-product__link\">Paninigrill med plads til 4 skiver<\/a><\/p><\/div><div class=\"price-wrapper\"><stock-price-element-widget product-id=\"\" align=\"left\"><\/stock-price-element-widget><\/div><a href=\"https:\/\/breville-nordic.com\/da\/produkt\/paninigrill-stor\/\" class=\"btn-wh-product\">K\u00f6p<\/a>\t\t<\/div>\n\t<\/div>\n\t\t<\/div>\n<\/div><div class=\"product-small col has-hover product type-product post-3857 status-publish instock product_cat-sandwichgriller product_tag-grillade-da product_tag-smorgasgrill-da product_tag-varma-mackor-da has-post-thumbnail taxable shipping-taxable product-type-external\">\n\t<div class=\"col-inner\">\n\t\n<div class=\"badge-container absolute left top z-1\">\n\n<\/div>\n\t<div class=\"product-small box \">\n\t\t<div class=\"box-image\">\n\t\t\t<div class=\"image-zoom\">\n\t\t\t\t<a href=\"https:\/\/breville-nordic.com\/da\/produkt\/smorgasgrill-dc-2\/\">\n\t\t\t\t\t<img loading=\"lazy\" decoding=\"async\" width=\"300\" height=\"300\" src=\"https:\/\/breville-nordic.com\/wp-content\/uploads\/2019\/11\/BR203021_sida_w-300x300.jpg\" class=\"attachment-woocommerce_thumbnail size-woocommerce_thumbnail\" alt=\"Sandwichgrill til 2 skiver, DC\" srcset=\"https:\/\/breville-nordic.com\/wp-content\/uploads\/2019\/11\/BR203021_sida_w-300x300.jpg 300w, https:\/\/breville-nordic.com\/wp-content\/uploads\/2019\/11\/BR203021_sida_w-1024x1024.jpg 1024w, https:\/\/breville-nordic.com\/wp-content\/uploads\/2019\/11\/BR203021_sida_w-150x150.jpg 150w, https:\/\/breville-nordic.com\/wp-content\/uploads\/2019\/11\/BR203021_sida_w-768x768.jpg 768w, https:\/\/breville-nordic.com\/wp-content\/uploads\/2019\/11\/BR203021_sida_w-600x600.jpg 600w, https:\/\/breville-nordic.com\/wp-content\/uploads\/2019\/11\/BR203021_sida_w-100x100.jpg 100w, https:\/\/breville-nordic.com\/wp-content\/uploads\/2019\/11\/BR203021_sida_w.jpg 1200w\" sizes=\"auto, (max-width: 300px) 100vw, 300px\" \/>\t\t\t\t<\/a>\n\t\t\t<\/div>\n\t\t\t<div class=\"image-tools is-small top right show-on-hover\">\n\t\t\t\t\t\t\t<\/div>\n\t\t\t<div class=\"image-tools is-small hide-for-small bottom left show-on-hover\">\n\t\t\t\t\t\t\t<\/div>\n\t\t\t<div class=\"image-tools grid-tools text-center hide-for-small bottom hover-slide-in show-on-hover\">\n\t\t\t\t\t\t\t<\/div>\n\t\t\t\t\t<\/div>\n\n\t\t<div class=\"box-text box-text-products\">\n\t\t\t<div class=\"title-wrapper\"><p class=\"name product-title woocommerce-loop-product__title\"><a href=\"https:\/\/breville-nordic.com\/da\/produkt\/smorgasgrill-dc-2\/\" class=\"woocommerce-LoopProduct-link woocommerce-loop-product__link\">Sandwichgrill til 2 skiver, DC<\/a><\/p><\/div><div class=\"price-wrapper\"><stock-price-element-widget product-id=\"\" align=\"left\"><\/stock-price-element-widget><\/div><a href=\"https:\/\/breville-nordic.com\/da\/produkt\/smorgasgrill-dc-2\/\" class=\"btn-wh-product\">K\u00f6p<\/a>\t\t<\/div>\n\t<\/div>\n\t\t<\/div>\n<\/div><div class=\"product-small col has-hover product type-product post-3860 status-publish instock product_cat-high-gloss product_cat-sandwichgriller product_tag-grillade-da product_tag-smorgasgrill-da product_tag-varma-mackor-da has-post-thumbnail taxable shipping-taxable product-type-external\">\n\t<div class=\"col-inner\">\n\t\n<div class=\"badge-container absolute left top z-1\">\n\n<\/div>\n\t<div class=\"product-small box \">\n\t\t<div class=\"box-image\">\n\t\t\t<div class=\"image-zoom\">\n\t\t\t\t<a href=\"https:\/\/breville-nordic.com\/da\/produkt\/smorgasgrill-dc-high-gloss\/\">\n\t\t\t\t\t<img loading=\"lazy\" decoding=\"async\" width=\"300\" height=\"300\" src=\"https:\/\/breville-nordic.com\/wp-content\/uploads\/2019\/11\/BR203020_sida_w-300x300.jpg\" class=\"attachment-woocommerce_thumbnail size-woocommerce_thumbnail\" alt=\"Sm\u00f8rbr\u00f8dgrill DC, High Gloss\" srcset=\"https:\/\/breville-nordic.com\/wp-content\/uploads\/2019\/11\/BR203020_sida_w-300x300.jpg 300w, https:\/\/breville-nordic.com\/wp-content\/uploads\/2019\/11\/BR203020_sida_w-1024x1024.jpg 1024w, https:\/\/breville-nordic.com\/wp-content\/uploads\/2019\/11\/BR203020_sida_w-150x150.jpg 150w, https:\/\/breville-nordic.com\/wp-content\/uploads\/2019\/11\/BR203020_sida_w-768x768.jpg 768w, https:\/\/breville-nordic.com\/wp-content\/uploads\/2019\/11\/BR203020_sida_w-600x600.jpg 600w, https:\/\/breville-nordic.com\/wp-content\/uploads\/2019\/11\/BR203020_sida_w-100x100.jpg 100w, https:\/\/breville-nordic.com\/wp-content\/uploads\/2019\/11\/BR203020_sida_w.jpg 1200w\" sizes=\"auto, (max-width: 300px) 100vw, 300px\" \/>\t\t\t\t<\/a>\n\t\t\t<\/div>\n\t\t\t<div class=\"image-tools is-small top right show-on-hover\">\n\t\t\t\t\t\t\t<\/div>\n\t\t\t<div class=\"image-tools is-small hide-for-small bottom left show-on-hover\">\n\t\t\t\t\t\t\t<\/div>\n\t\t\t<div class=\"image-tools grid-tools text-center hide-for-small bottom hover-slide-in show-on-hover\">\n\t\t\t\t\t\t\t<\/div>\n\t\t\t\t\t<\/div>\n\n\t\t<div class=\"box-text box-text-products\">\n\t\t\t<div class=\"title-wrapper\"><p class=\"name product-title woocommerce-loop-product__title\"><a href=\"https:\/\/breville-nordic.com\/da\/produkt\/smorgasgrill-dc-high-gloss\/\" class=\"woocommerce-LoopProduct-link woocommerce-loop-product__link\">Sm\u00f8rbr\u00f8dgrill DC, High Gloss<\/a><\/p><\/div><div class=\"price-wrapper\"><stock-price-element-widget product-id=\"\" align=\"left\"><\/stock-price-element-widget><\/div><a href=\"https:\/\/breville-nordic.com\/da\/produkt\/smorgasgrill-dc-high-gloss\/\" class=\"btn-wh-product\">K\u00f6p<\/a>\t\t<\/div>\n\t<\/div>\n\t\t<\/div>\n<\/div><\/div>\n<div class=\"container section-title-container\" ><h3 class=\"section-title section-title-center\"><b aria-hidden=\"true\"><\/b><span class=\"section-title-main\" >Bliv inspireret<\/span><b aria-hidden=\"true\"><\/b><\/h3><\/div>\n\n  \n    <div class=\"row large-columns-3 medium-columns-1 small-columns-1 slider row-slider slider-nav-reveal\"  data-flickity-options='{&quot;imagesLoaded&quot;: true, &quot;groupCells&quot;: &quot;100%&quot;, &quot;dragThreshold&quot; : 5, &quot;cellAlign&quot;: &quot;left&quot;,&quot;wrapAround&quot;: true,&quot;prevNextButtons&quot;: true,&quot;percentPosition&quot;: true,&quot;pageDots&quot;: false, &quot;rightToLeft&quot;: false, &quot;autoPlay&quot; : false}' >\n\n  <\/div>\n","protected":false},"excerpt":{"rendered":"<p><strong>Lag dr\u00f8mmesm\u00f8rbr\u00f8det i en fei med den dype sm\u00f8rbr\u00f8dgrillen fra Breville. Den romslige grillommen gj\u00f8r at du kan grille store sm\u00f8rbr\u00f8d med mye p\u00e5legg.<\/strong><\/p>\n<p><strong>\u00a0<\/strong>Lag et sm\u00f8rbr\u00f8dt\u00e5rn med den dype sm\u00f8rbr\u00f8dgrillen fra Breville. Den har ekstra romslige grillommer med plass til store sm\u00f8rbr\u00f8d som du kan fylle med alt tenkelig tilbeh\u00f8r og p\u00e5legg. En kreativ sjel kan til og med bruke sm\u00f8rbr\u00f8dgrillen til \u00e5 steke omeletter eller lage ulike typer innbakinger. Spesialelementene i grillen er tilpasset for \u00e5 gi maten en spesielt spr\u00f8 overflate, og grillen blir raskt en trofast f\u00f8lgesvenn p\u00e5 kj\u00f8kkenet. De todelte grillplatene er fullstendig avtakbare og veldig enkle \u00e5 rengj\u00f8re med varmt vann og en klut eller t\u00f8rkerull.<\/p>\n<ul>\n<li>DuraCeramic-belegg<\/li>\n<li>Lamper som indikerer n\u00e5r grillen er p\u00e5<\/li>\n<li>Ledningsoppheng og sklisikre f\u00f8tter<\/li>\n<li>Avtakbare plater som kan vaskes i oppvaskmaskin<\/li>\n<\/ul>\n<p>&nbsp;<\/p>\n","protected":false},"featured_media":3123,"template":"","meta":{"_acf_changed":false},"product_brand":[],"product_cat":[149,170],"product_tag":[172,174,185],"class_list":{"0":"post-3860","1":"product","2":"type-product","3":"status-publish","4":"has-post-thumbnail","6":"product_cat-high-gloss","7":"product_cat-sandwichgriller","8":"product_tag-grillade-da","9":"product_tag-smorgasgrill-da","10":"product_tag-varma-mackor-da","12":"last","13":"instock","14":"taxable","15":"shipping-taxable","16":"product-type-external"},"acf":[],"_links":{"self":[{"href":"https:\/\/breville-nordic.com\/da\/wp-json\/wp\/v2\/product\/3860","targetHints":{"allow":["GET"]}}],"collection":[{"href":"https:\/\/breville-nordic.com\/da\/wp-json\/wp\/v2\/product"}],"about":[{"href":"https:\/\/breville-nordic.com\/da\/wp-json\/wp\/v2\/types\/product"}],"wp:featuredmedia":[{"embeddable":true,"href":"https:\/\/breville-nordic.com\/da\/wp-json\/wp\/v2\/media\/3123"}],"wp:attachment":[{"href":"https:\/\/breville-nordic.com\/da\/wp-json\/wp\/v2\/media?parent=3860"}],"wp:term":[{"taxonomy":"product_brand","embeddable":true,"href":"https:\/\/breville-nordic.com\/da\/wp-json\/wp\/v2\/product_brand?post=3860"},{"taxonomy":"product_cat","embeddable":true,"href":"https:\/\/breville-nordic.com\/da\/wp-json\/wp\/v2\/product_cat?post=3860"},{"taxonomy":"product_tag","embeddable":true,"href":"https:\/\/breville-nordic.com\/da\/wp-json\/wp\/v2\/product_tag?post=3860"}],"curies":[{"name":"wp","href":"https:\/\/api.w.org\/{rel}","templated":true}]}}