{"id":3869,"date":"2019-10-27T15:10:31","date_gmt":"2019-10-27T14:10:31","guid":{"rendered":"https:\/\/breville-nordic.com\/produkt\/vaffeljarn-breville\/"},"modified":"2020-03-06T10:30:13","modified_gmt":"2020-03-06T09:30:13","slug":"vaffeljarn-breville","status":"publish","type":"product","link":"https:\/\/breville-nordic.com\/da\/produkt\/vaffeljarn-breville\/","title":{"rendered":"Vaffeljern, DC"},"content":{"rendered":"<div class=\"row\"  id=\"row-709255663\">\n\n\t<div id=\"col-1741246122\" class=\"col medium-6 small-12 large-6\"  >\n\t\t\t\t<div class=\"col-inner\"  >\n\t\t\t\n\t\t\t\n\t<div class=\"img has-hover x md-x lg-x y md-y lg-y\" id=\"image_128722194\">\n\t\t\t\t\t\t\t\t<div class=\"img-inner dark\" style=\"margin:0px 0px -25px 0px;\">\n\t\t\t<img loading=\"lazy\" decoding=\"async\" width=\"1020\" height=\"574\" src=\"https:\/\/breville-nordic.com\/wp-content\/uploads\/2020\/01\/v\u00e5ffla-kopia-1024x576.jpg\" class=\"attachment-large size-large\" alt=\"\" srcset=\"https:\/\/breville-nordic.com\/wp-content\/uploads\/2020\/01\/v\u00e5ffla-kopia-1024x576.jpg 1024w, https:\/\/breville-nordic.com\/wp-content\/uploads\/2020\/01\/v\u00e5ffla-kopia-300x169.jpg 300w, https:\/\/breville-nordic.com\/wp-content\/uploads\/2020\/01\/v\u00e5ffla-kopia-768x432.jpg 768w, https:\/\/breville-nordic.com\/wp-content\/uploads\/2020\/01\/v\u00e5ffla-kopia-1536x864.jpg 1536w, https:\/\/breville-nordic.com\/wp-content\/uploads\/2020\/01\/v\u00e5ffla-kopia-2048x1152.jpg 2048w, https:\/\/breville-nordic.com\/wp-content\/uploads\/2020\/01\/v\u00e5ffla-kopia-600x338.jpg 600w\" sizes=\"auto, (max-width: 1020px) 100vw, 1020px\" \/>\t\t\t\t\t\t\n\t\t\t\t\t<\/div>\n\t\t\t\t\t\t\t\t\n<style>\n#image_128722194 {\n  width: 100%;\n}\n<\/style>\n\t<\/div>\n\t\n\t\t<\/div>\n\t\t\t\t\t<\/div>\n\n\t\n\n\t<div id=\"col-2051731304\" class=\"col medium-6 small-12 large-6\"  >\n\t\t\t\t<div class=\"col-inner\"  >\n\t\t\t\n\t\t\t\n<h2>Belgiske vafler er ikke som danske<\/h2>\n<p>En belgisk vaffel er en firkantet og lidt h\u00f8jere vaffel end en klassisk dansk vaffel. Det skyldes, at man har 1 spsk. bagepulver i dejen, s\u00e5 de bliver rigtigt luftige. Sammen med chokoladesauce og is eller fl\u00f8deskum er dette ren nydelse!<\/p>\n<h3><em>L\u00e4nk (g\u00f6r knapp)<\/em><\/h3>\n\t\t<\/div>\n\t\t\t\t\t<\/div>\n\n\t\n<\/div>\n<div class=\"is-divider divider clearfix\" style=\"max-width:100%;height:1px;\"><\/div>\n<div class=\"row align-middle\"  id=\"row-1430214999\">\n\n\t<div id=\"col-1488765520\" class=\"col medium-6 small-12 large-6\"  >\n\t\t\t\t<div class=\"col-inner\"  >\n\t\t\t\n\t\t\t\n<h2>Aftagelige slip-let-plader<\/h2>\n<p>Den todelte grillplade er helt aftagelig og er s\u00e5 nem at reng\u00f8re, at man kan g\u00f8re det i h\u00e5nden.<\/p>\n\t\t<\/div>\n\t\t\t\t\t<\/div>\n\n\t\n\n\t<div id=\"col-657702520\" class=\"col medium-6 small-12 large-6\"  >\n\t\t\t\t<div class=\"col-inner\"  >\n\t\t\t\n\t\t\t\n\t<div class=\"img has-hover x md-x lg-x y md-y lg-y\" id=\"image_1828179591\">\n\t\t\t\t\t\t\t\t<div class=\"img-inner image-cover dark\" style=\"padding-top:300px;\">\n\t\t\t<img loading=\"lazy\" decoding=\"async\" width=\"1020\" height=\"573\" src=\"https:\/\/breville-nordic.com\/wp-content\/uploads\/2019\/12\/BR203022_PUSH_BUTTON_HAND-w1-1024x575.jpg\" class=\"attachment-large size-large\" alt=\"\" srcset=\"https:\/\/breville-nordic.com\/wp-content\/uploads\/2019\/12\/BR203022_PUSH_BUTTON_HAND-w1-1024x575.jpg 1024w, https:\/\/breville-nordic.com\/wp-content\/uploads\/2019\/12\/BR203022_PUSH_BUTTON_HAND-w1-300x169.jpg 300w, https:\/\/breville-nordic.com\/wp-content\/uploads\/2019\/12\/BR203022_PUSH_BUTTON_HAND-w1-768x432.jpg 768w, https:\/\/breville-nordic.com\/wp-content\/uploads\/2019\/12\/BR203022_PUSH_BUTTON_HAND-w1-1536x863.jpg 1536w, https:\/\/breville-nordic.com\/wp-content\/uploads\/2019\/12\/BR203022_PUSH_BUTTON_HAND-w1-600x337.jpg 600w, https:\/\/breville-nordic.com\/wp-content\/uploads\/2019\/12\/BR203022_PUSH_BUTTON_HAND-w1.jpg 1573w\" sizes=\"auto, (max-width: 1020px) 100vw, 1020px\" \/>\t\t\t\t\t\t\n\t\t\t\t\t<\/div>\n\t\t\t\t\t\t\t\t\n<style>\n#image_1828179591 {\n  width: 100%;\n}\n<\/style>\n\t<\/div>\n\t\n\t\t<\/div>\n\t\t\t\t\t<\/div>\n\n\t\n<\/div>\n<div class=\"container section-title-container\" ><h3 class=\"section-title section-title-center\"><b aria-hidden=\"true\"><\/b><span class=\"section-title-main\" >Se disse produkter<\/span><b aria-hidden=\"true\"><\/b><\/h3><\/div>\n\t\n  \n    <div class=\"row large-columns-4 medium-columns-3 small-columns-2 row-small slider row-slider slider-nav-reveal slider-nav-push\"  data-flickity-options='{&quot;imagesLoaded&quot;: true, &quot;groupCells&quot;: &quot;100%&quot;, &quot;dragThreshold&quot; : 5, &quot;cellAlign&quot;: &quot;left&quot;,&quot;wrapAround&quot;: true,&quot;prevNextButtons&quot;: true,&quot;percentPosition&quot;: true,&quot;pageDots&quot;: false, &quot;rightToLeft&quot;: false, &quot;autoPlay&quot; : false}' >\n\n  \n\t     <div class=\"product-small col has-hover product type-product post-3854 status-publish first instock product_cat-sandwichgriller product_tag-grillade-da product_tag-paninigrill-da product_tag-smorgasgrill-da product_tag-varma-mackor-da has-post-thumbnail taxable shipping-taxable product-type-external\">\n\t<div class=\"col-inner\">\n\t\n<div class=\"badge-container absolute left top z-1\">\n\n<\/div>\n\t<div class=\"product-small box \">\n\t\t<div class=\"box-image\">\n\t\t\t<div class=\"image-zoom\">\n\t\t\t\t<a href=\"https:\/\/breville-nordic.com\/da\/produkt\/paninigrill-stor\/\">\n\t\t\t\t\t<img loading=\"lazy\" decoding=\"async\" width=\"300\" height=\"300\" src=\"https:\/\/breville-nordic.com\/wp-content\/uploads\/2019\/11\/203018_plain-1-300x300.jpg\" class=\"attachment-woocommerce_thumbnail size-woocommerce_thumbnail\" alt=\"Paninigrill med plads til 4 skiver\" srcset=\"https:\/\/breville-nordic.com\/wp-content\/uploads\/2019\/11\/203018_plain-1-300x300.jpg 300w, https:\/\/breville-nordic.com\/wp-content\/uploads\/2019\/11\/203018_plain-1-150x150.jpg 150w, https:\/\/breville-nordic.com\/wp-content\/uploads\/2019\/11\/203018_plain-1-768x768.jpg 768w, https:\/\/breville-nordic.com\/wp-content\/uploads\/2019\/11\/203018_plain-1-1024x1024.jpg 1024w, https:\/\/breville-nordic.com\/wp-content\/uploads\/2019\/11\/203018_plain-1-600x600.jpg 600w, https:\/\/breville-nordic.com\/wp-content\/uploads\/2019\/11\/203018_plain-1-100x100.jpg 100w\" sizes=\"auto, (max-width: 300px) 100vw, 300px\" \/>\t\t\t\t<\/a>\n\t\t\t<\/div>\n\t\t\t<div class=\"image-tools is-small top right show-on-hover\">\n\t\t\t\t\t\t\t<\/div>\n\t\t\t<div class=\"image-tools is-small hide-for-small bottom left show-on-hover\">\n\t\t\t\t\t\t\t<\/div>\n\t\t\t<div class=\"image-tools grid-tools text-center hide-for-small bottom hover-slide-in show-on-hover\">\n\t\t\t\t\t\t\t<\/div>\n\t\t\t\t\t<\/div>\n\n\t\t<div class=\"box-text box-text-products\">\n\t\t\t<div class=\"title-wrapper\"><p class=\"name product-title woocommerce-loop-product__title\"><a href=\"https:\/\/breville-nordic.com\/da\/produkt\/paninigrill-stor\/\" class=\"woocommerce-LoopProduct-link woocommerce-loop-product__link\">Paninigrill med plads til 4 skiver<\/a><\/p><\/div><div class=\"price-wrapper\"><stock-price-element-widget product-id=\"\" align=\"left\"><\/stock-price-element-widget><\/div><a href=\"https:\/\/breville-nordic.com\/da\/produkt\/paninigrill-stor\/\" class=\"btn-wh-product\">K\u00f6p<\/a>\t\t<\/div>\n\t<\/div>\n\t\t<\/div>\n<\/div><div class=\"product-small col has-hover product type-product post-3857 status-publish instock product_cat-sandwichgriller product_tag-grillade-da product_tag-smorgasgrill-da product_tag-varma-mackor-da has-post-thumbnail taxable shipping-taxable product-type-external\">\n\t<div class=\"col-inner\">\n\t\n<div class=\"badge-container absolute left top z-1\">\n\n<\/div>\n\t<div class=\"product-small box \">\n\t\t<div class=\"box-image\">\n\t\t\t<div class=\"image-zoom\">\n\t\t\t\t<a href=\"https:\/\/breville-nordic.com\/da\/produkt\/smorgasgrill-dc-2\/\">\n\t\t\t\t\t<img loading=\"lazy\" decoding=\"async\" width=\"300\" height=\"300\" src=\"https:\/\/breville-nordic.com\/wp-content\/uploads\/2019\/11\/BR203021_sida_w-300x300.jpg\" class=\"attachment-woocommerce_thumbnail size-woocommerce_thumbnail\" alt=\"Sandwichgrill til 2 skiver, DC\" srcset=\"https:\/\/breville-nordic.com\/wp-content\/uploads\/2019\/11\/BR203021_sida_w-300x300.jpg 300w, https:\/\/breville-nordic.com\/wp-content\/uploads\/2019\/11\/BR203021_sida_w-1024x1024.jpg 1024w, https:\/\/breville-nordic.com\/wp-content\/uploads\/2019\/11\/BR203021_sida_w-150x150.jpg 150w, https:\/\/breville-nordic.com\/wp-content\/uploads\/2019\/11\/BR203021_sida_w-768x768.jpg 768w, https:\/\/breville-nordic.com\/wp-content\/uploads\/2019\/11\/BR203021_sida_w-600x600.jpg 600w, https:\/\/breville-nordic.com\/wp-content\/uploads\/2019\/11\/BR203021_sida_w-100x100.jpg 100w, https:\/\/breville-nordic.com\/wp-content\/uploads\/2019\/11\/BR203021_sida_w.jpg 1200w\" sizes=\"auto, (max-width: 300px) 100vw, 300px\" \/>\t\t\t\t<\/a>\n\t\t\t<\/div>\n\t\t\t<div class=\"image-tools is-small top right show-on-hover\">\n\t\t\t\t\t\t\t<\/div>\n\t\t\t<div class=\"image-tools is-small hide-for-small bottom left show-on-hover\">\n\t\t\t\t\t\t\t<\/div>\n\t\t\t<div class=\"image-tools grid-tools text-center hide-for-small bottom hover-slide-in show-on-hover\">\n\t\t\t\t\t\t\t<\/div>\n\t\t\t\t\t<\/div>\n\n\t\t<div class=\"box-text box-text-products\">\n\t\t\t<div class=\"title-wrapper\"><p class=\"name product-title woocommerce-loop-product__title\"><a href=\"https:\/\/breville-nordic.com\/da\/produkt\/smorgasgrill-dc-2\/\" class=\"woocommerce-LoopProduct-link woocommerce-loop-product__link\">Sandwichgrill til 2 skiver, DC<\/a><\/p><\/div><div class=\"price-wrapper\"><stock-price-element-widget product-id=\"\" align=\"left\"><\/stock-price-element-widget><\/div><a href=\"https:\/\/breville-nordic.com\/da\/produkt\/smorgasgrill-dc-2\/\" class=\"btn-wh-product\">K\u00f6p<\/a>\t\t<\/div>\n\t<\/div>\n\t\t<\/div>\n<\/div><div class=\"product-small col has-hover product type-product post-3860 status-publish instock product_cat-high-gloss product_cat-sandwichgriller product_tag-grillade-da product_tag-smorgasgrill-da product_tag-varma-mackor-da has-post-thumbnail taxable shipping-taxable product-type-external\">\n\t<div class=\"col-inner\">\n\t\n<div class=\"badge-container absolute left top z-1\">\n\n<\/div>\n\t<div class=\"product-small box \">\n\t\t<div class=\"box-image\">\n\t\t\t<div class=\"image-zoom\">\n\t\t\t\t<a href=\"https:\/\/breville-nordic.com\/da\/produkt\/smorgasgrill-dc-high-gloss\/\">\n\t\t\t\t\t<img loading=\"lazy\" decoding=\"async\" width=\"300\" height=\"300\" src=\"https:\/\/breville-nordic.com\/wp-content\/uploads\/2019\/11\/BR203020_sida_w-300x300.jpg\" class=\"attachment-woocommerce_thumbnail size-woocommerce_thumbnail\" alt=\"Sm\u00f8rbr\u00f8dgrill DC, High Gloss\" srcset=\"https:\/\/breville-nordic.com\/wp-content\/uploads\/2019\/11\/BR203020_sida_w-300x300.jpg 300w, https:\/\/breville-nordic.com\/wp-content\/uploads\/2019\/11\/BR203020_sida_w-1024x1024.jpg 1024w, https:\/\/breville-nordic.com\/wp-content\/uploads\/2019\/11\/BR203020_sida_w-150x150.jpg 150w, https:\/\/breville-nordic.com\/wp-content\/uploads\/2019\/11\/BR203020_sida_w-768x768.jpg 768w, https:\/\/breville-nordic.com\/wp-content\/uploads\/2019\/11\/BR203020_sida_w-600x600.jpg 600w, https:\/\/breville-nordic.com\/wp-content\/uploads\/2019\/11\/BR203020_sida_w-100x100.jpg 100w, https:\/\/breville-nordic.com\/wp-content\/uploads\/2019\/11\/BR203020_sida_w.jpg 1200w\" sizes=\"auto, (max-width: 300px) 100vw, 300px\" \/>\t\t\t\t<\/a>\n\t\t\t<\/div>\n\t\t\t<div class=\"image-tools is-small top right show-on-hover\">\n\t\t\t\t\t\t\t<\/div>\n\t\t\t<div class=\"image-tools is-small hide-for-small bottom left show-on-hover\">\n\t\t\t\t\t\t\t<\/div>\n\t\t\t<div class=\"image-tools grid-tools text-center hide-for-small bottom hover-slide-in show-on-hover\">\n\t\t\t\t\t\t\t<\/div>\n\t\t\t\t\t<\/div>\n\n\t\t<div class=\"box-text box-text-products\">\n\t\t\t<div class=\"title-wrapper\"><p class=\"name product-title woocommerce-loop-product__title\"><a href=\"https:\/\/breville-nordic.com\/da\/produkt\/smorgasgrill-dc-high-gloss\/\" class=\"woocommerce-LoopProduct-link woocommerce-loop-product__link\">Sm\u00f8rbr\u00f8dgrill DC, High Gloss<\/a><\/p><\/div><div class=\"price-wrapper\"><stock-price-element-widget product-id=\"\" align=\"left\"><\/stock-price-element-widget><\/div><a href=\"https:\/\/breville-nordic.com\/da\/produkt\/smorgasgrill-dc-high-gloss\/\" class=\"btn-wh-product\">K\u00f6p<\/a>\t\t<\/div>\n\t<\/div>\n\t\t<\/div>\n<\/div><\/div>\n<div class=\"container section-title-container\" ><h3 class=\"section-title section-title-center\"><b aria-hidden=\"true\"><\/b><span class=\"section-title-main\" >Find inspiration<\/span><b aria-hidden=\"true\"><\/b><\/h3><\/div>\n\n  \n    <div class=\"row large-columns-3 medium-columns-1 small-columns-1 slider row-slider slider-nav-reveal\"  data-flickity-options='{&quot;imagesLoaded&quot;: true, &quot;groupCells&quot;: &quot;100%&quot;, &quot;dragThreshold&quot; : 5, &quot;cellAlign&quot;: &quot;left&quot;,&quot;wrapAround&quot;: true,&quot;prevNextButtons&quot;: true,&quot;percentPosition&quot;: true,&quot;pageDots&quot;: false, &quot;rightToLeft&quot;: false, &quot;autoPlay&quot; : false}' >\n\n  <\/div>\n","protected":false},"excerpt":{"rendered":"<p><strong>Lag lekre belgiske vafler p\u00e5 f\u00e5 minutter med dette Breville-vaffeljernet med DuraCeramic-belegg. Hell i r\u00f8ren, s\u00e5 tar jernet seg av resten.<\/strong><\/p>\n<p>Dette vaffeljernet fra Breville hjelper deg \u00e5 lage tykke belgiske vafler som du kan spise b\u00e5de til hverdags og til fest. Hell vaffelr\u00f8ren p\u00e5 den varme stekeplaten, og vent mens jernet tar seg av resten. Lag klassiske vafler med krem og syltet\u00f8y eller brunost, eller pr\u00f8v noe annerledes, for eksempel amerikanske frokostvafler med bacon og egg. Vaffeljernet har h\u00f8ye hengsler som reduserer s\u00f8l, og platene har et DuraCeramic-belegg som raskt kommer opp i varme. H\u00e5ndtaket forblir kaldt under bruk, og jernet st\u00e5r stabilt og trygt p\u00e5 kj\u00f8kkenbenken.<\/p>\n<ul>\n<li>DuraCeramic-belegg<\/li>\n<li>Varmeindikatorer som viser n\u00e5r jernet har n\u00e5dd arbeidstemperatur<\/li>\n<li>H\u00f8y hengsel og kaldt h\u00e5ndtak<\/li>\n<li>Praktisk ledningsrulle<\/li>\n<\/ul>\n","protected":false},"featured_media":3393,"template":"","meta":{"_acf_changed":false},"product_brand":[],"product_cat":[228],"product_tag":[203,204,205],"class_list":{"0":"post-3869","1":"product","2":"type-product","3":"status-publish","4":"has-post-thumbnail","6":"product_cat-vaffeljern-da","7":"product_tag-belgiska-vafflor-da","8":"product_tag-dessert-da","9":"product_tag-vafflor-da","11":"last","12":"instock","13":"taxable","14":"shipping-taxable","15":"product-type-external"},"acf":[],"_links":{"self":[{"href":"https:\/\/breville-nordic.com\/da\/wp-json\/wp\/v2\/product\/3869","targetHints":{"allow":["GET"]}}],"collection":[{"href":"https:\/\/breville-nordic.com\/da\/wp-json\/wp\/v2\/product"}],"about":[{"href":"https:\/\/breville-nordic.com\/da\/wp-json\/wp\/v2\/types\/product"}],"wp:featuredmedia":[{"embeddable":true,"href":"https:\/\/breville-nordic.com\/da\/wp-json\/wp\/v2\/media\/3393"}],"wp:attachment":[{"href":"https:\/\/breville-nordic.com\/da\/wp-json\/wp\/v2\/media?parent=3869"}],"wp:term":[{"taxonomy":"product_brand","embeddable":true,"href":"https:\/\/breville-nordic.com\/da\/wp-json\/wp\/v2\/product_brand?post=3869"},{"taxonomy":"product_cat","embeddable":true,"href":"https:\/\/breville-nordic.com\/da\/wp-json\/wp\/v2\/product_cat?post=3869"},{"taxonomy":"product_tag","embeddable":true,"href":"https:\/\/breville-nordic.com\/da\/wp-json\/wp\/v2\/product_tag?post=3869"}],"curies":[{"name":"wp","href":"https:\/\/api.w.org\/{rel}","templated":true}]}}