{"id":4975,"date":"2021-09-28T12:04:46","date_gmt":"2021-09-28T10:04:46","guid":{"rendered":"https:\/\/breville-nordic.com\/produkt\/prima-latte-iii-kaffemaskin-rod\/"},"modified":"2025-08-07T11:19:49","modified_gmt":"2025-08-07T09:19:49","slug":"prima-latte-iii-kaffemaskin-svart","status":"publish","type":"product","link":"https:\/\/breville-nordic.com\/da\/produkt\/prima-latte-iii-kaffemaskin-svart\/","title":{"rendered":"Prima Latte III Kaffemaskin, svart"},"content":{"rendered":"<div class=\"accordion\">\n\t<div id=\"accordion-2564840875\" class=\"accordion-item\">\n\t\t<a id=\"accordion-2564840875-label\" class=\"accordion-title plain\" href=\"#accordion-item-specifikationer\" aria-expanded=\"false\" aria-controls=\"accordion-2564840875-content\">\n\t\t\t<button class=\"toggle\" aria-label=\"Sl\u00e5 til\/fra\"><i class=\"icon-angle-down\" aria-hidden=\"true\"><\/i><\/button>\n\t\t\t<span>Specifikationer<\/span>\n\t\t<\/a>\n\t\t<div id=\"accordion-2564840875-content\" class=\"accordion-inner\" aria-labelledby=\"accordion-2564840875-label\">\n\t\t\t\n<p>Artikelnummer: 203065<\/p>\n<p>Produktnummer: VCF146X-01<\/p>\n<p>F\u00e4rg: Gr\u00e5<\/p>\n<p>Energif\u00f6rbrukning: 1,05 &#8211; 1,24 kWph<\/p>\n<p>Watt:1050-1245 W<\/p>\n<p>Vikt: 5,57 kg<\/p>\n<p>M\u00e5tt: L:37 cm B: 22 cm H: 32 cm<\/p>\n\t\t<\/div>\n\t<\/div>\n\t\n<\/div>\n\t\n  \n    <div class=\"row large-columns-5 medium-columns-3 small-columns-2 row-small slider row-slider slider-nav-reveal slider-nav-push\"  data-flickity-options='{&quot;imagesLoaded&quot;: true, &quot;groupCells&quot;: &quot;100%&quot;, &quot;dragThreshold&quot; : 5, &quot;cellAlign&quot;: &quot;left&quot;,&quot;wrapAround&quot;: true,&quot;prevNextButtons&quot;: true,&quot;percentPosition&quot;: true,&quot;pageDots&quot;: false, &quot;rightToLeft&quot;: false, &quot;autoPlay&quot; : false}' >\n\n  <\/div>\n\n  \n    <div class=\"row large-columns-3 medium-columns-1 small-columns-1 slider row-slider slider-nav-reveal\"  data-flickity-options='{&quot;imagesLoaded&quot;: true, &quot;groupCells&quot;: &quot;100%&quot;, &quot;dragThreshold&quot; : 5, &quot;cellAlign&quot;: &quot;left&quot;,&quot;wrapAround&quot;: true,&quot;prevNextButtons&quot;: true,&quot;percentPosition&quot;: true,&quot;pageDots&quot;: false, &quot;rightToLeft&quot;: false, &quot;autoPlay&quot; : false}' >\n\n  <\/div>\n","protected":false},"excerpt":{"rendered":"<p>Prima Latte III er en automatisk kaffemaskine, hvor du med nogle f\u00e5 knaptrykninger f\u00e5r lige s\u00e5 god espresso, cappuccino og latte som p\u00e5 en caf\u00e9. Displayet viser, n\u00e5r maskinen er klar til brug, og du kan derefter v\u00e6lge mellem enkelt eller dobbelt espresso. Du skal blot fylde filteret med klassisk malet kaffe eller E.S.E pods. Du kan v\u00e6lge at skumme flere forskellige typer m\u00e6lk i den integrerede m\u00e6lkebeholder; alt fra \u00e6rtem\u00e6lk og sojam\u00e6lk til s\u00f8dm\u00e6lk, og med et tryk p\u00e5 19 bar kan du f\u00e5 skummet lige som du vil have det. N\u00e5r maskinen skal reng\u00f8res, t\u00e6ndes en lampe i displayet, der husker dig p\u00e5 dette.<\/p>\n<p>Maskinen leveres med filtre til enkelt og dobbelt espresso samt E.S.E pods, m\u00e6lkekande og reng\u00f8ringss\u00e6t.<\/p>\n<ul>\n<li>Forbedret portafilterh\u00e5ndtag med sp\u00e6rre<\/li>\n<li>Indikator, der fort\u00e6ller dig, n\u00e5r vandet er varmt<\/li>\n<li>Enkelt og dobbelt st\u00f8rrelse beskrevet i tal<\/li>\n<li>Reng\u00f8ringscyklus, der fort\u00e6ller dig, n\u00e5r det er tid til at reng\u00f8re<\/li>\n<li>Integreret m\u00e6lkeskummer<\/li>\n<\/ul>\n","protected":false},"featured_media":6296,"template":"","meta":{"_acf_changed":false},"product_brand":[],"product_cat":[95],"product_tag":[],"class_list":{"0":"post-4975","1":"product","2":"type-product","3":"status-publish","4":"has-post-thumbnail","6":"product_cat-kaffemaskiner","8":"first","9":"instock","10":"taxable","11":"shipping-taxable","12":"product-type-external"},"acf":[],"_links":{"self":[{"href":"https:\/\/breville-nordic.com\/da\/wp-json\/wp\/v2\/product\/4975","targetHints":{"allow":["GET"]}}],"collection":[{"href":"https:\/\/breville-nordic.com\/da\/wp-json\/wp\/v2\/product"}],"about":[{"href":"https:\/\/breville-nordic.com\/da\/wp-json\/wp\/v2\/types\/product"}],"wp:featuredmedia":[{"embeddable":true,"href":"https:\/\/breville-nordic.com\/da\/wp-json\/wp\/v2\/media\/6296"}],"wp:attachment":[{"href":"https:\/\/breville-nordic.com\/da\/wp-json\/wp\/v2\/media?parent=4975"}],"wp:term":[{"taxonomy":"product_brand","embeddable":true,"href":"https:\/\/breville-nordic.com\/da\/wp-json\/wp\/v2\/product_brand?post=4975"},{"taxonomy":"product_cat","embeddable":true,"href":"https:\/\/breville-nordic.com\/da\/wp-json\/wp\/v2\/product_cat?post=4975"},{"taxonomy":"product_tag","embeddable":true,"href":"https:\/\/breville-nordic.com\/da\/wp-json\/wp\/v2\/product_tag?post=4975"}],"curies":[{"name":"wp","href":"https:\/\/api.w.org\/{rel}","templated":true}]}}