{"id":4989,"date":"2021-09-28T12:21:49","date_gmt":"2021-09-28T10:21:49","guid":{"rendered":"https:\/\/breville-nordic.com\/produkt\/barista-max-plus\/"},"modified":"2022-10-07T09:14:54","modified_gmt":"2022-10-07T07:14:54","slug":"barista-max-plus","status":"publish","type":"product","link":"https:\/\/breville-nordic.com\/da\/produkt\/barista-max-plus\/","title":{"rendered":"Barista Max Plus"},"content":{"rendered":"<h2><strong>Bliv din egen barista med Breville Barista Max Plus!<\/strong><\/h2>\n<ul>\n<li>LCD-display med kontrol over dosering, ekstraktion og reng\u00f8ring<\/li>\n<li>Indbygget kaffekv\u00e6rn<\/li>\n<li>Program for enkelt espresso, dobbelt espresso og manuel brygning<\/li>\n<li>Kraftfuld m\u00e6lkeskummer<\/li>\n<li>Pre infusion<\/li>\n<li>PID-temperaturkontrol og Thermoblock-opvarmning<\/li>\n<li>2,8 liter aftagelig vandtank<\/li>\n<\/ul>\n<p>Maskinen leveres med filter til enkelt og dobbelt espresso, m\u00e6lkekande og reng\u00f8ringss\u00e6t.<\/p>\n<h2>PID Control<\/h2>\n<p>En kaffemaskine med en traditionel termostat har en tendens til at brygge kaffen lidt for kold eller lidt for varm. For koldt vand vil give underekstraheret kaffe med en sur tone og for varmt vand vil give overekstraheret kaffe og efterlade en bitter tone. En PID-kontrol bidrager til en mere j\u00e6vn temperatur for en perfekt og afbalanceret espresso hver gang.<\/p>\n<h2>Thermoblock technology<\/h2>\n<p>Thermoblock er en metalblok med indbyggede varmeelementer. N\u00e5r vandet l\u00f8ber igennem, opvarmes det. Denne teknologi er hurtigere og ogs\u00e5 mere energieffektiv end en kedel, da den kun opvarmer det vand, du umiddelbart har brug for.<\/p>\n<h2>Pre Infusion<\/h2>\n<p>Pr\u00e6infusion betyder, at kaffepucken med den malede kaffe v\u00e6des f\u00f8r selve brygningen. M\u00e5let er at sikre, at al kaffe udnyttes, og at alle smagsnuancer fra b\u00f8nnerne f\u00f8lger med til espressoen.<\/p>\n","protected":false},"excerpt":{"rendered":"<p>Barista Max Plus er en elegant hjemme-barista-maskine, der giver dig s\u00e5 god en espresso, som hvis du havde bestilt den p\u00e5 en caf\u00e9. Med Barista Max Plus du laver b\u00e5de enkelt og dobbelt espresso med forvalgte programmer. Foretr\u00e6kker du en Ristretto, Lungo eller m\u00e5ske en Americano i stedet, kan du nemt bruge Play\/stop-knappen til manuel ekstraktion.<br \/>\nBarista Max Plus er forsynet med smart teknologi, der skaber en perfekt afbalanceret espresso hver gang. LCD-displayet viser dosering og ekstraktionstid og meddeler dig, n\u00e5r det er tid til at reng\u00f8re maskinen. Med pr\u00e6infusion bliver kaffepucken v\u00e6det f\u00f8r selve brygningen. Dette hj\u00e6lper med at f\u00e5 den maksimale smag og aroma ud af kaffen. Maskinen er ogs\u00e5 udstyret med en PID- temperaturkontrol, der sikrer, at vandets temperatur bliver j\u00e6vn for en perfekt ekstraktion. Thermoblock-teknik bruges til at opvarme vandet meget hurtigt. S\u00e6rdeles energieffektiv, fordi den kun opvarmer det vand, du umiddelbart har brug for.<\/p>\n","protected":false},"featured_media":6122,"template":"","meta":{"_acf_changed":false},"product_brand":[],"product_cat":[95],"product_tag":[],"class_list":{"0":"post-4989","1":"product","2":"type-product","3":"status-publish","4":"has-post-thumbnail","6":"product_cat-kaffemaskiner","8":"first","9":"instock","10":"taxable","11":"shipping-taxable","12":"product-type-external"},"acf":[],"_links":{"self":[{"href":"https:\/\/breville-nordic.com\/da\/wp-json\/wp\/v2\/product\/4989","targetHints":{"allow":["GET"]}}],"collection":[{"href":"https:\/\/breville-nordic.com\/da\/wp-json\/wp\/v2\/product"}],"about":[{"href":"https:\/\/breville-nordic.com\/da\/wp-json\/wp\/v2\/types\/product"}],"wp:featuredmedia":[{"embeddable":true,"href":"https:\/\/breville-nordic.com\/da\/wp-json\/wp\/v2\/media\/6122"}],"wp:attachment":[{"href":"https:\/\/breville-nordic.com\/da\/wp-json\/wp\/v2\/media?parent=4989"}],"wp:term":[{"taxonomy":"product_brand","embeddable":true,"href":"https:\/\/breville-nordic.com\/da\/wp-json\/wp\/v2\/product_brand?post=4989"},{"taxonomy":"product_cat","embeddable":true,"href":"https:\/\/breville-nordic.com\/da\/wp-json\/wp\/v2\/product_cat?post=4989"},{"taxonomy":"product_tag","embeddable":true,"href":"https:\/\/breville-nordic.com\/da\/wp-json\/wp\/v2\/product_tag?post=4989"}],"curies":[{"name":"wp","href":"https:\/\/api.w.org\/{rel}","templated":true}]}}