{"id":4996,"date":"2021-09-28T12:35:26","date_gmt":"2021-09-28T10:35:26","guid":{"rendered":"https:\/\/breville-nordic.com\/produkt\/bijou-barista\/"},"modified":"2022-10-07T08:46:37","modified_gmt":"2022-10-07T06:46:37","slug":"bijou-barista","status":"publish","type":"product","link":"https:\/\/breville-nordic.com\/da\/produkt\/bijou-barista\/","title":{"rendered":"Bijou Barista"},"content":{"rendered":"<div class=\"accordion\">\n\t<div id=\"accordion-1932210467\" class=\"accordion-item\">\n\t\t<a id=\"accordion-1932210467-label\" class=\"accordion-title plain\" href=\"#accordion-item-produktinfo\" aria-expanded=\"false\" aria-controls=\"accordion-1932210467-content\">\n\t\t\t<button class=\"toggle\" aria-label=\"Sl\u00e5 til\/fra\"><i class=\"icon-angle-down\" aria-hidden=\"true\"><\/i><\/button>\n\t\t\t<span>Produktinfo<\/span>\n\t\t<\/a>\n\t\t<div id=\"accordion-1932210467-content\" class=\"accordion-inner\" aria-labelledby=\"accordion-1932210467-label\">\n\t\t\t\n<p>Artikelnummer: 203067<\/p>\n<p>Produktnummer: VCF149x<\/p>\n<p>Energif\u00f6rbrukning: 1,05kWph<\/p>\n<p>Watt: 1050<\/p>\n<p>Vikt: 4,47 kg<\/p>\n<p>M\u00e5tt:<\/p>\n\t\t<\/div>\n\t<\/div>\n\t\n<\/div>\n<div class=\"is-divider divider clearfix\" style=\"margin-top:1.3em;margin-bottom:1.3em;height:0px;\"><\/div>\n<div class=\"row\"  id=\"row-675676638\">\n\n\t<div id=\"col-1979934303\" class=\"col medium-6 small-12 large-6\"  >\n\t\t\t\t<div class=\"col-inner\"  >\n\t\t\t\n\t\t\t\n\t\t<\/div>\n\t\t\t\t\t<\/div>\n\n\t\n\n\t<div id=\"col-2002994504\" class=\"col medium-6 small-12 large-6\"  >\n\t\t\t\t<div class=\"col-inner\"  >\n\t\t\t\n\t\t\t\n\t\t<\/div>\n\t\t\t\t\t<\/div>\n\n\t\n<\/div>\n","protected":false},"excerpt":{"rendered":"<p>En fleksibel lille maskine til hjemme-baristaen. Takket v\u00e6re pr\u00e6infusion bliver kaffen v\u00e6det med sm\u00e5 m\u00e6ngder vand, s\u00e5 du f\u00e5r en fyldigere og rigere aroma. Breville Bijou Barista er den eneste maskine p\u00e5 markedet, der tilbyder pr\u00e6infusion-funktionen i denne prisklasse. Maskinen har en indikator, der viser, n\u00e5r vandet har den rigtige temperatur til brygning. Manuel h\u00e5ndtering for at have fuld kontrol, s\u00e5 du kan tilpasse din kaffe pr\u00e6cis, som du vil have den. Den kraftfulde m\u00e6lkeskummer skaber et bl\u00f8dt og fint skum af m\u00e6lken. Leveres med en 1,5 liters aftagelig vandtank, enkelt- og dobbeltfilter. PID-temperaturkontrollen sikrer, at vandets temperatur bliver j\u00e6vn for en perfekt ekstraktion. Automatisk slukning og 15 bar tryk.<\/p>\n<ul>\n<li>Pr\u00e6infusion<\/li>\n<li>PID-temperaturkontrol<\/li>\n<li>Kraftfuld m\u00e6lkeskummer<\/li>\n<li>Automatisk slukning<\/li>\n<li>1,5 liter aftagelig vandtank<\/li>\n<li>15 bar tryk<\/li>\n<\/ul>\n<p>Maskinen leveres med filter til enkelt og dobbelt espresso, m\u00e6lkekande og reng\u00f8ringss\u00e6t.<\/p>\n","protected":false},"featured_media":4992,"template":"","meta":{"_acf_changed":false},"product_brand":[],"product_cat":[95],"product_tag":[],"class_list":{"0":"post-4996","1":"product","2":"type-product","3":"status-publish","4":"has-post-thumbnail","6":"product_cat-kaffemaskiner","8":"first","9":"instock","10":"taxable","11":"shipping-taxable","12":"product-type-external"},"acf":[],"_links":{"self":[{"href":"https:\/\/breville-nordic.com\/da\/wp-json\/wp\/v2\/product\/4996","targetHints":{"allow":["GET"]}}],"collection":[{"href":"https:\/\/breville-nordic.com\/da\/wp-json\/wp\/v2\/product"}],"about":[{"href":"https:\/\/breville-nordic.com\/da\/wp-json\/wp\/v2\/types\/product"}],"wp:featuredmedia":[{"embeddable":true,"href":"https:\/\/breville-nordic.com\/da\/wp-json\/wp\/v2\/media\/4992"}],"wp:attachment":[{"href":"https:\/\/breville-nordic.com\/da\/wp-json\/wp\/v2\/media?parent=4996"}],"wp:term":[{"taxonomy":"product_brand","embeddable":true,"href":"https:\/\/breville-nordic.com\/da\/wp-json\/wp\/v2\/product_brand?post=4996"},{"taxonomy":"product_cat","embeddable":true,"href":"https:\/\/breville-nordic.com\/da\/wp-json\/wp\/v2\/product_cat?post=4996"},{"taxonomy":"product_tag","embeddable":true,"href":"https:\/\/breville-nordic.com\/da\/wp-json\/wp\/v2\/product_tag?post=4996"}],"curies":[{"name":"wp","href":"https:\/\/api.w.org\/{rel}","templated":true}]}}