{"id":9584,"date":"2023-09-26T10:35:19","date_gmt":"2023-09-26T08:35:19","guid":{"rendered":"https:\/\/breville-nordic.com\/?post_type=product&#038;p=9584"},"modified":"2025-08-11T13:24:03","modified_gmt":"2025-08-11T11:24:03","slug":"vdf127x-air-fryer-oven-kopia","status":"publish","type":"product","link":"https:\/\/breville-nordic.com\/da\/produkt\/vdf127x-air-fryer-oven-kopia\/","title":{"rendered":"VDF127X Air Fryer Oven (kopia)"},"content":{"rendered":"","protected":false},"excerpt":{"rendered":"<p><strong>Breville lancerer nu en Air Fryer, der har en indbygget ovnfunktion til flere forskellige anvendelser, s\u00e5 du kan forenkle madlavningen i hverdagen.<\/strong><\/p>\n<p>Breville lancerer nu en Air Fryer, der har en indbygget ovnfunktion til flere forskellige anvendelser,<br \/>\ns\u00e5 du kan forenkle madlavningen i hverdagen. Der er fire forudindstillede programmer til<br \/>\ntilberedning: kylling, k\u00f8d, pommes frites og gr\u00f8ntsager, og du kan endda justere tid og<br \/>\ntemperatur op til 200 grader. Ud over de forudindstillede programmer er der ogs\u00e5 tre manuelle<br \/>\nindstillinger, air fry, bagning og t\u00f8rring. Drypbakken opfanger overskydende fedt og krummer og<br \/>\ner nem at tr\u00e6kke ud ved reng\u00f8ring. D\u00f8rlugen er aftagelig for at g\u00f8re det nemmere at holde din<br \/>\nAir Fryer ren og p\u00e6n. Din Air Fryer leveres med tre netbakker, som klarer en 360 graders<br \/>\nluftstr\u00f8m, en 3,2 l netkurv, et rotisserie-spyd og en rotisserie-gaffel. Rotisserie handler i praksis<br \/>\nom grillning med et roterende spyd. Rotisserie-spyd kan for eksempel bruges til at give en j\u00e6vn<br \/>\nfordeling af varmen ved grillning af f.eks. en hel kylling eller en steg. Hvis du \u00f8nsker at fritere og<br \/>\nf\u00e5 en j\u00e6vn overflade p\u00e5 mindre f\u00f8devarer, skal du bruge den roterende kurv.<\/p>\n<ul>\n<li>Kombineret air fryer og ovn<\/li>\n<li>4 forudindstillede programmer<\/li>\n<li>3 manuelle tilstande<\/li>\n<li>Aftagelig d\u00f8rluge<\/li>\n<li>Netbakke<\/li>\n<li>Netkurv<\/li>\n<li>Rotisserie-v\u00e6rkt\u00f8jer<\/li>\n<\/ul>\n","protected":false},"featured_media":9655,"template":"","meta":{"_acf_changed":false},"product_brand":[],"product_cat":[],"product_tag":[],"class_list":{"0":"post-9584","1":"product","2":"type-product","3":"status-publish","4":"has-post-thumbnail","7":"first","8":"instock","9":"taxable","10":"shipping-taxable","11":"product-type-external"},"acf":[],"_links":{"self":[{"href":"https:\/\/breville-nordic.com\/da\/wp-json\/wp\/v2\/product\/9584","targetHints":{"allow":["GET"]}}],"collection":[{"href":"https:\/\/breville-nordic.com\/da\/wp-json\/wp\/v2\/product"}],"about":[{"href":"https:\/\/breville-nordic.com\/da\/wp-json\/wp\/v2\/types\/product"}],"wp:featuredmedia":[{"embeddable":true,"href":"https:\/\/breville-nordic.com\/da\/wp-json\/wp\/v2\/media\/9655"}],"wp:attachment":[{"href":"https:\/\/breville-nordic.com\/da\/wp-json\/wp\/v2\/media?parent=9584"}],"wp:term":[{"taxonomy":"product_brand","embeddable":true,"href":"https:\/\/breville-nordic.com\/da\/wp-json\/wp\/v2\/product_brand?post=9584"},{"taxonomy":"product_cat","embeddable":true,"href":"https:\/\/breville-nordic.com\/da\/wp-json\/wp\/v2\/product_cat?post=9584"},{"taxonomy":"product_tag","embeddable":true,"href":"https:\/\/breville-nordic.com\/da\/wp-json\/wp\/v2\/product_tag?post=9584"}],"curies":[{"name":"wp","href":"https:\/\/api.w.org\/{rel}","templated":true}]}}