{"id":3716,"date":"2019-11-08T12:36:45","date_gmt":"2019-11-08T11:36:45","guid":{"rendered":"https:\/\/breville-nordic.com\/produkt\/barista-espresso-max-kaffemaskin\/"},"modified":"2020-03-18T11:09:25","modified_gmt":"2020-03-18T10:09:25","slug":"barista-espresso-max-kaffemaskin","status":"publish","type":"product","link":"https:\/\/breville-nordic.com\/fi\/tuote\/barista-espresso-max-kaffemaskin\/","title":{"rendered":"Barista Espresso Max, kahvimyllyll\u00e4"},"content":{"rendered":"<div class=\"row align-middle\"  id=\"row-1779441768\">\n\n\t<div id=\"col-1814144435\" class=\"col medium-6 small-12 large-6\"  >\n\t\t\t\t<div class=\"col-inner\"  >\n\t\t\t\n\t\t\t\n<h2>L\u00e4mmitt\u00e4\u00e4 oikean m\u00e4\u00e4r\u00e4n vett\u00e4<\/h2>\n<p>Vesis\u00e4ili\u00f6n tilavuus on kaksi litraa, keitin k\u00e4ytt\u00e4\u00e4 thermoblock-teknologiaa- l\u00e4mp\u00f6teknologiaa, jonka ansiosta keitin l\u00e4mmitt\u00e4\u00e4 ainoastaan tarvittavan m\u00e4\u00e4r\u00e4n vett\u00e4 optimaaliseen l\u00e4mp\u00f6tilaan valmistettaessa espressoa.<\/p>\n\t\t<\/div>\n\t\t\t\t\t<\/div>\n\n\t\n\n\t<div id=\"col-1017703802\" class=\"col medium-6 small-12 large-6\"  >\n\t\t\t\t<div class=\"col-inner\"  >\n\t\t\t\n\t\t\t\n\t<div class=\"img has-hover x md-x lg-x y md-y lg-y\" id=\"image_1432122134\">\n\t\t\t\t\t\t\t\t<div class=\"img-inner image-cover dark\" style=\"padding-top:300px;margin:0px 0px -25px 0px;\">\n\t\t\t<img loading=\"lazy\" decoding=\"async\" width=\"1020\" height=\"575\" src=\"https:\/\/breville-nordic.com\/wp-content\/uploads\/2020\/01\/Vattenbeh\u00e5llare-1024x577.jpg\" class=\"attachment-large size-large\" alt=\"Silver espressomaskin med \u00e5ngstav och vattenbeh\u00e5llare, sedd fr\u00e5n sidan.\" srcset=\"https:\/\/breville-nordic.com\/wp-content\/uploads\/2020\/01\/Vattenbeh\u00e5llare-1024x577.jpg 1024w, https:\/\/breville-nordic.com\/wp-content\/uploads\/2020\/01\/Vattenbeh\u00e5llare-300x169.jpg 300w, https:\/\/breville-nordic.com\/wp-content\/uploads\/2020\/01\/Vattenbeh\u00e5llare-768x433.jpg 768w, https:\/\/breville-nordic.com\/wp-content\/uploads\/2020\/01\/Vattenbeh\u00e5llare-600x338.jpg 600w, https:\/\/breville-nordic.com\/wp-content\/uploads\/2020\/01\/Vattenbeh\u00e5llare.jpg 1037w\" sizes=\"auto, (max-width: 1020px) 100vw, 1020px\" \/>\t\t\t\t\t\t\n\t\t\t\t\t<\/div>\n\t\t\t\t\t\t\t\t\n<style>\n#image_1432122134 {\n  width: 100%;\n}\n<\/style>\n\t<\/div>\n\t\n\t\t<\/div>\n\t\t\t\t\t<\/div>\n\n\t\n<\/div>\n<div class=\"is-divider divider clearfix\" style=\"max-width:100%;height:1px;\"><\/div>\n<div class=\"row align-middle\"  id=\"row-1479641616\">\n\n\t<div id=\"col-2016706713\" class=\"col medium-6 small-12 large-6\"  >\n\t\t\t\t<div class=\"col-inner\"  >\n\t\t\t\n\t\t\t\n\t<div class=\"img has-hover x md-x lg-x y md-y lg-y\" id=\"image_204874978\">\n\t\t\t\t\t\t\t\t<div class=\"img-inner image-cover dark\" style=\"padding-top:300px;margin:0px 0px -25px 0px;\">\n\t\t\t<img loading=\"lazy\" decoding=\"async\" width=\"563\" height=\"311\" src=\"https:\/\/breville-nordic.com\/wp-content\/uploads\/2020\/01\/PIDGraph.jpg\" class=\"attachment-large size-large\" alt=\"F\u00e4rgade sinusv\u00e5gor i olika frekvenser p\u00e5 en vit bakgrund.\" srcset=\"https:\/\/breville-nordic.com\/wp-content\/uploads\/2020\/01\/PIDGraph.jpg 563w, https:\/\/breville-nordic.com\/wp-content\/uploads\/2020\/01\/PIDGraph-300x166.jpg 300w\" sizes=\"auto, (max-width: 563px) 100vw, 563px\" \/>\t\t\t\t\t\t\n\t\t\t\t\t<\/div>\n\t\t\t\t\t\t\t\t\n<style>\n#image_204874978 {\n  width: 100%;\n}\n<\/style>\n\t<\/div>\n\t\n\t\t<\/div>\n\t\t\t\t\t<\/div>\n\n\t\n\n\t<div id=\"col-469759014\" class=\"col medium-6 small-12 large-6\"  >\n\t\t\t\t<div class=\"col-inner\"  >\n\t\t\t\n\t\t\t\n<h2>PID L\u00e4mm\u00f6ns\u00e4\u00e4t\u00f6<\/h2>\n<p>Kahviin tulevan veden l\u00e4mp\u00f6tila on ratkaiseva, jotta tulokseksi saadaan hyvin tasapainoinen espresso. Barista MAX on varustettu digitaalisella l\u00e4mm\u00f6ns\u00e4\u00e4d\u00f6ll\u00e4 (PID) \u2013 teknologialla, joka rekister\u00f6i ja minimoi kaikki poikkeamat uuttamisen aikana ja se huolehtii optimaalisen l\u00e4mp\u00f6tilan s\u00e4ilymisest\u00e4 koko matkan keittimen l\u00e4pi. <\/p>\n\t\t<\/div>\n\t\t\t\t\t<\/div>\n\n\t\n<\/div>\n<div class=\"is-divider divider clearfix\" style=\"max-width:100%;height:1px;\"><\/div>\n<div class=\"row align-middle\"  id=\"row-102830017\">\n\n\t<div id=\"col-296342681\" class=\"col medium-6 small-12 large-6\"  >\n\t\t\t\t<div class=\"col-inner\"  >\n\t\t\t\n\t\t\t\n<h2>Integroitu kahvimylly<\/h2>\n<p>Barista Maxissa on integroitu kahvimylly, joka jauhaa kahvipavut juuri haluamaasi kokoon, v\u00e4litt\u00f6m\u00e4sti ennen kahvin valmistamista.<\/p>\n\t\t<\/div>\n\t\t\t\t\t<\/div>\n\n\t\n\n\t<div id=\"col-429100680\" class=\"col medium-6 small-12 large-6\"  >\n\t\t\t\t<div class=\"col-inner\"  >\n\t\t\t\n\t\t\t\n\t<div class=\"img has-hover x md-x lg-x y md-y lg-y\" id=\"image_1435096811\">\n\t\t\t\t\t\t\t\t<div class=\"img-inner image-cover dark\" style=\"padding-top:300px;margin:0px 0px -25px 0px;\">\n\t\t\t<img loading=\"lazy\" decoding=\"async\" width=\"1020\" height=\"435\" src=\"https:\/\/breville-nordic.com\/wp-content\/uploads\/2019\/11\/BR203064_coffe-1024x437.jpg\" class=\"attachment-large size-large\" alt=\"Silver kaffemaskin med b\u00f6nbeh\u00e5llare, sida mot vit bakgrund.\" srcset=\"https:\/\/breville-nordic.com\/wp-content\/uploads\/2019\/11\/BR203064_coffe-1024x437.jpg 1024w, https:\/\/breville-nordic.com\/wp-content\/uploads\/2019\/11\/BR203064_coffe-300x128.jpg 300w, https:\/\/breville-nordic.com\/wp-content\/uploads\/2019\/11\/BR203064_coffe-768x328.jpg 768w, https:\/\/breville-nordic.com\/wp-content\/uploads\/2019\/11\/BR203064_coffe-600x256.jpg 600w\" sizes=\"auto, (max-width: 1020px) 100vw, 1020px\" \/>\t\t\t\t\t\t\n\t\t\t\t\t<\/div>\n\t\t\t\t\t\t\t\t\n<style>\n#image_1435096811 {\n  width: 100%;\n}\n<\/style>\n\t<\/div>\n\t\n\t\t<\/div>\n\t\t\t\t\t<\/div>\n\n\t\n<\/div>\n<div class=\"is-divider divider clearfix\" style=\"max-width:100%;height:1px;\"><\/div>\n<div class=\"row align-middle\"  id=\"row-1234436208\">\n\n\t<div id=\"col-1661387727\" class=\"col medium-6 small-12 large-6\"  >\n\t\t\t\t<div class=\"col-inner\"  >\n\t\t\t\n\t\t\t\n\t<div class=\"img has-hover x md-x lg-x y md-y lg-y\" id=\"image_379448890\">\n\t\t\t\t\t\t\t\t<div class=\"img-inner image-cover dark\" style=\"padding-top:300px;\">\n\t\t\t<img loading=\"lazy\" decoding=\"async\" width=\"1020\" height=\"446\" src=\"https:\/\/breville-nordic.com\/wp-content\/uploads\/2019\/11\/BR203064_close-1024x448.jpg\" class=\"attachment-large size-large\" alt=\"Espressomaskin i rostfritt st\u00e5l med \u00e5ngstav.\" srcset=\"https:\/\/breville-nordic.com\/wp-content\/uploads\/2019\/11\/BR203064_close-1024x448.jpg 1024w, https:\/\/breville-nordic.com\/wp-content\/uploads\/2019\/11\/BR203064_close-300x131.jpg 300w, https:\/\/breville-nordic.com\/wp-content\/uploads\/2019\/11\/BR203064_close-768x336.jpg 768w, https:\/\/breville-nordic.com\/wp-content\/uploads\/2019\/11\/BR203064_close-600x263.jpg 600w\" sizes=\"auto, (max-width: 1020px) 100vw, 1020px\" \/>\t\t\t\t\t\t\n\t\t\t\t\t<\/div>\n\t\t\t\t\t\t\t\t\n<style>\n#image_379448890 {\n  width: 100%;\n}\n<\/style>\n\t<\/div>\n\t\n\t\t<\/div>\n\t\t\t\t\t<\/div>\n\n\t\n\n\t<div id=\"col-2118707697\" class=\"col medium-6 small-12 large-6\"  >\n\t\t\t\t<div class=\"col-inner\"  >\n\t\t\t\n\t\t\t\n<h2>H\u00f6yryputki maidon vaahdottamiseen<\/h2>\n<p>Automaattisen yksiportaisen v\u00e4\u00e4ntimen ja h\u00f6yryputken ansiosta maidon vaahdottaminen on yksinkertaista. Se tekee sinusta t\u00e4ydellisen kahvimaakarin, joka j\u00e4rjest\u00e4\u00e4 helposti maukkaan latten tai cappuccinon.<\/p>\n\t\t<\/div>\n\t\t\t\t\t<\/div>\n\n\t\n<\/div>\n<div class=\"container section-title-container\" ><h3 class=\"section-title section-title-center\"><b aria-hidden=\"true\"><\/b><span class=\"section-title-main\" >Tutustu n\u00e4ihin tuotteisiin<\/span><b aria-hidden=\"true\"><\/b><\/h3><\/div>\n\t\n  \n    <div class=\"row large-columns-4 medium-columns-3 small-columns-2 row-small slider row-slider slider-nav-reveal slider-nav-push\"  data-flickity-options='{&quot;imagesLoaded&quot;: true, &quot;groupCells&quot;: &quot;100%&quot;, &quot;dragThreshold&quot; : 5, &quot;cellAlign&quot;: &quot;left&quot;,&quot;wrapAround&quot;: true,&quot;prevNextButtons&quot;: true,&quot;percentPosition&quot;: true,&quot;pageDots&quot;: false, &quot;rightToLeft&quot;: false, &quot;autoPlay&quot; : false}' >\n\n  \n\t     <div class=\"product-small col has-hover product type-product post-3716 status-publish first instock product_cat-kahvikoneet product_tag-barista-fi product_tag-cappuccino-fi product_tag-espresso-fi product_tag-kaffe-fi product_tag-latte-fi has-post-thumbnail taxable shipping-taxable product-type-external\">\n\t<div class=\"col-inner\">\n\t\n<div class=\"badge-container absolute left top z-1\">\n\n<\/div>\n\t<div class=\"product-small box \">\n\t\t<div class=\"box-image\">\n\t\t\t<div class=\"image-zoom\">\n\t\t\t\t<a href=\"https:\/\/breville-nordic.com\/fi\/tuote\/barista-espresso-max-kaffemaskin\/\">\n\t\t\t\t\t<img loading=\"lazy\" decoding=\"async\" width=\"300\" height=\"300\" src=\"https:\/\/breville-nordic.com\/wp-content\/uploads\/2021\/09\/BR203064-Barista-max-1-e1579616084408-300x300.jpg\" class=\"attachment-woocommerce_thumbnail size-woocommerce_thumbnail\" alt=\"Barista Espresso Max, kahvimyllyll\u00e4\" srcset=\"https:\/\/breville-nordic.com\/wp-content\/uploads\/2021\/09\/BR203064-Barista-max-1-e1579616084408-300x300.jpg 300w, https:\/\/breville-nordic.com\/wp-content\/uploads\/2021\/09\/BR203064-Barista-max-1-e1579616084408-150x150.jpg 150w, https:\/\/breville-nordic.com\/wp-content\/uploads\/2021\/09\/BR203064-Barista-max-1-e1579616084408-768x768.jpg 768w, https:\/\/breville-nordic.com\/wp-content\/uploads\/2021\/09\/BR203064-Barista-max-1-e1579616084408-600x600.jpg 600w, https:\/\/breville-nordic.com\/wp-content\/uploads\/2021\/09\/BR203064-Barista-max-1-e1579616084408-100x100.jpg 100w, https:\/\/breville-nordic.com\/wp-content\/uploads\/2021\/09\/BR203064-Barista-max-1-e1579616084408.jpg 1009w\" sizes=\"auto, (max-width: 300px) 100vw, 300px\" \/>\t\t\t\t<\/a>\n\t\t\t<\/div>\n\t\t\t<div class=\"image-tools is-small top right show-on-hover\">\n\t\t\t\t\t\t\t<\/div>\n\t\t\t<div class=\"image-tools is-small hide-for-small bottom left show-on-hover\">\n\t\t\t\t\t\t\t<\/div>\n\t\t\t<div class=\"image-tools grid-tools text-center hide-for-small bottom hover-slide-in show-on-hover\">\n\t\t\t\t\t\t\t<\/div>\n\t\t\t\t\t<\/div>\n\n\t\t<div class=\"box-text box-text-products\">\n\t\t\t<div class=\"title-wrapper\"><p class=\"name product-title woocommerce-loop-product__title\"><a href=\"https:\/\/breville-nordic.com\/fi\/tuote\/barista-espresso-max-kaffemaskin\/\" class=\"woocommerce-LoopProduct-link woocommerce-loop-product__link\">Barista Espresso Max, kahvimyllyll\u00e4<\/a><\/p><\/div><div class=\"price-wrapper\"><stock-price-element-widget product-id=\"\" align=\"left\"><\/stock-price-element-widget><\/div><a href=\"https:\/\/breville-nordic.com\/fi\/tuote\/barista-espresso-max-kaffemaskin\/\" class=\"btn-wh-product\">K\u00f6p<\/a>\t\t<\/div>\n\t<\/div>\n\t\t<\/div>\n<\/div><div class=\"product-small col has-hover product type-product post-3733 status-publish instock product_cat-kahvikoneet product_tag-cappuccino-fi product_tag-espresso-fi product_tag-kaffe-fi product_tag-kaffemaskin-fi has-post-thumbnail taxable shipping-taxable product-type-external\">\n\t<div class=\"col-inner\">\n\t\n<div class=\"badge-container absolute left top z-1\">\n\n<\/div>\n\t<div class=\"product-small box \">\n\t\t<div class=\"box-image\">\n\t\t\t<div class=\"image-zoom\">\n\t\t\t\t<a href=\"https:\/\/breville-nordic.com\/fi\/tuote\/prima-latte-kahvikone-punainen\/\">\n\t\t\t\t\t<img loading=\"lazy\" decoding=\"async\" width=\"300\" height=\"300\" src=\"https:\/\/breville-nordic.com\/wp-content\/uploads\/2020\/01\/BR203042_w-300x300.jpg\" class=\"attachment-woocommerce_thumbnail size-woocommerce_thumbnail\" alt=\"Prima Latte kaffemaskin i r\u00f6d f\u00e4rg fr\u00e5n Breville\" srcset=\"https:\/\/breville-nordic.com\/wp-content\/uploads\/2020\/01\/BR203042_w-300x300.jpg 300w, https:\/\/breville-nordic.com\/wp-content\/uploads\/2020\/01\/BR203042_w-150x150.jpg 150w, https:\/\/breville-nordic.com\/wp-content\/uploads\/2020\/01\/BR203042_w-768x768.jpg 768w, https:\/\/breville-nordic.com\/wp-content\/uploads\/2020\/01\/BR203042_w-600x600.jpg 600w, https:\/\/breville-nordic.com\/wp-content\/uploads\/2020\/01\/BR203042_w-100x100.jpg 100w, https:\/\/breville-nordic.com\/wp-content\/uploads\/2020\/01\/BR203042_w.jpg 800w\" sizes=\"auto, (max-width: 300px) 100vw, 300px\" \/>\t\t\t\t<\/a>\n\t\t\t<\/div>\n\t\t\t<div class=\"image-tools is-small top right show-on-hover\">\n\t\t\t\t\t\t\t<\/div>\n\t\t\t<div class=\"image-tools is-small hide-for-small bottom left show-on-hover\">\n\t\t\t\t\t\t\t<\/div>\n\t\t\t<div class=\"image-tools grid-tools text-center hide-for-small bottom hover-slide-in show-on-hover\">\n\t\t\t\t\t\t\t<\/div>\n\t\t\t\t\t<\/div>\n\n\t\t<div class=\"box-text box-text-products\">\n\t\t\t<div class=\"title-wrapper\"><p class=\"name product-title woocommerce-loop-product__title\"><a href=\"https:\/\/breville-nordic.com\/fi\/tuote\/prima-latte-kahvikone-punainen\/\" class=\"woocommerce-LoopProduct-link woocommerce-loop-product__link\">Prima Latte Kahvikone, punainen<\/a><\/p><\/div><div class=\"price-wrapper\"><stock-price-element-widget product-id=\"\" align=\"left\"><\/stock-price-element-widget><\/div><a href=\"https:\/\/breville-nordic.com\/fi\/tuote\/prima-latte-kahvikone-punainen\/\" class=\"btn-wh-product\">K\u00f6p<\/a>\t\t<\/div>\n\t<\/div>\n\t\t<\/div>\n<\/div><\/div>\n<div class=\"container section-title-container\" ><h3 class=\"section-title section-title-center\"><b aria-hidden=\"true\"><\/b><span class=\"section-title-main\" >Nouda inspiraatiota<\/span><b aria-hidden=\"true\"><\/b><\/h3><\/div>\n\n  \n    <div class=\"row large-columns-3 medium-columns-1 small-columns-1 slider row-slider slider-nav-reveal\"  data-flickity-options='{&quot;imagesLoaded&quot;: true, &quot;groupCells&quot;: &quot;100%&quot;, &quot;dragThreshold&quot; : 5, &quot;cellAlign&quot;: &quot;left&quot;,&quot;wrapAround&quot;: true,&quot;prevNextButtons&quot;: true,&quot;percentPosition&quot;: true,&quot;pageDots&quot;: false, &quot;rightToLeft&quot;: false, &quot;autoPlay&quot; : false}' >\n\n  <\/div>\n","protected":false},"excerpt":{"rendered":"<p><strong>Barista Espresso Max, Brevillen uusi integroidulla kahvimyllyll\u00e4 varustettu espressokeitin antaa t\u00e4ytel\u00e4isen ja aromikkaan maun, aivan kuin kahvilassa.<\/strong><\/p>\n<p>Barista Espresso Max, Brevillen uusi espressokeitin on t\u00e4ydellinen lis\u00e4 kotiin. Yksinkertaisen ja kaksinkertaisen espresson esiohjelmoidut asetukset yhdess\u00e4 maidon vaahdotusputken kanssa tekev\u00e4t sinusta t\u00e4ydellisen kahvimaakarin, joka tekee hetkess\u00e4 maukkaan latten tai cappuccinon. Vesis\u00e4ili\u00f6n tilavuus on per\u00e4ti 2,8 litraa ja keitin k\u00e4ytt\u00e4\u00e4 thermoblock-teknologiaa \u2013 l\u00e4mp\u00f6teknologiaa, jonka ansiosta keitin l\u00e4mmitt\u00e4\u00e4 ainoastaan tarvittavan m\u00e4\u00e4r\u00e4n vett\u00e4 optimaaliseen l\u00e4mp\u00f6tilaan valmistettaessa espressoa ja siin\u00e4 on 58 mm suodatinpidike. Kahvi esikostutetaan ennen kuin vesi painetaan sen l\u00e4pi. N\u00e4hd\u00e4kseni t\u00e4rkeint\u00e4 valmistuksessa on hyvin jauhettu kahvi. Barista Maxissa on integroitu kahvimylly, joka jauhaa kahvipavut juuri haluamaasi kokoon, v\u00e4litt\u00f6m\u00e4sti ennen kahvin valmistusta. Pavut jauhetaan sit\u00e4 paitsi suoraan haluamaasi s\u00e4ili\u00f6\u00f6n, on t\u00e4ysin paikallaan, kun jauhat suodatinkahvaan. Kaikki t\u00e4m\u00e4 antaa t\u00e4ytel\u00e4isen ja aromikkaan maun, aivan kuin kahvilassa. Kaupallisten kahvinkeittimien inspiroimana Barista Max tarjoaa tarvittavat toiminnot ja varusteet, jotta voit nauttia t\u00e4ydellisest\u00e4 espressosta, lattesta tai cappuccinosta omassa kodissasi.<\/p>\n<ul>\n<li>L\u00e4mm\u00f6nhallinta<\/li>\n<li>15 barin paine<\/li>\n<li>58 mm suodatinpidike<\/li>\n<li>Pikapainikkeet yksinkertaiselle ja kaksinkertaiselle espressolle<\/li>\n<li>Voimallinen h\u00f6yryputki<\/li>\n<li>Integroitu 2,8 L vesis\u00e4ili\u00f6<\/li>\n<\/ul>\n","protected":false},"featured_media":5213,"template":"","meta":{"_acf_changed":false},"product_brand":[],"product_cat":[101],"product_tag":[102,103,104,105,106],"class_list":{"0":"post-3716","1":"product","2":"type-product","3":"status-publish","4":"has-post-thumbnail","6":"product_cat-kahvikoneet","7":"product_tag-barista-fi","8":"product_tag-cappuccino-fi","9":"product_tag-espresso-fi","10":"product_tag-kaffe-fi","11":"product_tag-latte-fi","13":"","14":"instock","15":"taxable","16":"shipping-taxable","17":"product-type-external"},"acf":[],"_links":{"self":[{"href":"https:\/\/breville-nordic.com\/fi\/wp-json\/wp\/v2\/product\/3716","targetHints":{"allow":["GET"]}}],"collection":[{"href":"https:\/\/breville-nordic.com\/fi\/wp-json\/wp\/v2\/product"}],"about":[{"href":"https:\/\/breville-nordic.com\/fi\/wp-json\/wp\/v2\/types\/product"}],"wp:featuredmedia":[{"embeddable":true,"href":"https:\/\/breville-nordic.com\/fi\/wp-json\/wp\/v2\/media\/5213"}],"wp:attachment":[{"href":"https:\/\/breville-nordic.com\/fi\/wp-json\/wp\/v2\/media?parent=3716"}],"wp:term":[{"taxonomy":"product_brand","embeddable":true,"href":"https:\/\/breville-nordic.com\/fi\/wp-json\/wp\/v2\/product_brand?post=3716"},{"taxonomy":"product_cat","embeddable":true,"href":"https:\/\/breville-nordic.com\/fi\/wp-json\/wp\/v2\/product_cat?post=3716"},{"taxonomy":"product_tag","embeddable":true,"href":"https:\/\/breville-nordic.com\/fi\/wp-json\/wp\/v2\/product_tag?post=3716"}],"curies":[{"name":"wp","href":"https:\/\/api.w.org\/{rel}","templated":true}]}}