{"id":3861,"date":"2019-11-06T11:39:34","date_gmt":"2019-11-06T10:39:34","guid":{"rendered":"https:\/\/breville-nordic.com\/produkt\/smorgasgrill-dc-high-gloss\/"},"modified":"2020-03-10T08:38:01","modified_gmt":"2020-03-10T07:38:01","slug":"voileipagrilli-duraceramic-high-gloss","status":"publish","type":"product","link":"https:\/\/breville-nordic.com\/fi\/tuote\/voileipagrilli-duraceramic-high-gloss\/","title":{"rendered":"Voileip\u00e4grilli, DuraCeramic, High Gloss"},"content":{"rendered":"<div class=\"row align-middle\"  id=\"row-434278902\">\n\n\t<div id=\"col-961250997\" class=\"col medium-6 small-12 large-6\"  >\n\t\t\t\t<div class=\"col-inner\"  >\n\t\t\t\n\t\t\t\n<h2>Paistolevyiss\u00e4 DuraCeramic pinnoite<\/h2>\n<p>Irrotettavissa paistolevyiss\u00e4 on DuraCeramic pinnoite, joka johtaa l\u00e4mp\u00f6\u00e4 eritt\u00e4in hyvin ja saavuttaa ty\u00f6l\u00e4mp\u00f6tilan enn\u00e4tysnopeasti. Keraamisessa pinnassa ei ole kalvoa, joka voisi irrota, se on myrkyt\u00f6n, kova ja naarmunkest\u00e4v\u00e4 sek\u00e4 eritt\u00e4in helppo tiskata.<\/p>\n\t\t<\/div>\n\t\t\t\t\t<\/div>\n\n\t\n\n\t<div id=\"col-751589158\" class=\"col medium-6 small-12 large-6\"  >\n\t\t\t\t<div class=\"col-inner\"  >\n\t\t\t\n\t\t\t\n\t<div class=\"img has-hover x md-x lg-x y md-y lg-y\" id=\"image_983970764\">\n\t\t\t\t\t\t\t\t<div class=\"img-inner image-cover dark\" style=\"padding-top:300px;margin:0px 0px -25px 0px;\">\n\t\t\t<img loading=\"lazy\" decoding=\"async\" width=\"1020\" height=\"574\" src=\"https:\/\/breville-nordic.com\/wp-content\/uploads\/2019\/12\/BR203020_INSET_2-1024x576.jpg\" class=\"attachment-large size-large\" alt=\"\" srcset=\"https:\/\/breville-nordic.com\/wp-content\/uploads\/2019\/12\/BR203020_INSET_2-1024x576.jpg 1024w, https:\/\/breville-nordic.com\/wp-content\/uploads\/2019\/12\/BR203020_INSET_2-300x169.jpg 300w, https:\/\/breville-nordic.com\/wp-content\/uploads\/2019\/12\/BR203020_INSET_2-768x432.jpg 768w, https:\/\/breville-nordic.com\/wp-content\/uploads\/2019\/12\/BR203020_INSET_2-1536x864.jpg 1536w, https:\/\/breville-nordic.com\/wp-content\/uploads\/2019\/12\/BR203020_INSET_2-600x338.jpg 600w, https:\/\/breville-nordic.com\/wp-content\/uploads\/2019\/12\/BR203020_INSET_2.jpg 2000w\" sizes=\"auto, (max-width: 1020px) 100vw, 1020px\" \/>\t\t\t\t\t\t\n\t\t\t\t\t<\/div>\n\t\t\t\t\t\t\t\t\n<style>\n#image_983970764 {\n  width: 100%;\n}\n<\/style>\n\t<\/div>\n\t\n\t\t<\/div>\n\t\t\t\t\t<\/div>\n\n\t\n<\/div>\n<div class=\"is-divider divider clearfix\" style=\"max-width:100%;height:1px;\"><\/div>\n<div class=\"row align-middle\"  id=\"row-222890213\">\n\n\t<div id=\"col-897297925\" class=\"col medium-6 small-12 large-6\"  >\n\t\t\t\t<div class=\"col-inner\"  >\n\t\t\t\n\t\t\t\n\t<div class=\"img has-hover x md-x lg-x y md-y lg-y\" id=\"image_1614091529\">\n\t\t\t\t\t\t\t\t<div class=\"img-inner image-cover dark\" style=\"padding-top:300px;\">\n\t\t\t<img loading=\"lazy\" decoding=\"async\" width=\"1020\" height=\"574\" src=\"https:\/\/breville-nordic.com\/wp-content\/uploads\/2019\/12\/BR203020-Lifestyle-DuraCeramic-Plate-1024x576.jpg\" class=\"attachment-large size-large\" alt=\"\" srcset=\"https:\/\/breville-nordic.com\/wp-content\/uploads\/2019\/12\/BR203020-Lifestyle-DuraCeramic-Plate-1024x576.jpg 1024w, https:\/\/breville-nordic.com\/wp-content\/uploads\/2019\/12\/BR203020-Lifestyle-DuraCeramic-Plate-300x169.jpg 300w, https:\/\/breville-nordic.com\/wp-content\/uploads\/2019\/12\/BR203020-Lifestyle-DuraCeramic-Plate-768x432.jpg 768w, https:\/\/breville-nordic.com\/wp-content\/uploads\/2019\/12\/BR203020-Lifestyle-DuraCeramic-Plate-1536x864.jpg 1536w, https:\/\/breville-nordic.com\/wp-content\/uploads\/2019\/12\/BR203020-Lifestyle-DuraCeramic-Plate-600x338.jpg 600w, https:\/\/breville-nordic.com\/wp-content\/uploads\/2019\/12\/BR203020-Lifestyle-DuraCeramic-Plate.jpg 1920w\" sizes=\"auto, (max-width: 1020px) 100vw, 1020px\" \/>\t\t\t\t\t\t\n\t\t\t\t\t<\/div>\n\t\t\t\t\t\t\t\t\n<style>\n#image_1614091529 {\n  width: 100%;\n}\n<\/style>\n\t<\/div>\n\t\n\t\t<\/div>\n\t\t\t\t\t<\/div>\n\n\t\n\n\t<div id=\"col-918661777\" class=\"col medium-6 small-12 large-6\"  >\n\t\t\t\t<div class=\"col-inner\"  >\n\t\t\t\n\t\t\t\n<h2>Irrotettavat paistolevyt<\/h2>\n<p>Kaksiosainen paistolevy on helppo irrottaa ja puhdistaa.<\/p>\n\t\t<\/div>\n\t\t\t\t\t<\/div>\n\n\t\n<\/div>\n<div class=\"container section-title-container\" ><h3 class=\"section-title section-title-center\"><b aria-hidden=\"true\"><\/b><span class=\"section-title-main\" >Tutustu n\u00e4ihin tuotteisiin<\/span><b aria-hidden=\"true\"><\/b><\/h3><\/div>\n\t\n  \n    <div class=\"row large-columns-4 medium-columns-3 small-columns-2 row-small slider row-slider slider-nav-reveal slider-nav-push\"  data-flickity-options='{&quot;imagesLoaded&quot;: true, &quot;groupCells&quot;: &quot;100%&quot;, &quot;dragThreshold&quot; : 5, &quot;cellAlign&quot;: &quot;left&quot;,&quot;wrapAround&quot;: true,&quot;prevNextButtons&quot;: true,&quot;percentPosition&quot;: true,&quot;pageDots&quot;: false, &quot;rightToLeft&quot;: false, &quot;autoPlay&quot; : false}' >\n\n  \n\t     <div class=\"product-small col has-hover product type-product post-3855 status-publish first instock product_cat-voileipagrillit product_tag-grillade-fi product_tag-paninigrill-fi product_tag-smorgasgrill-fi product_tag-varma-mackor-fi has-post-thumbnail taxable shipping-taxable product-type-external\">\n\t<div class=\"col-inner\">\n\t\n<div class=\"badge-container absolute left top z-1\">\n\n<\/div>\n\t<div class=\"product-small box \">\n\t\t<div class=\"box-image\">\n\t\t\t<div class=\"image-zoom\">\n\t\t\t\t<a href=\"https:\/\/breville-nordic.com\/fi\/tuote\/paninigrill-stor\/\">\n\t\t\t\t\t<img loading=\"lazy\" decoding=\"async\" width=\"300\" height=\"300\" src=\"https:\/\/breville-nordic.com\/wp-content\/uploads\/2019\/11\/203018_plain-1-300x300.jpg\" class=\"attachment-woocommerce_thumbnail size-woocommerce_thumbnail\" alt=\"Paninigrilli, 4 voileiv\u00e4lle\" srcset=\"https:\/\/breville-nordic.com\/wp-content\/uploads\/2019\/11\/203018_plain-1-300x300.jpg 300w, https:\/\/breville-nordic.com\/wp-content\/uploads\/2019\/11\/203018_plain-1-150x150.jpg 150w, https:\/\/breville-nordic.com\/wp-content\/uploads\/2019\/11\/203018_plain-1-768x768.jpg 768w, https:\/\/breville-nordic.com\/wp-content\/uploads\/2019\/11\/203018_plain-1-1024x1024.jpg 1024w, https:\/\/breville-nordic.com\/wp-content\/uploads\/2019\/11\/203018_plain-1-600x600.jpg 600w, https:\/\/breville-nordic.com\/wp-content\/uploads\/2019\/11\/203018_plain-1-100x100.jpg 100w\" sizes=\"auto, (max-width: 300px) 100vw, 300px\" \/>\t\t\t\t<\/a>\n\t\t\t<\/div>\n\t\t\t<div class=\"image-tools is-small top right show-on-hover\">\n\t\t\t\t\t\t\t<\/div>\n\t\t\t<div class=\"image-tools is-small hide-for-small bottom left show-on-hover\">\n\t\t\t\t\t\t\t<\/div>\n\t\t\t<div class=\"image-tools grid-tools text-center hide-for-small bottom hover-slide-in show-on-hover\">\n\t\t\t\t\t\t\t<\/div>\n\t\t\t\t\t<\/div>\n\n\t\t<div class=\"box-text box-text-products\">\n\t\t\t<div class=\"title-wrapper\"><p class=\"name product-title woocommerce-loop-product__title\"><a href=\"https:\/\/breville-nordic.com\/fi\/tuote\/paninigrill-stor\/\" class=\"woocommerce-LoopProduct-link woocommerce-loop-product__link\">Paninigrilli, 4 voileiv\u00e4lle<\/a><\/p><\/div><div class=\"price-wrapper\"><stock-price-element-widget product-id=\"\" align=\"left\"><\/stock-price-element-widget><\/div><a href=\"https:\/\/breville-nordic.com\/fi\/tuote\/paninigrill-stor\/\" class=\"btn-wh-product\">K\u00f6p<\/a>\t\t<\/div>\n\t<\/div>\n\t\t<\/div>\n<\/div><div class=\"product-small col has-hover product type-product post-3858 status-publish instock product_cat-voileipagrillit product_tag-grillade-fi product_tag-smorgasgrill-fi product_tag-varma-mackor-fi has-post-thumbnail taxable shipping-taxable product-type-external\">\n\t<div class=\"col-inner\">\n\t\n<div class=\"badge-container absolute left top z-1\">\n\n<\/div>\n\t<div class=\"product-small box \">\n\t\t<div class=\"box-image\">\n\t\t\t<div class=\"image-zoom\">\n\t\t\t\t<a href=\"https:\/\/breville-nordic.com\/fi\/tuote\/voileipagrilli-duraceramic\/\">\n\t\t\t\t\t<img loading=\"lazy\" decoding=\"async\" width=\"300\" height=\"300\" src=\"https:\/\/breville-nordic.com\/wp-content\/uploads\/2019\/11\/BR203021_sida_w-300x300.jpg\" class=\"attachment-woocommerce_thumbnail size-woocommerce_thumbnail\" alt=\"Voileip\u00e4grilli, DuraCeramic\" srcset=\"https:\/\/breville-nordic.com\/wp-content\/uploads\/2019\/11\/BR203021_sida_w-300x300.jpg 300w, https:\/\/breville-nordic.com\/wp-content\/uploads\/2019\/11\/BR203021_sida_w-1024x1024.jpg 1024w, https:\/\/breville-nordic.com\/wp-content\/uploads\/2019\/11\/BR203021_sida_w-150x150.jpg 150w, https:\/\/breville-nordic.com\/wp-content\/uploads\/2019\/11\/BR203021_sida_w-768x768.jpg 768w, https:\/\/breville-nordic.com\/wp-content\/uploads\/2019\/11\/BR203021_sida_w-600x600.jpg 600w, https:\/\/breville-nordic.com\/wp-content\/uploads\/2019\/11\/BR203021_sida_w-100x100.jpg 100w, https:\/\/breville-nordic.com\/wp-content\/uploads\/2019\/11\/BR203021_sida_w.jpg 1200w\" sizes=\"auto, (max-width: 300px) 100vw, 300px\" \/>\t\t\t\t<\/a>\n\t\t\t<\/div>\n\t\t\t<div class=\"image-tools is-small top right show-on-hover\">\n\t\t\t\t\t\t\t<\/div>\n\t\t\t<div class=\"image-tools is-small hide-for-small bottom left show-on-hover\">\n\t\t\t\t\t\t\t<\/div>\n\t\t\t<div class=\"image-tools grid-tools text-center hide-for-small bottom hover-slide-in show-on-hover\">\n\t\t\t\t\t\t\t<\/div>\n\t\t\t\t\t<\/div>\n\n\t\t<div class=\"box-text box-text-products\">\n\t\t\t<div class=\"title-wrapper\"><p class=\"name product-title woocommerce-loop-product__title\"><a href=\"https:\/\/breville-nordic.com\/fi\/tuote\/voileipagrilli-duraceramic\/\" class=\"woocommerce-LoopProduct-link woocommerce-loop-product__link\">Voileip\u00e4grilli, DuraCeramic<\/a><\/p><\/div><div class=\"price-wrapper\"><stock-price-element-widget product-id=\"\" align=\"left\"><\/stock-price-element-widget><\/div><a href=\"https:\/\/breville-nordic.com\/fi\/tuote\/voileipagrilli-duraceramic\/\" class=\"btn-wh-product\">K\u00f6p<\/a>\t\t<\/div>\n\t<\/div>\n\t\t<\/div>\n<\/div><div class=\"product-small col has-hover product type-product post-3861 status-publish instock product_cat-voileipagrillit product_cat-high-gloss-fi product_tag-grillade-fi product_tag-smorgasgrill-fi product_tag-varma-mackor-fi has-post-thumbnail taxable shipping-taxable product-type-external\">\n\t<div class=\"col-inner\">\n\t\n<div class=\"badge-container absolute left top z-1\">\n\n<\/div>\n\t<div class=\"product-small box \">\n\t\t<div class=\"box-image\">\n\t\t\t<div class=\"image-zoom\">\n\t\t\t\t<a href=\"https:\/\/breville-nordic.com\/fi\/tuote\/voileipagrilli-duraceramic-high-gloss\/\">\n\t\t\t\t\t<img loading=\"lazy\" decoding=\"async\" width=\"300\" height=\"300\" src=\"https:\/\/breville-nordic.com\/wp-content\/uploads\/2019\/11\/BR203020_sida_w-300x300.jpg\" class=\"attachment-woocommerce_thumbnail size-woocommerce_thumbnail\" alt=\"Voileip\u00e4grilli, DuraCeramic, High Gloss\" srcset=\"https:\/\/breville-nordic.com\/wp-content\/uploads\/2019\/11\/BR203020_sida_w-300x300.jpg 300w, https:\/\/breville-nordic.com\/wp-content\/uploads\/2019\/11\/BR203020_sida_w-1024x1024.jpg 1024w, https:\/\/breville-nordic.com\/wp-content\/uploads\/2019\/11\/BR203020_sida_w-150x150.jpg 150w, https:\/\/breville-nordic.com\/wp-content\/uploads\/2019\/11\/BR203020_sida_w-768x768.jpg 768w, https:\/\/breville-nordic.com\/wp-content\/uploads\/2019\/11\/BR203020_sida_w-600x600.jpg 600w, https:\/\/breville-nordic.com\/wp-content\/uploads\/2019\/11\/BR203020_sida_w-100x100.jpg 100w, https:\/\/breville-nordic.com\/wp-content\/uploads\/2019\/11\/BR203020_sida_w.jpg 1200w\" sizes=\"auto, (max-width: 300px) 100vw, 300px\" \/>\t\t\t\t<\/a>\n\t\t\t<\/div>\n\t\t\t<div class=\"image-tools is-small top right show-on-hover\">\n\t\t\t\t\t\t\t<\/div>\n\t\t\t<div class=\"image-tools is-small hide-for-small bottom left show-on-hover\">\n\t\t\t\t\t\t\t<\/div>\n\t\t\t<div class=\"image-tools grid-tools text-center hide-for-small bottom hover-slide-in show-on-hover\">\n\t\t\t\t\t\t\t<\/div>\n\t\t\t\t\t<\/div>\n\n\t\t<div class=\"box-text box-text-products\">\n\t\t\t<div class=\"title-wrapper\"><p class=\"name product-title woocommerce-loop-product__title\"><a href=\"https:\/\/breville-nordic.com\/fi\/tuote\/voileipagrilli-duraceramic-high-gloss\/\" class=\"woocommerce-LoopProduct-link woocommerce-loop-product__link\">Voileip\u00e4grilli, DuraCeramic, High Gloss<\/a><\/p><\/div><div class=\"price-wrapper\"><stock-price-element-widget product-id=\"\" align=\"left\"><\/stock-price-element-widget><\/div><a href=\"https:\/\/breville-nordic.com\/fi\/tuote\/voileipagrilli-duraceramic-high-gloss\/\" class=\"btn-wh-product\">K\u00f6p<\/a>\t\t<\/div>\n\t<\/div>\n\t\t<\/div>\n<\/div><\/div>\n<div class=\"container section-title-container\" ><h3 class=\"section-title section-title-center\"><b aria-hidden=\"true\"><\/b><span class=\"section-title-main\" >Nouda inspiraatiota<\/span><b aria-hidden=\"true\"><\/b><\/h3><\/div>\n\n  \n    <div class=\"row large-columns-3 medium-columns-1 small-columns-1 slider row-slider slider-nav-reveal\"  data-flickity-options='{&quot;imagesLoaded&quot;: true, &quot;groupCells&quot;: &quot;100%&quot;, &quot;dragThreshold&quot; : 5, &quot;cellAlign&quot;: &quot;left&quot;,&quot;wrapAround&quot;: true,&quot;prevNextButtons&quot;: true,&quot;percentPosition&quot;: true,&quot;pageDots&quot;: false, &quot;rightToLeft&quot;: false, &quot;autoPlay&quot; : false}' >\n\n  <\/div>\n","protected":false},"excerpt":{"rendered":"<p><strong>Tee unelmavoileip\u00e4si hetkess\u00e4 Brevillen syv\u00e4ll\u00e4 voileip\u00e4grillill\u00e4. Tilavien paistolokeroiden ansiosta voit grillata reilun kokoisia voileipi\u00e4 runsain t\u00e4yttein.<\/strong><\/p>\n<p><strong>\u00a0<\/strong>Tee voileivist\u00e4 torni Brevillen syv\u00e4ll\u00e4 voileip\u00e4grillill\u00e4. Sen erityisen syviss\u00e4 paistolokeroissa on tilaa reilun kokoisille voileiville, jotka voit t\u00e4ytt\u00e4\u00e4 monin lisukkein ja p\u00e4\u00e4llystein. Voileip\u00e4grilli\u00e4 voi my\u00f6s k\u00e4ytt\u00e4\u00e4 vaikkapa munakkaan tai erilaisten leivonnaisten valmistukseen. Paistolevyt on suunniteltu antamaan grillattaessa erityisen rapea pinta ja grillist\u00e4 tullee nopeasti uskollinen seuralainen keitti\u00f6ss\u00e4. Kaksiosaiset irrotettavat paistolevyt on eritt\u00e4in helppo puhdistaa l\u00e4mpim\u00e4ll\u00e4 vedell\u00e4 ja liinalla tai keitti\u00f6paperilla.<\/p>\n<ul>\n<li>DuraCeramic pinnoite\/li>\n<li>Merkkivalot palavat grillin ollessa p\u00e4\u00e4ll\u00e4<\/li>\n<li>Johdon s\u00e4ilytys ja liukumattomat jalat<\/li>\n<li>Irrotettavat, konetiskin kest\u00e4v\u00e4t paistolevyt<\/li>\n<\/ul>\n<p>&nbsp;<\/p>\n","protected":false},"featured_media":3124,"template":"","meta":{"_acf_changed":false},"product_brand":[],"product_cat":[175,150],"product_tag":[177,179,186],"class_list":{"0":"post-3861","1":"product","2":"type-product","3":"status-publish","4":"has-post-thumbnail","6":"product_cat-voileipagrillit","7":"product_cat-high-gloss-fi","8":"product_tag-grillade-fi","9":"product_tag-smorgasgrill-fi","10":"product_tag-varma-mackor-fi","12":"last","13":"instock","14":"taxable","15":"shipping-taxable","16":"product-type-external"},"acf":[],"_links":{"self":[{"href":"https:\/\/breville-nordic.com\/fi\/wp-json\/wp\/v2\/product\/3861","targetHints":{"allow":["GET"]}}],"collection":[{"href":"https:\/\/breville-nordic.com\/fi\/wp-json\/wp\/v2\/product"}],"about":[{"href":"https:\/\/breville-nordic.com\/fi\/wp-json\/wp\/v2\/types\/product"}],"wp:featuredmedia":[{"embeddable":true,"href":"https:\/\/breville-nordic.com\/fi\/wp-json\/wp\/v2\/media\/3124"}],"wp:attachment":[{"href":"https:\/\/breville-nordic.com\/fi\/wp-json\/wp\/v2\/media?parent=3861"}],"wp:term":[{"taxonomy":"product_brand","embeddable":true,"href":"https:\/\/breville-nordic.com\/fi\/wp-json\/wp\/v2\/product_brand?post=3861"},{"taxonomy":"product_cat","embeddable":true,"href":"https:\/\/breville-nordic.com\/fi\/wp-json\/wp\/v2\/product_cat?post=3861"},{"taxonomy":"product_tag","embeddable":true,"href":"https:\/\/breville-nordic.com\/fi\/wp-json\/wp\/v2\/product_tag?post=3861"}],"curies":[{"name":"wp","href":"https:\/\/api.w.org\/{rel}","templated":true}]}}