{"id":4186,"date":"2019-12-18T14:14:23","date_gmt":"2019-12-18T13:14:23","guid":{"rendered":"https:\/\/breville-nordic.com\/new-york\/"},"modified":"2024-10-29T15:43:13","modified_gmt":"2024-10-29T14:43:13","slug":"new-york","status":"publish","type":"page","link":"https:\/\/breville-nordic.com\/no\/new-york\/","title":{"rendered":"New York"},"content":{"rendered":"\n<div class=\"slider-wrapper relative\" id=\"slider-1678915144\" >\n    <div class=\"slider slider-nav-circle slider-nav-large slider-nav-light slider-style-normal\"\n        data-flickity-options='{\n            \"cellAlign\": \"center\",\n            \"imagesLoaded\": true,\n            \"lazyLoad\": 1,\n            \"freeScroll\": false,\n            \"wrapAround\": true,\n            \"autoPlay\": 6000,\n            \"pauseAutoPlayOnHover\" : true,\n            \"prevNextButtons\": true,\n            \"contain\" : true,\n            \"adaptiveHeight\" : true,\n            \"dragThreshold\" : 10,\n            \"percentPosition\": true,\n            \"pageDots\": true,\n            \"rightToLeft\": false,\n            \"draggable\": true,\n            \"selectedAttraction\": 0.1,\n            \"parallax\" : 0,\n            \"friction\": 0.6        }'\n        >\n        \n\n\t<div class=\"img has-hover x md-x lg-x y md-y lg-y\" id=\"image_722660214\">\n\t\t\t\t\t\t\t\t<div class=\"img-inner dark\" >\n\t\t\t<img loading=\"lazy\" decoding=\"async\" width=\"840\" height=\"472\" src=\"https:\/\/breville-nordic.com\/wp-content\/uploads\/2020\/01\/NEWYORK.jpg\" class=\"attachment-large size-large\" alt=\"\" srcset=\"https:\/\/breville-nordic.com\/wp-content\/uploads\/2020\/01\/NEWYORK.jpg 840w, https:\/\/breville-nordic.com\/wp-content\/uploads\/2020\/01\/NEWYORK-300x169.jpg 300w, https:\/\/breville-nordic.com\/wp-content\/uploads\/2020\/01\/NEWYORK-768x432.jpg 768w, https:\/\/breville-nordic.com\/wp-content\/uploads\/2020\/01\/NEWYORK-600x337.jpg 600w\" sizes=\"auto, (max-width: 840px) 100vw, 840px\" \/>\t\t\t\t\t\t\n\t\t\t\t\t<\/div>\n\t\t\t\t\t\t\t\t\n<style>\n#image_722660214 {\n  width: 100%;\n}\n<\/style>\n\t<\/div>\n\t\n\n\n     <\/div>\n\n     <div class=\"loading-spin dark large centered\"><\/div>\n\n\t<\/div>\n\n\n<div class=\"row\"  id=\"row-1597926785\">\n\n\n\t<div id=\"col-879412119\" class=\"col small-12 large-12\"  >\n\t\t\t\t<div class=\"col-inner dark\"  >\n\t\t\t\n\t\t\t\n\n<h5 class=\"lead\"><strong>Ta in k\u00e4nslan av New York med en design som inspireras av Manhattans ikoniska skyline och Lady Liberty. De sofistikerade, polerade svarta inslagen och detaljer i svart rostfritt st\u00e5l ger en touch av exklusiv Upper East Side-lyx. Med en bas som lyses upp likt Broadways ljus och ett vattenf\u00f6nster som speglar stadens puls, f\u00f6rvandlas rummet snabbt till en del av The Big Apple.<\/strong><\/h5>\n\n\t\t<\/div>\n\t\t\t\t\t<\/div>\n\n\t\n\n<\/div>\n\n\t<section class=\"section dark\" id=\"section_68619154\">\n\t\t<div class=\"section-bg fill\" >\n\t\t\t\t\t\t\t\t\t\n\t\t\t\n\n\t\t<\/div>\n\n\t\t\n\n\t\t<div class=\"section-content relative\">\n\t\t\t\n\n<div class=\"container section-title-container\" ><h3 class=\"section-title section-title-center\"><b aria-hidden=\"true\"><\/b><span class=\"section-title-main\" >Produkter fr\u00e5n serien NEW York<\/span><b aria-hidden=\"true\"><\/b><\/h3><\/div>\n\n\t\n  \n    <div class=\"row large-columns-4 medium-columns-3 small-columns-2 row-small\" >\n  <\/div>\n\n<div class=\"container section-title-container\" ><h3 class=\"section-title section-title-center\"><b aria-hidden=\"true\"><\/b><span class=\"section-title-main\" >ANDRA SERIER<\/span><b aria-hidden=\"true\"><\/b><\/h3><\/div>\n\n\n  \n    <div class=\"row large-columns-4 medium-columns-3 small-columns-2 row-small slider row-slider slider-nav-reveal\"  data-flickity-options='{&quot;imagesLoaded&quot;: true, &quot;groupCells&quot;: &quot;100%&quot;, &quot;dragThreshold&quot; : 5, &quot;cellAlign&quot;: &quot;left&quot;,&quot;wrapAround&quot;: true,&quot;prevNextButtons&quot;: true,&quot;percentPosition&quot;: true,&quot;pageDots&quot;: false, &quot;rightToLeft&quot;: false, &quot;autoPlay&quot; : false}' >\n\n  <\/div>\n\n<div class=\"container section-title-container\" ><h3 class=\"section-title section-title-center\"><b aria-hidden=\"true\"><\/b><span class=\"section-title-main\" >L\u00e5t dig inspireras<\/span><b aria-hidden=\"true\"><\/b><\/h3><\/div>\n\n\n\t\t<\/div>\n\n\t\t\n<style>\n#section_68619154 {\n  padding-top: 0px;\n  padding-bottom: 0px;\n  background-color: rgb(27, 27, 27);\n}\n<\/style>\n\t<\/section>\n\t\n\n\n<stock-price-service-widget><\/stock-price-service-widget>\n\n<style>\n.product-small .box-text{\ntext-align:left!important;\n}\n<\/style>\n\n\n  \n    <div class=\"row large-columns-3 medium-columns- small-columns-1 row-small slider row-slider slider-nav-reveal\"  data-flickity-options='{&quot;imagesLoaded&quot;: true, &quot;groupCells&quot;: &quot;100%&quot;, &quot;dragThreshold&quot; : 5, &quot;cellAlign&quot;: &quot;left&quot;,&quot;wrapAround&quot;: true,&quot;prevNextButtons&quot;: true,&quot;percentPosition&quot;: true,&quot;pageDots&quot;: false, &quot;rightToLeft&quot;: false, &quot;autoPlay&quot; : false}' >\n\n  <div class=\"col post-item\" >\n\t\t\t<div class=\"col-inner\">\n\t\t\t\t<div class=\"box box-push box-text-bottom box-blog-post has-hover\">\n            \t\t\t\t\t<div class=\"box-image\" >\n  \t\t\t\t\t\t<div class=\"image-cover\" style=\"padding-top:100%;\">\n\t\t\t\t\t\t\t<a href=\"https:\/\/breville-nordic.com\/no\/olika-sorters-te\/\" class=\"plain\" aria-label=\"Ulike typer te\">\n\t\t\t\t\t\t\t\t<img loading=\"lazy\" decoding=\"async\" width=\"300\" height=\"169\" src=\"https:\/\/breville-nordic.com\/wp-content\/uploads\/2020\/01\/Te1-300x169.jpg\" class=\"attachment-medium size-medium wp-post-image\" alt=\"\" srcset=\"https:\/\/breville-nordic.com\/wp-content\/uploads\/2020\/01\/Te1-300x169.jpg 300w, https:\/\/breville-nordic.com\/wp-content\/uploads\/2020\/01\/Te1-1024x576.jpg 1024w, https:\/\/breville-nordic.com\/wp-content\/uploads\/2020\/01\/Te1-768x432.jpg 768w, https:\/\/breville-nordic.com\/wp-content\/uploads\/2020\/01\/Te1-1536x864.jpg 1536w, https:\/\/breville-nordic.com\/wp-content\/uploads\/2020\/01\/Te1-2048x1152.jpg 2048w, https:\/\/breville-nordic.com\/wp-content\/uploads\/2020\/01\/Te1-600x338.jpg 600w\" sizes=\"auto, (max-width: 300px) 100vw, 300px\" \/>\t\t\t\t\t\t\t<\/a>\n  \t\t\t\t\t\t\t  \t\t\t\t\t\t\t  \t\t\t\t\t\t<\/div>\n  \t\t\t\t\t\t  \t\t\t\t\t<\/div>\n          \t\t\t\t\t<div class=\"box-text text-center\" >\n\t\t\t\t\t<div class=\"box-text-inner blog-post-inner\">\n\n\t\t\t\t\t\n\t\t\t\t\t\t\t\t\t\t<h5 class=\"post-title is-large uppercase\">\n\t\t\t\t\t\t<a href=\"https:\/\/breville-nordic.com\/no\/olika-sorters-te\/\" class=\"plain\">Ulike typer te<\/a>\n\t\t\t\t\t<\/h5>\n\t\t\t\t\t\t\t\t\t\t<div class=\"is-divider\"><\/div>\n\t\t\t\t\t\t\t\t\t\t<p class=\"from_the_blog_excerpt \">\n\t\t\t\t\t\tVisste du at all \u00abekte\u00bb te kommer fra samme plante, nemlig tebusken (camellia sinensis)? Ulikhetene og klassifiseringen av te avhenger av hvordan plantens teblader bearbeides...\t\t\t\t\t<\/p>\n\t\t\t\t\t                    \n\t\t\t\t\t\n\t\t\t\t\t\n\t\t\t\t\t<\/div>\n\t\t\t\t\t<\/div>\n\t\t\t\t\t\t\t\t\t<\/div>\n\t\t\t<\/div>\n\t\t<\/div><\/div>\n\n\n","protected":false},"excerpt":{"rendered":"","protected":false},"author":1,"featured_media":3398,"parent":0,"menu_order":0,"comment_status":"closed","ping_status":"closed","template":"page-blank.php","meta":{"_acf_changed":false,"footnotes":""},"class_list":["post-4186","page","type-page","status-publish","has-post-thumbnail","hentry"],"acf":[],"_links":{"self":[{"href":"https:\/\/breville-nordic.com\/no\/wp-json\/wp\/v2\/pages\/4186","targetHints":{"allow":["GET"]}}],"collection":[{"href":"https:\/\/breville-nordic.com\/no\/wp-json\/wp\/v2\/pages"}],"about":[{"href":"https:\/\/breville-nordic.com\/no\/wp-json\/wp\/v2\/types\/page"}],"author":[{"embeddable":true,"href":"https:\/\/breville-nordic.com\/no\/wp-json\/wp\/v2\/users\/1"}],"replies":[{"embeddable":true,"href":"https:\/\/breville-nordic.com\/no\/wp-json\/wp\/v2\/comments?post=4186"}],"version-history":[{"count":22,"href":"https:\/\/breville-nordic.com\/no\/wp-json\/wp\/v2\/pages\/4186\/revisions"}],"predecessor-version":[{"id":10301,"href":"https:\/\/breville-nordic.com\/no\/wp-json\/wp\/v2\/pages\/4186\/revisions\/10301"}],"wp:featuredmedia":[{"embeddable":true,"href":"https:\/\/breville-nordic.com\/no\/wp-json\/wp\/v2\/media\/3398"}],"wp:attachment":[{"href":"https:\/\/breville-nordic.com\/no\/wp-json\/wp\/v2\/media?parent=4186"}],"curies":[{"name":"wp","href":"https:\/\/api.w.org\/{rel}","templated":true}]}}