{"id":3734,"date":"2020-01-21T11:12:31","date_gmt":"2020-01-21T10:12:31","guid":{"rendered":"https:\/\/breville-nordic.com\/produkt\/prima-latte-kaffemaskin-rod\/"},"modified":"2022-10-07T10:47:56","modified_gmt":"2022-10-07T08:47:56","slug":"prima-latte-kaffemaskin-rod","status":"publish","type":"product","link":"https:\/\/breville-nordic.com\/no\/produkt\/prima-latte-kaffemaskin-rod\/","title":{"rendered":"Prima Latte Kaffemaskin, r\u00f8d"},"content":{"rendered":"<div class=\"row align-middle\"  id=\"row-1377371076\">\n\n\t<div id=\"col-762312169\" class=\"col medium-6 small-12 large-6\"  >\n\t\t\t\t<div class=\"col-inner\"  >\n\t\t\t\n\t\t\t\n\t<div class=\"img has-hover x md-x lg-x y md-y lg-y\" id=\"image_847660780\">\n\t\t\t\t\t\t\t\t<div class=\"img-inner image-cover dark\" style=\"padding-top:300px;margin:0px 0px -25px 0px;\">\n\t\t\t<img loading=\"lazy\" decoding=\"async\" width=\"1020\" height=\"629\" src=\"https:\/\/breville-nordic.com\/wp-content\/uploads\/2019\/12\/BR203042_Inserting-Tank-1024x631.jpg\" class=\"attachment-large size-large\" alt=\"\" srcset=\"https:\/\/breville-nordic.com\/wp-content\/uploads\/2019\/12\/BR203042_Inserting-Tank-1024x631.jpg 1024w, https:\/\/breville-nordic.com\/wp-content\/uploads\/2019\/12\/BR203042_Inserting-Tank-300x185.jpg 300w, https:\/\/breville-nordic.com\/wp-content\/uploads\/2019\/12\/BR203042_Inserting-Tank-768x473.jpg 768w, https:\/\/breville-nordic.com\/wp-content\/uploads\/2019\/12\/BR203042_Inserting-Tank-1536x946.jpg 1536w, https:\/\/breville-nordic.com\/wp-content\/uploads\/2019\/12\/BR203042_Inserting-Tank-600x370.jpg 600w, https:\/\/breville-nordic.com\/wp-content\/uploads\/2019\/12\/BR203042_Inserting-Tank.jpg 1623w\" sizes=\"auto, (max-width: 1020px) 100vw, 1020px\" \/>\t\t\t\t\t\t\n\t\t\t\t\t<\/div>\n\t\t\t\t\t\t\t\t\n<style>\n#image_847660780 {\n  width: 100%;\n}\n<\/style>\n\t<\/div>\n\t\n\t\t<\/div>\n\t\t\t\t\t<\/div>\n\n\t\n\n\t<div id=\"col-1526679701\" class=\"col medium-6 small-12 large-6\"  >\n\t\t\t\t<div class=\"col-inner\"  >\n\t\t\t\n\t\t\t\n<h2>Alltid frodig og tykt skum til cappuccinoen<\/h2>\n<p>Uansett valg av melk leverer Breville Prima Latte med et trykk p\u00e5 15\u00a0bar et frodig og tykt skum hver gang. Melken helles i den integrerte og avtakbare beholderen p\u00e5 300\u00a0ml som enkelt kan oppbevares i kj\u00f8leskapet n\u00e5r den ikke brukes.<\/p>\n\t\t<\/div>\n\t\t\t\t\t<\/div>\n\n\t\n<\/div>\n<div class=\"is-divider divider clearfix\" style=\"max-width:100%;height:1px;\"><\/div>\n<div class=\"row align-middle\"  id=\"row-996385521\">\n\n\t<div id=\"col-1320700519\" class=\"col medium-6 small-12 large-6\"  >\n\t\t\t\t<div class=\"col-inner\"  >\n\t\t\t\n\t\t\t\n<h2>Ferdigmalt eller kaffeputer?<\/h2>\n<p>Med Brevilles Prima Latte kan du bruke ferdigmalt kaffe eller E.S.E-kaffeputer.<\/p>\n\t\t<\/div>\n\t\t\t\t\t<\/div>\n\n\t\n\n\t<div id=\"col-828848885\" class=\"col medium-6 small-12 large-6\"  >\n\t\t\t\t<div class=\"col-inner\"  >\n\t\t\t\n\t\t\t\n\t<div class=\"img has-hover x md-x lg-x y md-y lg-y\" id=\"image_1928032869\">\n\t\t\t\t\t\t\t\t<div class=\"img-inner image-cover dark\" style=\"padding-top:300px;\">\n\t\t\t<img loading=\"lazy\" decoding=\"async\" width=\"1020\" height=\"1020\" src=\"https:\/\/breville-nordic.com\/wp-content\/uploads\/2020\/01\/BR203042_Latte-Filters-1024x1024.jpg\" class=\"attachment-large size-large\" alt=\"\" srcset=\"https:\/\/breville-nordic.com\/wp-content\/uploads\/2020\/01\/BR203042_Latte-Filters-1024x1024.jpg 1024w, https:\/\/breville-nordic.com\/wp-content\/uploads\/2020\/01\/BR203042_Latte-Filters-300x300.jpg 300w, https:\/\/breville-nordic.com\/wp-content\/uploads\/2020\/01\/BR203042_Latte-Filters-150x150.jpg 150w, https:\/\/breville-nordic.com\/wp-content\/uploads\/2020\/01\/BR203042_Latte-Filters-768x768.jpg 768w, https:\/\/breville-nordic.com\/wp-content\/uploads\/2020\/01\/BR203042_Latte-Filters-1536x1536.jpg 1536w, https:\/\/breville-nordic.com\/wp-content\/uploads\/2020\/01\/BR203042_Latte-Filters-2048x2048.jpg 2048w, https:\/\/breville-nordic.com\/wp-content\/uploads\/2020\/01\/BR203042_Latte-Filters-600x600.jpg 600w, https:\/\/breville-nordic.com\/wp-content\/uploads\/2020\/01\/BR203042_Latte-Filters-100x100.jpg 100w\" sizes=\"auto, (max-width: 1020px) 100vw, 1020px\" \/>\t\t\t\t\t\t\n\t\t\t\t\t<\/div>\n\t\t\t\t\t\t\t\t\n<style>\n#image_1928032869 {\n  width: 100%;\n}\n<\/style>\n\t<\/div>\n\t\n\t\t<\/div>\n\t\t\t\t\t<\/div>\n\n\t\n<\/div>\n<div class=\"container section-title-container\" ><h3 class=\"section-title section-title-center\"><b aria-hidden=\"true\"><\/b><span class=\"section-title-main\" >Ta en titt p\u00e5 disse produktene<\/span><b aria-hidden=\"true\"><\/b><\/h3><\/div>\n\t\n  \n    <div class=\"row  equalize-box large-columns-4 medium-columns-3 small-columns-2 row-small slider row-slider slider-nav-reveal slider-nav-push\"  data-flickity-options='{&quot;imagesLoaded&quot;: true, &quot;groupCells&quot;: &quot;100%&quot;, &quot;dragThreshold&quot; : 5, &quot;cellAlign&quot;: &quot;left&quot;,&quot;wrapAround&quot;: true,&quot;prevNextButtons&quot;: true,&quot;percentPosition&quot;: true,&quot;pageDots&quot;: false, &quot;rightToLeft&quot;: false, &quot;autoPlay&quot; : false}' >\n\n  \n\t     <div class=\"product-small col has-hover product type-product post-4995 status-publish first instock product_cat-kaffemaskiner-no has-post-thumbnail taxable shipping-taxable product-type-external\">\n\t<div class=\"col-inner\">\n\t\n<div class=\"badge-container absolute left top z-1\">\n\n<\/div>\n\t<div class=\"product-small box \">\n\t\t<div class=\"box-image\">\n\t\t\t<div class=\"image-zoom\">\n\t\t\t\t<a href=\"https:\/\/breville-nordic.com\/no\/produkt\/bijou-barista\/\">\n\t\t\t\t\t<img loading=\"lazy\" decoding=\"async\" width=\"300\" height=\"300\" src=\"https:\/\/breville-nordic.com\/wp-content\/uploads\/2021\/09\/VCF149_Breville_Bijou-Espresso_Coffee_Bijou_Front-View-with-2--300x300.jpeg\" class=\"attachment-woocommerce_thumbnail size-woocommerce_thumbnail\" alt=\"Bijou Barista\" srcset=\"https:\/\/breville-nordic.com\/wp-content\/uploads\/2021\/09\/VCF149_Breville_Bijou-Espresso_Coffee_Bijou_Front-View-with-2--300x300.jpeg 300w, https:\/\/breville-nordic.com\/wp-content\/uploads\/2021\/09\/VCF149_Breville_Bijou-Espresso_Coffee_Bijou_Front-View-with-2--1024x1024.jpeg 1024w, https:\/\/breville-nordic.com\/wp-content\/uploads\/2021\/09\/VCF149_Breville_Bijou-Espresso_Coffee_Bijou_Front-View-with-2--150x150.jpeg 150w, https:\/\/breville-nordic.com\/wp-content\/uploads\/2021\/09\/VCF149_Breville_Bijou-Espresso_Coffee_Bijou_Front-View-with-2--768x768.jpeg 768w, https:\/\/breville-nordic.com\/wp-content\/uploads\/2021\/09\/VCF149_Breville_Bijou-Espresso_Coffee_Bijou_Front-View-with-2--600x600.jpeg 600w, https:\/\/breville-nordic.com\/wp-content\/uploads\/2021\/09\/VCF149_Breville_Bijou-Espresso_Coffee_Bijou_Front-View-with-2--100x100.jpeg 100w, https:\/\/breville-nordic.com\/wp-content\/uploads\/2021\/09\/VCF149_Breville_Bijou-Espresso_Coffee_Bijou_Front-View-with-2-.jpeg 1200w\" sizes=\"auto, (max-width: 300px) 100vw, 300px\" \/>\t\t\t\t<\/a>\n\t\t\t<\/div>\n\t\t\t<div class=\"image-tools is-small top right show-on-hover\">\n\t\t\t\t\t\t\t<\/div>\n\t\t\t<div class=\"image-tools is-small hide-for-small bottom left show-on-hover\">\n\t\t\t\t\t\t\t<\/div>\n\t\t\t<div class=\"image-tools grid-tools text-center hide-for-small bottom hover-slide-in show-on-hover\">\n\t\t\t\t\t\t\t<\/div>\n\t\t\t\t\t<\/div>\n\n\t\t<div class=\"box-text box-text-products\">\n\t\t\t<div class=\"title-wrapper\"><p class=\"name product-title woocommerce-loop-product__title\"><a href=\"https:\/\/breville-nordic.com\/no\/produkt\/bijou-barista\/\" class=\"woocommerce-LoopProduct-link woocommerce-loop-product__link\">Bijou Barista<\/a><\/p><\/div><div class=\"price-wrapper\"><stock-price-element-widget product-id=\"\" align=\"left\"><\/stock-price-element-widget><\/div><a href=\"https:\/\/breville-nordic.com\/no\/produkt\/bijou-barista\/\" class=\"btn-wh-product\">K\u00f6p<\/a>\t\t<\/div>\n\t<\/div>\n\t\t<\/div>\n<\/div><div class=\"product-small col has-hover product type-product post-3717 status-publish instock product_cat-kaffemaskiner-no product_tag-barista-no product_tag-cappuccino-no product_tag-espresso-no product_tag-kaffe-no product_tag-latte-no has-post-thumbnail taxable shipping-taxable product-type-external\">\n\t<div class=\"col-inner\">\n\t\n<div class=\"badge-container absolute left top z-1\">\n\n<\/div>\n\t<div class=\"product-small box \">\n\t\t<div class=\"box-image\">\n\t\t\t<div class=\"image-zoom\">\n\t\t\t\t<a href=\"https:\/\/breville-nordic.com\/no\/produkt\/barista-espresso-max-kaffemaskin\/\">\n\t\t\t\t\t<img loading=\"lazy\" decoding=\"async\" width=\"300\" height=\"300\" src=\"https:\/\/breville-nordic.com\/wp-content\/uploads\/2021\/09\/BR203064-Barista-max-1-e1579616084408-300x300.jpg\" class=\"attachment-woocommerce_thumbnail size-woocommerce_thumbnail\" alt=\"Barista Espresso Max Kaffemaskin\" srcset=\"https:\/\/breville-nordic.com\/wp-content\/uploads\/2021\/09\/BR203064-Barista-max-1-e1579616084408-300x300.jpg 300w, https:\/\/breville-nordic.com\/wp-content\/uploads\/2021\/09\/BR203064-Barista-max-1-e1579616084408-150x150.jpg 150w, https:\/\/breville-nordic.com\/wp-content\/uploads\/2021\/09\/BR203064-Barista-max-1-e1579616084408-768x768.jpg 768w, https:\/\/breville-nordic.com\/wp-content\/uploads\/2021\/09\/BR203064-Barista-max-1-e1579616084408-600x600.jpg 600w, https:\/\/breville-nordic.com\/wp-content\/uploads\/2021\/09\/BR203064-Barista-max-1-e1579616084408-100x100.jpg 100w, https:\/\/breville-nordic.com\/wp-content\/uploads\/2021\/09\/BR203064-Barista-max-1-e1579616084408.jpg 1009w\" sizes=\"auto, (max-width: 300px) 100vw, 300px\" \/>\t\t\t\t<\/a>\n\t\t\t<\/div>\n\t\t\t<div class=\"image-tools is-small top right show-on-hover\">\n\t\t\t\t\t\t\t<\/div>\n\t\t\t<div class=\"image-tools is-small hide-for-small bottom left show-on-hover\">\n\t\t\t\t\t\t\t<\/div>\n\t\t\t<div class=\"image-tools grid-tools text-center hide-for-small bottom hover-slide-in show-on-hover\">\n\t\t\t\t\t\t\t<\/div>\n\t\t\t\t\t<\/div>\n\n\t\t<div class=\"box-text box-text-products\">\n\t\t\t<div class=\"title-wrapper\"><p class=\"name product-title woocommerce-loop-product__title\"><a href=\"https:\/\/breville-nordic.com\/no\/produkt\/barista-espresso-max-kaffemaskin\/\" class=\"woocommerce-LoopProduct-link woocommerce-loop-product__link\">Barista Espresso Max Kaffemaskin<\/a><\/p><\/div><div class=\"price-wrapper\"><stock-price-element-widget product-id=\"\" align=\"left\"><\/stock-price-element-widget><\/div><a href=\"https:\/\/breville-nordic.com\/no\/produkt\/barista-espresso-max-kaffemaskin\/\" class=\"btn-wh-product\">K\u00f6p<\/a>\t\t<\/div>\n\t<\/div>\n\t\t<\/div>\n<\/div><div class=\"product-small col has-hover product type-product post-4988 status-publish instock product_cat-kaffemaskiner-no has-post-thumbnail taxable shipping-taxable product-type-external\">\n\t<div class=\"col-inner\">\n\t\n<div class=\"badge-container absolute left top z-1\">\n\n<\/div>\n\t<div class=\"product-small box \">\n\t\t<div class=\"box-image\">\n\t\t\t<div class=\"image-zoom\">\n\t\t\t\t<a href=\"https:\/\/breville-nordic.com\/no\/produkt\/barista-max-plus\/\">\n\t\t\t\t\t<img loading=\"lazy\" decoding=\"async\" width=\"300\" height=\"300\" src=\"https:\/\/breville-nordic.com\/wp-content\/uploads\/2021\/09\/BaristaMaxplus-300x300.jpg\" class=\"attachment-woocommerce_thumbnail size-woocommerce_thumbnail\" alt=\"Barista Max Plus\" srcset=\"https:\/\/breville-nordic.com\/wp-content\/uploads\/2021\/09\/BaristaMaxplus-300x300.jpg 300w, https:\/\/breville-nordic.com\/wp-content\/uploads\/2021\/09\/BaristaMaxplus-150x150.jpg 150w, https:\/\/breville-nordic.com\/wp-content\/uploads\/2021\/09\/BaristaMaxplus-768x768.jpg 768w, https:\/\/breville-nordic.com\/wp-content\/uploads\/2021\/09\/BaristaMaxplus-600x600.jpg 600w, https:\/\/breville-nordic.com\/wp-content\/uploads\/2021\/09\/BaristaMaxplus-100x100.jpg 100w, https:\/\/breville-nordic.com\/wp-content\/uploads\/2021\/09\/BaristaMaxplus.jpg 1009w\" sizes=\"auto, (max-width: 300px) 100vw, 300px\" \/>\t\t\t\t<\/a>\n\t\t\t<\/div>\n\t\t\t<div class=\"image-tools is-small top right show-on-hover\">\n\t\t\t\t\t\t\t<\/div>\n\t\t\t<div class=\"image-tools is-small hide-for-small bottom left show-on-hover\">\n\t\t\t\t\t\t\t<\/div>\n\t\t\t<div class=\"image-tools grid-tools text-center hide-for-small bottom hover-slide-in show-on-hover\">\n\t\t\t\t\t\t\t<\/div>\n\t\t\t\t\t<\/div>\n\n\t\t<div class=\"box-text box-text-products\">\n\t\t\t<div class=\"title-wrapper\"><p class=\"name product-title woocommerce-loop-product__title\"><a href=\"https:\/\/breville-nordic.com\/no\/produkt\/barista-max-plus\/\" class=\"woocommerce-LoopProduct-link woocommerce-loop-product__link\">Barista Max Plus<\/a><\/p><\/div><div class=\"price-wrapper\"><stock-price-element-widget product-id=\"\" align=\"left\"><\/stock-price-element-widget><\/div><a href=\"https:\/\/breville-nordic.com\/no\/produkt\/barista-max-plus\/\" class=\"btn-wh-product\">K\u00f6p<\/a>\t\t<\/div>\n\t<\/div>\n\t\t<\/div>\n<\/div><div class=\"product-small col has-hover product type-product post-4974 status-publish last instock product_cat-kaffemaskiner-no has-post-thumbnail taxable shipping-taxable product-type-external\">\n\t<div class=\"col-inner\">\n\t\n<div class=\"badge-container absolute left top z-1\">\n\n<\/div>\n\t<div class=\"product-small box \">\n\t\t<div class=\"box-image\">\n\t\t\t<div class=\"image-zoom\">\n\t\t\t\t<a href=\"https:\/\/breville-nordic.com\/no\/produkt\/prima-latte-iii-kaffemaskin-rod\/\">\n\t\t\t\t\t<img loading=\"lazy\" decoding=\"async\" width=\"300\" height=\"300\" src=\"https:\/\/breville-nordic.com\/wp-content\/uploads\/2021\/09\/VCF146X_BrevilleI_Grey_Product-Shot_Front-View-with-drink-300x300.jpg\" class=\"attachment-woocommerce_thumbnail size-woocommerce_thumbnail\" alt=\"Prima Latte III Kaffemaskin, r\u00f8d\" srcset=\"https:\/\/breville-nordic.com\/wp-content\/uploads\/2021\/09\/VCF146X_BrevilleI_Grey_Product-Shot_Front-View-with-drink-300x300.jpg 300w, https:\/\/breville-nordic.com\/wp-content\/uploads\/2021\/09\/VCF146X_BrevilleI_Grey_Product-Shot_Front-View-with-drink-150x150.jpg 150w, https:\/\/breville-nordic.com\/wp-content\/uploads\/2021\/09\/VCF146X_BrevilleI_Grey_Product-Shot_Front-View-with-drink-100x100.jpg 100w\" sizes=\"auto, (max-width: 300px) 100vw, 300px\" \/>\t\t\t\t<\/a>\n\t\t\t<\/div>\n\t\t\t<div class=\"image-tools is-small top right show-on-hover\">\n\t\t\t\t\t\t\t<\/div>\n\t\t\t<div class=\"image-tools is-small hide-for-small bottom left show-on-hover\">\n\t\t\t\t\t\t\t<\/div>\n\t\t\t<div class=\"image-tools grid-tools text-center hide-for-small bottom hover-slide-in show-on-hover\">\n\t\t\t\t\t\t\t<\/div>\n\t\t\t\t\t<\/div>\n\n\t\t<div class=\"box-text box-text-products\">\n\t\t\t<div class=\"title-wrapper\"><p class=\"name product-title woocommerce-loop-product__title\"><a href=\"https:\/\/breville-nordic.com\/no\/produkt\/prima-latte-iii-kaffemaskin-rod\/\" class=\"woocommerce-LoopProduct-link woocommerce-loop-product__link\">Prima Latte III Kaffemaskin, r\u00f8d<\/a><\/p><\/div><div class=\"price-wrapper\"><stock-price-element-widget product-id=\"\" align=\"left\"><\/stock-price-element-widget><\/div><a href=\"https:\/\/breville-nordic.com\/no\/produkt\/prima-latte-iii-kaffemaskin-rod\/\" class=\"btn-wh-product\">K\u00f6p<\/a>\t\t<\/div>\n\t<\/div>\n\t\t<\/div>\n<\/div><div class=\"product-small col has-hover product type-product post-3734 status-publish first instock product_cat-kaffemaskiner-no product_tag-cappuccino-no product_tag-espresso-no product_tag-kaffe-no product_tag-kaffemaskin-no has-post-thumbnail taxable shipping-taxable product-type-external\">\n\t<div class=\"col-inner\">\n\t\n<div class=\"badge-container absolute left top z-1\">\n\n<\/div>\n\t<div class=\"product-small box \">\n\t\t<div class=\"box-image\">\n\t\t\t<div class=\"image-zoom\">\n\t\t\t\t<a href=\"https:\/\/breville-nordic.com\/no\/produkt\/prima-latte-kaffemaskin-rod\/\">\n\t\t\t\t\t<img loading=\"lazy\" decoding=\"async\" width=\"300\" height=\"300\" src=\"https:\/\/breville-nordic.com\/wp-content\/uploads\/2020\/01\/BR203042_w-300x300.jpg\" class=\"attachment-woocommerce_thumbnail size-woocommerce_thumbnail\" alt=\"Prima Latte kaffemaskin i r\u00f6d f\u00e4rg fr\u00e5n Breville\" srcset=\"https:\/\/breville-nordic.com\/wp-content\/uploads\/2020\/01\/BR203042_w-300x300.jpg 300w, https:\/\/breville-nordic.com\/wp-content\/uploads\/2020\/01\/BR203042_w-150x150.jpg 150w, https:\/\/breville-nordic.com\/wp-content\/uploads\/2020\/01\/BR203042_w-768x768.jpg 768w, https:\/\/breville-nordic.com\/wp-content\/uploads\/2020\/01\/BR203042_w-600x600.jpg 600w, https:\/\/breville-nordic.com\/wp-content\/uploads\/2020\/01\/BR203042_w-100x100.jpg 100w, https:\/\/breville-nordic.com\/wp-content\/uploads\/2020\/01\/BR203042_w.jpg 800w\" sizes=\"auto, (max-width: 300px) 100vw, 300px\" \/>\t\t\t\t<\/a>\n\t\t\t<\/div>\n\t\t\t<div class=\"image-tools is-small top right show-on-hover\">\n\t\t\t\t\t\t\t<\/div>\n\t\t\t<div class=\"image-tools is-small hide-for-small bottom left show-on-hover\">\n\t\t\t\t\t\t\t<\/div>\n\t\t\t<div class=\"image-tools grid-tools text-center hide-for-small bottom hover-slide-in show-on-hover\">\n\t\t\t\t\t\t\t<\/div>\n\t\t\t\t\t<\/div>\n\n\t\t<div class=\"box-text box-text-products\">\n\t\t\t<div class=\"title-wrapper\"><p class=\"name product-title woocommerce-loop-product__title\"><a href=\"https:\/\/breville-nordic.com\/no\/produkt\/prima-latte-kaffemaskin-rod\/\" class=\"woocommerce-LoopProduct-link woocommerce-loop-product__link\">Prima Latte Kaffemaskin, r\u00f8d<\/a><\/p><\/div><div class=\"price-wrapper\"><stock-price-element-widget product-id=\"\" align=\"left\"><\/stock-price-element-widget><\/div><a href=\"https:\/\/breville-nordic.com\/no\/produkt\/prima-latte-kaffemaskin-rod\/\" class=\"btn-wh-product\">K\u00f6p<\/a>\t\t<\/div>\n\t<\/div>\n\t\t<\/div>\n<\/div><div class=\"product-small col has-hover product type-product post-4978 status-publish instock product_cat-kaffemaskiner-no has-post-thumbnail taxable shipping-taxable product-type-external\">\n\t<div class=\"col-inner\">\n\t\n<div class=\"badge-container absolute left top z-1\">\n\n<\/div>\n\t<div class=\"product-small box \">\n\t\t<div class=\"box-image\">\n\t\t\t<div class=\"image-zoom\">\n\t\t\t\t<a href=\"https:\/\/breville-nordic.com\/no\/produkt\/prima-latte-iii-kaffemaskin-svart\/\">\n\t\t\t\t\t<img loading=\"lazy\" decoding=\"async\" width=\"300\" height=\"300\" src=\"https:\/\/breville-nordic.com\/wp-content\/uploads\/2021\/09\/VCF146X_Breville_Grey_Product-Shot_Front-View-with-drink-300x300.jpg\" class=\"attachment-woocommerce_thumbnail size-woocommerce_thumbnail\" alt=\"Prima Latte III kaffemaskin i r\u00f6d f\u00e4rg fr\u00e5n Breville\" srcset=\"https:\/\/breville-nordic.com\/wp-content\/uploads\/2021\/09\/VCF146X_Breville_Grey_Product-Shot_Front-View-with-drink-300x300.jpg 300w, https:\/\/breville-nordic.com\/wp-content\/uploads\/2021\/09\/VCF146X_Breville_Grey_Product-Shot_Front-View-with-drink-1024x1024.jpg 1024w, https:\/\/breville-nordic.com\/wp-content\/uploads\/2021\/09\/VCF146X_Breville_Grey_Product-Shot_Front-View-with-drink-150x150.jpg 150w, https:\/\/breville-nordic.com\/wp-content\/uploads\/2021\/09\/VCF146X_Breville_Grey_Product-Shot_Front-View-with-drink-768x768.jpg 768w, https:\/\/breville-nordic.com\/wp-content\/uploads\/2021\/09\/VCF146X_Breville_Grey_Product-Shot_Front-View-with-drink-600x600.jpg 600w, https:\/\/breville-nordic.com\/wp-content\/uploads\/2021\/09\/VCF146X_Breville_Grey_Product-Shot_Front-View-with-drink-100x100.jpg 100w, https:\/\/breville-nordic.com\/wp-content\/uploads\/2021\/09\/VCF146X_Breville_Grey_Product-Shot_Front-View-with-drink.jpg 1200w\" sizes=\"auto, (max-width: 300px) 100vw, 300px\" \/>\t\t\t\t<\/a>\n\t\t\t<\/div>\n\t\t\t<div class=\"image-tools is-small top right show-on-hover\">\n\t\t\t\t\t\t\t<\/div>\n\t\t\t<div class=\"image-tools is-small hide-for-small bottom left show-on-hover\">\n\t\t\t\t\t\t\t<\/div>\n\t\t\t<div class=\"image-tools grid-tools text-center hide-for-small bottom hover-slide-in show-on-hover\">\n\t\t\t\t\t\t\t<\/div>\n\t\t\t\t\t<\/div>\n\n\t\t<div class=\"box-text box-text-products\">\n\t\t\t<div class=\"title-wrapper\"><p class=\"name product-title woocommerce-loop-product__title\"><a href=\"https:\/\/breville-nordic.com\/no\/produkt\/prima-latte-iii-kaffemaskin-svart\/\" class=\"woocommerce-LoopProduct-link woocommerce-loop-product__link\">Prima Latte III Kaffemaskin, svart<\/a><\/p><\/div><div class=\"price-wrapper\"><stock-price-element-widget product-id=\"\" align=\"left\"><\/stock-price-element-widget><\/div><a href=\"https:\/\/breville-nordic.com\/no\/produkt\/prima-latte-iii-kaffemaskin-svart\/\" class=\"btn-wh-product\">K\u00f6p<\/a>\t\t<\/div>\n\t<\/div>\n\t\t<\/div>\n<\/div><\/div>\n<div class=\"container section-title-container\" ><h3 class=\"section-title section-title-center\"><b aria-hidden=\"true\"><\/b><span class=\"section-title-main\" >Finn inspirasjon<\/span><b aria-hidden=\"true\"><\/b><\/h3><\/div>\n\n  \n    <div class=\"row large-columns-3 medium-columns-1 small-columns-1 slider row-slider slider-nav-reveal\"  data-flickity-options='{&quot;imagesLoaded&quot;: true, &quot;groupCells&quot;: &quot;100%&quot;, &quot;dragThreshold&quot; : 5, &quot;cellAlign&quot;: &quot;left&quot;,&quot;wrapAround&quot;: true,&quot;prevNextButtons&quot;: true,&quot;percentPosition&quot;: true,&quot;pageDots&quot;: false, &quot;rightToLeft&quot;: false, &quot;autoPlay&quot; : false}' >\n\n  <\/div>\n","protected":false},"excerpt":{"rendered":"<p><b>Prima Latte er en kaffemaskin med flere spennende funksjoner. De automatiske modiene passer perfekt for en enkel eller dobbel espresso, cappuccino eller latte. <\/b><\/p>\n<p>Prima Latte er en kaffemaskin med flere spennende funksjoner. De automatiske modiene passer perfekt for en enkel eller dobbel espresso, cappuccino eller latte, mens den manuelle modusen lar deg skreddersy kaffen etter personlig smak. Til forskjell fra mange andre kaffemaskiner kan Prima Latte bruke ulike typer melk, fra soyamelk til helmelk. Med et \u00e5pent filtersystem kan du brygge kaffen ved \u00e5 bruke E.S.E-kaffeputer eller vanlig malt kaffe. Uansett valg av melk leverer Breville Prima Latte med et trykk p\u00e5 15 bar et frodig og tykt skum hver gang. Melken helles i den integrerte og avtakbare beholderen p\u00e5 300 ml som enkelt kan oppbevares i kj\u00f8leskapet n\u00e5r den ikke brukes. Den avtakbare vanntanken rommer 1,5 liter og er enkel \u00e5 rengj\u00f8re.<br \/>\nVelg kaffetype med enkel knappetrykking:<\/p>\n<ul>\n<li>Enkel eller dobbel cappuccino<\/li>\n<li>Enkel eller dobbel espresso<\/li>\n<li>Enkel eller dobbel latte<\/li>\n<li>Manuell modus for \u00e5 skreddersy kaffen<\/li>\n<li>Modus for bare skum<\/li>\n<li>Kompatibel med E.S.E-kaffeputer<\/li>\n<li>Enkelt rengj\u00f8ringsprogram<\/li>\n<\/ul>\n","protected":false},"featured_media":3245,"template":"","meta":{"_acf_changed":false},"product_brand":[],"product_cat":[107],"product_tag":[109,110,111,115],"class_list":{"0":"post-3734","1":"product","2":"type-product","3":"status-publish","4":"has-post-thumbnail","6":"product_cat-kaffemaskiner-no","7":"product_tag-cappuccino-no","8":"product_tag-espresso-no","9":"product_tag-kaffe-no","10":"product_tag-kaffemaskin-no","12":"","13":"instock","14":"taxable","15":"shipping-taxable","16":"product-type-external"},"acf":[],"_links":{"self":[{"href":"https:\/\/breville-nordic.com\/no\/wp-json\/wp\/v2\/product\/3734","targetHints":{"allow":["GET"]}}],"collection":[{"href":"https:\/\/breville-nordic.com\/no\/wp-json\/wp\/v2\/product"}],"about":[{"href":"https:\/\/breville-nordic.com\/no\/wp-json\/wp\/v2\/types\/product"}],"wp:featuredmedia":[{"embeddable":true,"href":"https:\/\/breville-nordic.com\/no\/wp-json\/wp\/v2\/media\/3245"}],"wp:attachment":[{"href":"https:\/\/breville-nordic.com\/no\/wp-json\/wp\/v2\/media?parent=3734"}],"wp:term":[{"taxonomy":"product_brand","embeddable":true,"href":"https:\/\/breville-nordic.com\/no\/wp-json\/wp\/v2\/product_brand?post=3734"},{"taxonomy":"product_cat","embeddable":true,"href":"https:\/\/breville-nordic.com\/no\/wp-json\/wp\/v2\/product_cat?post=3734"},{"taxonomy":"product_tag","embeddable":true,"href":"https:\/\/breville-nordic.com\/no\/wp-json\/wp\/v2\/product_tag?post=3734"}],"curies":[{"name":"wp","href":"https:\/\/api.w.org\/{rel}","templated":true}]}}