{"id":4978,"date":"2021-09-28T12:11:28","date_gmt":"2021-09-28T10:11:29","guid":{"rendered":"https:\/\/breville-nordic.com\/?post_type=product&#038;p=4978"},"modified":"2022-10-07T10:47:09","modified_gmt":"2022-10-07T08:47:09","slug":"prima-latte-iii-kaffemaskin-svart","status":"publish","type":"product","link":"https:\/\/breville-nordic.com\/no\/produkt\/prima-latte-iii-kaffemaskin-svart\/","title":{"rendered":"Prima Latte III Kaffemaskin, svart"},"content":{"rendered":"","protected":false},"excerpt":{"rendered":"<p>Prima Latte III er en automatisk kaffemaskin som med et par enkle knappetrykk gir deg like god espresso, cappuccino og latte som p\u00e5 kaf\u00e9. Displayet viser n\u00e5r maskinen er klar til bruk, og du kan velge mellom enkel og dobbel espresso. Du fyller enkelt vanlig malt kaffe i filteret eller bruker E.S.E. kaffekapsler. Du kan velge \u00e5 skumme flere ulike typer melk i den integrerte melkebeholderen: alt fra ertemelk og soyamelk til helmelk, og med et trykk p\u00e5 19 bar kan du f\u00e5 skummet akkurat slik du vil ha det. N\u00e5r maskinen m\u00e5 rengj\u00f8res, tennes et lys i displayet som viser det<\/p>\n<p>Med maskinen f\u00f8lger det filter til enkel og dobbel espresso samt E.S.E. kaffekapsler, melkekanne og rengj\u00f8ringssett.<\/p>\n<ul>\n<li>Forbedret portafilterh\u00e5ndtak med sperre<\/li>\n<li>Indikator som viser n\u00e5r vannet er varmt<\/li>\n<li>Enkel og dobbel st\u00f8rrelse beskrives med tall<\/li>\n<li>Rengj\u00f8ringssyklus som sier ifra n\u00e5r det er tid for rengj\u00f8ring<\/li>\n<li>Integrert melkeskummer<\/li>\n<\/ul>\n","protected":false},"featured_media":5202,"template":"","meta":{"_acf_changed":false},"product_brand":[],"product_cat":[107],"product_tag":[],"class_list":{"0":"post-4978","1":"product","2":"type-product","3":"status-publish","4":"has-post-thumbnail","6":"product_cat-kaffemaskiner-no","8":"first","9":"instock","10":"taxable","11":"shipping-taxable","12":"product-type-external"},"acf":[],"_links":{"self":[{"href":"https:\/\/breville-nordic.com\/no\/wp-json\/wp\/v2\/product\/4978","targetHints":{"allow":["GET"]}}],"collection":[{"href":"https:\/\/breville-nordic.com\/no\/wp-json\/wp\/v2\/product"}],"about":[{"href":"https:\/\/breville-nordic.com\/no\/wp-json\/wp\/v2\/types\/product"}],"wp:featuredmedia":[{"embeddable":true,"href":"https:\/\/breville-nordic.com\/no\/wp-json\/wp\/v2\/media\/5202"}],"wp:attachment":[{"href":"https:\/\/breville-nordic.com\/no\/wp-json\/wp\/v2\/media?parent=4978"}],"wp:term":[{"taxonomy":"product_brand","embeddable":true,"href":"https:\/\/breville-nordic.com\/no\/wp-json\/wp\/v2\/product_brand?post=4978"},{"taxonomy":"product_cat","embeddable":true,"href":"https:\/\/breville-nordic.com\/no\/wp-json\/wp\/v2\/product_cat?post=4978"},{"taxonomy":"product_tag","embeddable":true,"href":"https:\/\/breville-nordic.com\/no\/wp-json\/wp\/v2\/product_tag?post=4978"}],"curies":[{"name":"wp","href":"https:\/\/api.w.org\/{rel}","templated":true}]}}