{"id":4988,"date":"2021-09-28T12:21:49","date_gmt":"2021-09-28T10:21:49","guid":{"rendered":"https:\/\/breville-nordic.com\/produkt\/barista-max-plus\/"},"modified":"2022-10-07T10:46:18","modified_gmt":"2022-10-07T08:46:18","slug":"barista-max-plus","status":"publish","type":"product","link":"https:\/\/breville-nordic.com\/no\/produkt\/barista-max-plus\/","title":{"rendered":"Barista Max Plus"},"content":{"rendered":"<h2><strong>Bli din egen barista med Breville Barista Max Plus!<\/strong><\/h2>\n<ul>\n<li>LCD-display med kontroll over dosering, brygging og rengj\u00f8ring<\/li>\n<li>Innebygd kaffekvern<\/li>\n<li>Program for enkel espresso, dobbel espresso og manuell brygging<\/li>\n<li>Kraftig melkeskummer<\/li>\n<li>Forh\u00e5ndsinfusjon<\/li>\n<li>PID temperaturkontroll Thermoblock-oppvarming<\/li>\n<li>2,8 l avtakbar vanntank<\/li>\n<\/ul>\n<p>Med maskinen f\u00f8lger det filter til enkel og dobbel espresso samt melkekanne og rengj\u00f8ringssett.<\/p>\n<h2>PID Kontroll<\/h2>\n<p>En kaffemaskin med tradisjonell termostat har en tendens til \u00e5 brygge kaffen litt for kald eller litt for varm. For kaldt vann gir en underekstrahert kaffe med sur smak, og for varmt vann gir en overekstrahert kaffe med en bitter smak. En PID-kontroll sikrer at temperaturen blir jevnt varm for en perfekt og balansert espresso hver eneste gang.<\/p>\n<h2>Thermoblock technology<\/h2>\n<p>Thermoblock er en metallblokkering med innebygd varmeelement. N\u00e5r vannet renner gjennom, varmes det opp. Denne teknologien er raskere og i tillegg mer energieffektiv enn en plate, ettersom den bare varmer opp det vannet som du umiddelbart trenger.<\/p>\n<h2>Pre Infusion<\/h2>\n<p>Forh\u00e5ndsinfusjon inneb\u00e6rer at den malte kaffen forh\u00e5ndsbl\u00f8tes f\u00f8r selve bryggingen. Hensikten er at hele kaffens bredde skal utnyttes og at all smaken fra b\u00f8nnen blir med over i espressoen.<\/p>\n","protected":false},"excerpt":{"rendered":"<p>Barista Max Plus er en elegant hjemmabaristamaskin som gir deg en like god espresso som om du hadde bestilt den p\u00e5 kaf\u00e9. Med Barista Max Plus kan du lage b\u00e5de enkel og dobbel espresso med de forh\u00e5ndsvalgte programmene. Hvis du i stedet foretrekker en ristretto, lungo eller kanskje en americano, kan du enkelt bruke kj\u00f8r\/stopp-knappen til manuell brygging. Barista Max Plus har smart teknologi som sikrer perfekt balansert espresso hver eneste gang. LCD-displayet viser dosering og bryggetid og gir deg informasjon om n\u00e5r det er p\u00e5 tide \u00e5 rengj\u00f8re maskinen. Med forh\u00e5ndsinfusjon bl\u00f8tlegges kaffepucken f\u00f8r selve bryggingen starter, noe som sikrer at du f\u00e5r maksimal smak ut av kaffen. Maskinen har ogs\u00e5 PID temperaturkontroll, noe som s\u00f8rger for at temperaturen p\u00e5 vannet blir jevn for perfekt ekstraksjon. Thermoblock-teknologi varmer opp vannet utrolig raskt. Sv\u00e6rt energieffektivt, ettersom den bare varmer opp n\u00f8yaktig den vannmengden du trenger.<\/p>\n","protected":false},"featured_media":6124,"template":"","meta":{"_acf_changed":false},"product_brand":[],"product_cat":[107],"product_tag":[],"class_list":{"0":"post-4988","1":"product","2":"type-product","3":"status-publish","4":"has-post-thumbnail","6":"product_cat-kaffemaskiner-no","8":"first","9":"instock","10":"taxable","11":"shipping-taxable","12":"product-type-external"},"acf":[],"_links":{"self":[{"href":"https:\/\/breville-nordic.com\/no\/wp-json\/wp\/v2\/product\/4988","targetHints":{"allow":["GET"]}}],"collection":[{"href":"https:\/\/breville-nordic.com\/no\/wp-json\/wp\/v2\/product"}],"about":[{"href":"https:\/\/breville-nordic.com\/no\/wp-json\/wp\/v2\/types\/product"}],"wp:featuredmedia":[{"embeddable":true,"href":"https:\/\/breville-nordic.com\/no\/wp-json\/wp\/v2\/media\/6124"}],"wp:attachment":[{"href":"https:\/\/breville-nordic.com\/no\/wp-json\/wp\/v2\/media?parent=4988"}],"wp:term":[{"taxonomy":"product_brand","embeddable":true,"href":"https:\/\/breville-nordic.com\/no\/wp-json\/wp\/v2\/product_brand?post=4988"},{"taxonomy":"product_cat","embeddable":true,"href":"https:\/\/breville-nordic.com\/no\/wp-json\/wp\/v2\/product_cat?post=4988"},{"taxonomy":"product_tag","embeddable":true,"href":"https:\/\/breville-nordic.com\/no\/wp-json\/wp\/v2\/product_tag?post=4988"}],"curies":[{"name":"wp","href":"https:\/\/api.w.org\/{rel}","templated":true}]}}