{"id":9526,"date":"2023-09-26T10:03:32","date_gmt":"2023-09-26T08:03:32","guid":{"rendered":"https:\/\/breville-nordic.com\/?post_type=product&#038;p=9526"},"modified":"2025-08-11T13:23:16","modified_gmt":"2025-08-11T11:23:16","slug":"vdf127x-air-fryer-oven-kopia-2","status":"publish","type":"product","link":"https:\/\/breville-nordic.com\/no\/produkt\/vdf127x-air-fryer-oven-kopia-2\/","title":{"rendered":"VDF127X Air Fryer Oven (kopia)"},"content":{"rendered":"","protected":false},"excerpt":{"rendered":"<p><strong>Breville lanserer n\u00e5 en frityrsteker med en innebygd ovnsfunksjon for ulike bruksomr\u00e5der, slik at<br \/>\nmatlagingen blir enklere i hverdagen<\/strong><\/p>\n<p>Breville lanserer n\u00e5 en frityrsteker med en innebygd ovnsfunksjon for ulike bruksomr\u00e5der, slik at matlagingen blir enklere i hverdagen. Den har fire forh\u00e5ndsinnstilte programmer for tilberedning av kylling, kj\u00f8tt, pommes frites og gr\u00f8nnsaker. Du kan ogs\u00e5 justere tid og temperatur opptil 200 grader. Det er tre manuelle modi for frityrsteking, baking og t\u00f8rking i tillegg til de forh\u00e5ndsinnstilte<br \/>\nprogrammene. Dryppebrettet fanger opp overfl\u00f8dig fett og smuler, og det er lett \u00e5 dra ut brettet for \u00e5 rengj\u00f8re det. Luken er avtakbar, slik at det er enkelt \u00e5 holde frityrstekeren ren. Frityrstekeren<br \/>\nleveres med tre rister som gir 360-graders luftstr\u00f8m, en kurv som rommer 3,2 liter, et rotisserie-spyd og en rotisserie-gaffel. Rotisserie inneb\u00e6rer grilling med et roterende grillspyd. Rotisserie-spyd brukes for eksempel til \u00e5 grille en hel kylling eller stek for \u00e5 f\u00e5 jevn varme over det du velger \u00e5 tilberede. Hvis du vil frityrsteke og f\u00e5 jevn overflate p\u00e5 mindre matvarer, bruker du den roterende<br \/>\nkurven.<\/p>\n<ul>\n<li>Kombinert frityrsteker og ovn<\/li>\n<li>4 forh\u00e5ndsinnstilte programmer<\/li>\n<li>3 manuelle modi<\/li>\n<li>Avtakbar luke<\/li>\n<li>Rist<\/li>\n<li>Kurv<\/li>\n<li>Rotisserie-redskaper<\/li>\n<\/ul>\n","protected":false},"featured_media":9653,"template":"","meta":{"_acf_changed":false},"product_brand":[],"product_cat":[],"product_tag":[],"class_list":{"0":"post-9526","1":"product","2":"type-product","3":"status-publish","4":"has-post-thumbnail","7":"first","8":"instock","9":"taxable","10":"shipping-taxable","11":"product-type-external"},"acf":[],"_links":{"self":[{"href":"https:\/\/breville-nordic.com\/no\/wp-json\/wp\/v2\/product\/9526","targetHints":{"allow":["GET"]}}],"collection":[{"href":"https:\/\/breville-nordic.com\/no\/wp-json\/wp\/v2\/product"}],"about":[{"href":"https:\/\/breville-nordic.com\/no\/wp-json\/wp\/v2\/types\/product"}],"wp:featuredmedia":[{"embeddable":true,"href":"https:\/\/breville-nordic.com\/no\/wp-json\/wp\/v2\/media\/9653"}],"wp:attachment":[{"href":"https:\/\/breville-nordic.com\/no\/wp-json\/wp\/v2\/media?parent=9526"}],"wp:term":[{"taxonomy":"product_brand","embeddable":true,"href":"https:\/\/breville-nordic.com\/no\/wp-json\/wp\/v2\/product_brand?post=9526"},{"taxonomy":"product_cat","embeddable":true,"href":"https:\/\/breville-nordic.com\/no\/wp-json\/wp\/v2\/product_cat?post=9526"},{"taxonomy":"product_tag","embeddable":true,"href":"https:\/\/breville-nordic.com\/no\/wp-json\/wp\/v2\/product_tag?post=9526"}],"curies":[{"name":"wp","href":"https:\/\/api.w.org\/{rel}","templated":true}]}}